{"id":1022,"date":"2022-06-17T13:45:25","date_gmt":"2022-06-17T13:45:25","guid":{"rendered":"https:\/\/www.ibikecuneo.com\/eine-radtour-von-cuneo-nach-mondovi-vicoforte-und-chiusa-di-pesio\/"},"modified":"2023-02-08T16:30:10","modified_gmt":"2023-02-08T16:30:10","slug":"eine-radtour-von-cuneo-nach-mondovi-vicoforte-und-chiusa-di-pesio","status":"publish","type":"page","link":"https:\/\/www.ibikecuneo.com\/de\/routen\/eine-radtour-von-cuneo-nach-mondovi-vicoforte-und-chiusa-di-pesio\/","title":{"rendered":"Eine Radtour von Cuneo nach Mondov\u00ec, Vicoforte und Chiusa di Pesio"},"content":{"rendered":"\n\t<section class=\"section has-parallax\" id=\"section_635820770\">\n\t\t<div class=\"bg section-bg fill bg-fill  \" data-parallax-container=\".section\" data-parallax-background data-parallax=\"-3\">\n\n\t\t\t\n\t\t\t<div class=\"section-bg-overlay absolute fill\"><\/div>\n\t\t\t\n\t<div class=\"is-border\"\n\t\tstyle=\"border-color:rgb(235, 235, 235);border-width:1px 0px 0px 0px;\">\n\t<\/div>\n\n\t\t<\/div>\n\n\t\t\n\n\t\t<div class=\"section-content relative\">\n\t\t\t\n\n<div class=\"row row-large align-middle align-center\"  id=\"row-187699874\">\n\n\n\t<div id=\"col-1258834693\" class=\"col medium-8 small-12 large-8\"  >\n\t\t\t\t<div class=\"col-inner text-center dark\"  >\n\t\t\t\n\t\t\t\n\n<p>&nbsp;<\/p>\n<h2>Eine Radtour von Cuneo nach Mondov\u00ec, Vicoforte und Chiusa di Pesio<\/h2>\n<p>Natur, Kultur und Gastronomie sind die untrennbar miteinander verbundenen Highlights einer Radtour, die von CuneonachMondov\u00ec,indies\u00fcdlicheProvinzundwiederzur\u00fcck f\u00fchrt. Eine Rundfahrt zu herrlichen Naturschutzgebieten und sehenswerten Kulturst\u00e4dten am Fu\u00dfe der Alpen. Cuneo ist der Start- und Zielort dieser Radtour, die auch auf zwei Tage mit \u00dcbernachtung in Mondov\u00ec aufgeteilt werden kann, um sich keine der Sehensw\u00fcrdigkeiten entlang der Strecke entgehen zu lassen.<\/p>\n\n\t\t<\/div>\n\t\t\t\t\t<\/div>\n\n\t\n\n\t<div id=\"col-1617563990\" class=\"col medium-4 small-12 large-4\"  data-animate=\"flipInY\">\n\t\t\t\t<div class=\"col-inner text-left box-shadow-2 box-shadow-5-hover\" style=\"background-color:rgb(255, 255, 255);\" >\n\t\t\t\n\t\t\t\n\n\n\t\t<div class=\"icon-box featured-box icon-box-left text-left\"  style=\"margin:0px 0px 10px 0px;\">\n\t\t\t\t\t<div class=\"icon-box-img\" style=\"width: 50px\">\n\t\t\t\t<div class=\"icon\">\n\t\t\t\t\t<div class=\"icon-inner\" >\n\t\t\t\t\t\t<img width=\"64\" height=\"64\" src=\"https:\/\/www.ibikecuneo.com\/wp-content\/uploads\/2022\/06\/icons8-cycling-64.png\" class=\"attachment-medium size-medium\" alt=\"\" decoding=\"async\" loading=\"lazy\" \/>\t\t\t\t\t<\/div>\n\t\t\t\t<\/div>\n\t\t\t<\/div>\n\t\t\t\t<div class=\"icon-box-text last-reset\">\n\t\t\t<h5 class=\"uppercase\">L\u00e4nge<\/h5>\t\t\t\t\t\t\n\n<h4>102km<\/h4>\n\n\t\t<\/div>\n\t<\/div>\n\t\n\t\n\n\t\t<div class=\"icon-box featured-box icon-box-left text-left\"  style=\"margin:0px 0px 10px 0px;\">\n\t\t\t\t\t<div class=\"icon-box-img\" style=\"width: 50px\">\n\t\t\t\t<div class=\"icon\">\n\t\t\t\t\t<div class=\"icon-inner\" >\n\t\t\t\t\t\t<img width=\"64\" height=\"64\" src=\"https:\/\/www.ibikecuneo.com\/wp-content\/uploads\/2022\/06\/icons8-elevation-64.png\" class=\"attachment-medium size-medium\" alt=\"\" decoding=\"async\" loading=\"lazy\" \/>\t\t\t\t\t<\/div>\n\t\t\t\t<\/div>\n\t\t\t<\/div>\n\t\t\t\t<div class=\"icon-box-text last-reset\">\n\t\t\t<h5 class=\"uppercase\">Unterschied in der H\u00f6he<\/h5>\t\t\t\t\t\t\n\n<h4>1350m<\/h4>\n\n\t\t<\/div>\n\t<\/div>\n\t\n\t\n<a rel=\"noopener noreferrer\" href=\"https:\/\/www.bikeitalia.it\/wp-content\/uploads\/2021\/06\/Anello-3-Cuneo-Mondovi.zip\" target=\"_blank\" class=\"button primary is-primary is-medium\"  >\n    <span>DOWNLOAD TRACK<\/span>\n  <\/a>\n\n\n\n\t\t<\/div>\n\t\t\t\t\n<style>\n#col-1617563990 > .col-inner {\n  padding: 15px 15px 15px 15px;\n}\n<\/style>\n\t<\/div>\n\n\t\n\n<\/div>\n\n\t\t<\/div>\n\n\t\t\n<style>\n#section_635820770 {\n  padding-top: 75px;\n  padding-bottom: 75px;\n  min-height: 300px;\n  background-color: rgb(171, 171, 171);\n}\n#section_635820770 .section-bg-overlay {\n  background-color: rgba(0, 0, 0, 0.5);\n}\n#section_635820770 .section-bg.bg-loaded {\n  background-image: url(https:\/\/www.ibikecuneo.com\/wp-content\/uploads\/2022\/07\/img381.jpg);\n}\n#section_635820770 .section-bg {\n  background-position: 28% 91%;\n}\n#section_635820770 .ux-shape-divider--top svg {\n  height: 150px;\n  --divider-top-width: 100%;\n}\n#section_635820770 .ux-shape-divider--bottom svg {\n  height: 150px;\n  --divider-width: 100%;\n}\n<\/style>\n\t<\/section>\n\t\n\t<section class=\"section\" id=\"section_268269687\">\n\t\t<div class=\"bg section-bg fill bg-fill  bg-loaded\" >\n\n\t\t\t\n\t\t\t\n\t\t\t\n\n\t\t<\/div>\n\n\t\t\n\n\t\t<div class=\"section-content relative\">\n\t\t\t\n\n<div class=\"row\"  id=\"row-1409795646\">\n\n\n\t<div id=\"col-1982148053\" class=\"col small-12 large-12\"  >\n\t\t\t\t<div class=\"col-inner\"  >\n\t\t\t\n\t\t\t\n\n<h2>Segmenti<\/h2>\n<p class=\"lead shortcode-error text-center\">Sorry, no pages was found<\/p>  <style>\n    #pages-1316074249 .grid-col-1{height: 200px}\n    #pages-1316074249 .grid-col-1-2{height: 100px}\n    #pages-1316074249 .grid-col-1-3{height:66.666666666667px}\n    #pages-1316074249 .grid-col-2-3{height: 133.33333333333px}\n    #pages-1316074249 .grid-col-1-4{height: 50px}\n    #pages-1316074249 .grid-col-3-4{height: 150px}\n\n\n        \/* Tablet *\/\n    @media (max-width: 850px){\n      #pages-1316074249 .grid-col-1{height: 133.33333333333px}\n      #pages-1316074249 .grid-col-1-2{height: 66.666666666667px}\n      #pages-1316074249 .grid-col-1-3{height:44.444444444444px}\n      #pages-1316074249 .grid-col-2-3{height: 88.888888888889px}\n      #pages-1316074249 .grid-col-1-4{height: 33.333333333333px}\n      #pages-1316074249 .grid-col-3-4{height: 100px}\n    }\n    \n        \/* Mobile *\/\n    @media (max-width: 550px){\n      #pages-1316074249 .grid-col-1{height: 133.33333333333px}\n      #pages-1316074249 .grid-col-1-2{height: 66.666666666667px}\n      #pages-1316074249 .grid-col-1-3{height:44.444444444444px}\n      #pages-1316074249 .grid-col-2-3{height: 88.888888888889px}\n      #pages-1316074249 .grid-col-1-4{height: 33.333333333333px}\n      #pages-1316074249 .grid-col-3-4{height: 100px}\n    }\n    \n\n  <\/style>\n  \n  \n    <div id=\"pages-1316074249\" class=\"row row-grid\" data-packery-options='{\"itemSelector\": \".col\", \"gutter\": 0, \"presentageWidth\" : true}'>\n\n  <\/div>\n\n\n\t\t<\/div>\n\t\t\t\t\t<\/div>\n\n\t\n\n<\/div>\n\n\t\t<\/div>\n\n\t\t\n<style>\n#section_268269687 {\n  padding-top: 60px;\n  padding-bottom: 60px;\n}\n#section_268269687 .ux-shape-divider--top svg {\n  height: 150px;\n  --divider-top-width: 100%;\n}\n#section_268269687 .ux-shape-divider--bottom svg {\n  height: 150px;\n  --divider-width: 100%;\n}\n<\/style>\n\t<\/section>\n\t\n\t<section class=\"section\" id=\"section_9039778\">\n\t\t<div class=\"bg section-bg fill bg-fill  bg-loaded\" >\n\n\t\t\t\n\t\t\t\n\t\t\t\n\n\t\t<\/div>\n\n\t\t\n\n\t\t<div class=\"section-content relative\">\n\t\t\t\n\n<div class=\"row\"  id=\"row-2021445437\">\n\n\n\t<div id=\"col-329664958\" class=\"col small-12 large-12\"  >\n\t\t\t\t<div class=\"col-inner\"  >\n\t\t\t\n\t\t\t\n\n<h2>Karte<\/h2>\n\n\t\t<\/div>\n\t\t\t\t\t<\/div>\n\n\t\n\n<\/div>\n\n\n<iframe loading=\"lazy\" src=\"https:\/\/ibikecuneo.s3.eu-south-1.amazonaws.com\/percorso-3-feb22\/index.html\" width=\"100%\" height=\"600px\" frameborder=\"0\"><\/iframe>\n\n\n\t\t<\/div>\n\n\t\t\n<style>\n#section_9039778 {\n  padding-top: 0px;\n  padding-bottom: 0px;\n}\n#section_9039778 .ux-shape-divider--top svg {\n  height: 150px;\n  --divider-top-width: 100%;\n}\n#section_9039778 .ux-shape-divider--bottom svg {\n  height: 150px;\n  --divider-width: 100%;\n}\n<\/style>\n\t<\/section>\n\t\n\n","protected":false},"excerpt":{"rendered":"","protected":false},"author":1,"featured_media":0,"parent":1203,"menu_order":3,"comment_status":"closed","ping_status":"closed","template":"","meta":[],"_links":{"self":[{"href":"https:\/\/www.ibikecuneo.com\/de\/wp-json\/wp\/v2\/pages\/1022"}],"collection":[{"href":"https:\/\/www.ibikecuneo.com\/de\/wp-json\/wp\/v2\/pages"}],"about":[{"href":"https:\/\/www.ibikecuneo.com\/de\/wp-json\/wp\/v2\/types\/page"}],"author":[{"embeddable":true,"href":"https:\/\/www.ibikecuneo.com\/de\/wp-json\/wp\/v2\/users\/1"}],"replies":[{"embeddable":true,"href":"https:\/\/www.ibikecuneo.com\/de\/wp-json\/wp\/v2\/comments?post=1022"}],"version-history":[{"count":7,"href":"https:\/\/www.ibikecuneo.com\/de\/wp-json\/wp\/v2\/pages\/1022\/revisions"}],"predecessor-version":[{"id":1899,"href":"https:\/\/www.ibikecuneo.com\/de\/wp-json\/wp\/v2\/pages\/1022\/revisions\/1899"}],"up":[{"embeddable":true,"href":"https:\/\/www.ibikecuneo.com\/de\/wp-json\/wp\/v2\/pages\/1203"}],"wp:attachment":[{"href":"https:\/\/www.ibikecuneo.com\/de\/wp-json\/wp\/v2\/media?parent=1022"}],"curies":[{"name":"wp","href":"https:\/\/api.w.org\/{rel}","templated":true}]}}