{"id":1042,"date":"2022-06-17T13:56:23","date_gmt":"2022-06-17T13:56:23","guid":{"rendered":"https:\/\/www.ibikecuneo.com\/von-cuneo-zu-den-thermen-von-valdieri-eine-radtour-zwischen-natur-und-wellness\/die-koeniglichen-thermen-von-valdieri\/"},"modified":"2022-08-26T20:44:33","modified_gmt":"2022-08-26T20:44:33","slug":"die-koeniglichen-thermen-von-valdieri","status":"publish","type":"page","link":"https:\/\/www.ibikecuneo.com\/de\/routen\/von-cuneo-zu-den-thermen-von-valdieri-eine-radtour-zwischen-natur-und-wellness\/die-koeniglichen-thermen-von-valdieri\/","title":{"rendered":"Die k\u00f6niglichen Thermen von Valdieri"},"content":{"rendered":"\n  <div id=\"page-header-1415918588\" class=\"page-header-wrapper\">\n  <div class=\"page-title dark featured-title\">\n\n        <div class=\"page-title-bg\">\n      <div class=\"title-bg fill bg-fill\"\n        data-parallax-container=\".page-title\"\n        data-parallax-background\n        data-parallax=\"-\">\n      <\/div>\n      <div class=\"title-overlay fill\"><\/div>\n    <\/div>\n    \n    <div class=\"page-title-inner container align-center flex-row medium-flex-wrap\" >\n              <div class=\"title-wrapper flex-col text-left medium-text-center\">\n          <h1 class=\"entry-title mb-0\">\n            Die k\u00f6niglichen Thermen von Valdieri          <\/h1>\n        <\/div>\n                    <div class=\"title-content flex-col flex-right text-right medium-text-center\">\n        <div class=\"title-breadcrumbs pb-half pt-half\"><\/div>      <\/div>\n    <\/div>\n\n     \n<style>\n#page-header-1415918588 .page-title-inner {\n  min-height: 160px;\n}\n#page-header-1415918588 .title-bg {\n  background-image: url(https:\/\/www.ibikecuneo.com\/wp-content\/uploads\/2022\/07\/img423.jpg);\n}\n#page-header-1415918588 .title-overlay {\n  background-color: rgba(0,0,0,.5);\n}\n<\/style>\n  <\/div>\n    <\/div>\n  \n\n\t<section class=\"section\" id=\"section_666537315\">\n\t\t<div class=\"bg section-bg fill bg-fill  bg-loaded\" >\n\n\t\t\t\n\t\t\t\n\t\t\t\n\n\t\t<\/div>\n\n\t\t\n\n\t\t<div class=\"section-content relative\">\n\t\t\t\n\n<div class=\"row row-large row-divided\"  id=\"row-297434597\">\n\n\n\t<div id=\"col-112521702\" class=\"col medium-8 large-8\"  >\n\t\t\t\t<div class=\"col-inner\"  >\n\t\t\t\n\t\t\t\n\n<p>Nachdem man vom Abstecher nach Entracque zur\u00fcckgekehrt ist, setzt man die Tour fort, die zun\u00e4chst leicht bergab f\u00fchrt und anschlie\u00dfend ca. 6 Kilometer bis Sant\u2018AnnadiValdierileichtansteigt,dasauf978m\u00fc.d.M.liegt. Hier kann man ein dem Roggen gewidmetes \u00d6komuseum besichtigen und Wissenswertes \u00fcber die Geschichte dieses antiken Getreides und die damit verbundenen lokalen Traditionen erfahren. Auf der Wiederentdeckung der Traditionen und b\u00e4uerlichen Kultur basiert auch die Initiative sechs mutiger Unternehmerinnen, die mit ihrem Engagement der Landflucht entgegenwirken und neues Leben in die Ortschaft bringen wollen. Dank ihnen wird Sant\u2019Anna di Valdieri auch das \u201eDorf der Frauen\u201c genannt.<\/p>\n<p>Nach weiteren 6 Kilometern Fahrt gelangt man zu den k\u00f6niglichen Thermen von Valdieri (im Sommer sind sie auch mit der \u00f6ffentlichen Buslinie erreichbar, wobei die Fahrr\u00e4der kostenlos im Gep\u00e4ckraum des Busses transportiert werden k\u00f6nnen). Es handelt sich um nat\u00fcrliche, warme Schwefelwasserquellen, die \u00fcber antioxidative, reinigende, lindernde und regenerative Eigenschaften verf\u00fcgen und deren Geschichte weit in die Vergangenheit zur\u00fcckreicht. Bereits im 16.Jh. wurde hier eine erste Therme errichtet und im 18.Jh. beschloss K\u00f6nig Carlo Emanuele III., an den wertvollen Quellen ein gro\u00dfes Geb\u00e4ude errichten zu lassen, das \u201eRegio Baraccone\u201c genannt wurde. Im 19. Jh. wurden die Heilquellen von Valdieri zu den Thermen des K\u00f6nigshauses Savoyen. K\u00f6nig Vittorio Emanuele II., aus dem Gebiet ein k\u00f6nigliches Jagdrevier zu machen und lie\u00df in der Umgebung mehrere Sommerresidenzen errichten. Damit konnte der Schutz des Naturgebietes zus\u00e4tzlich gewahrt werden.<\/p>\n\t<div class=\"img has-hover x md-x lg-x y md-y lg-y\" id=\"image_2116955863\">\n\t\t<a class=\"image-lightbox lightbox-gallery\" title=\"\" href=\"https:\/\/www.ibikecuneo.com\/wp-content\/uploads\/2022\/07\/img423-1024x568.jpg\">\t\t\t\t\t\t<div class=\"img-inner dark\" >\n\t\t\t<img width=\"1020\" height=\"566\" src=\"https:\/\/www.ibikecuneo.com\/wp-content\/uploads\/2022\/07\/img423-1024x568.jpg\" class=\"attachment-large size-large\" alt=\"\" decoding=\"async\" loading=\"lazy\" srcset=\"https:\/\/www.ibikecuneo.com\/wp-content\/uploads\/2022\/07\/img423-1024x568.jpg 1024w, https:\/\/www.ibikecuneo.com\/wp-content\/uploads\/2022\/07\/img423-300x166.jpg 300w, https:\/\/www.ibikecuneo.com\/wp-content\/uploads\/2022\/07\/img423-768x426.jpg 768w, https:\/\/www.ibikecuneo.com\/wp-content\/uploads\/2022\/07\/img423.jpg 1166w\" sizes=\"(max-width: 1020px) 100vw, 1020px\" \/>\t\t\t\t\t\t\n\t\t\t\t\t<\/div>\n\t\t\t\t\t\t<\/a>\t\t\n<style>\n#image_2116955863 {\n  width: 100%;\n}\n<\/style>\n\t<\/div>\n\t\n\n\n\t\t<\/div>\n\t\t\t\t\t<\/div>\n\n\t\n\n\t<div id=\"col-1451022860\" class=\"col medium-4 large-4\"  >\n\t\t\t\t<div class=\"col-inner\"  >\n\t\t\t\n\t\t\t\n\n<div class=\"row row-collapse row-full-width\"  id=\"row-1496830925\">\n\n\n\t<div id=\"col-1544804295\" class=\"col small-12 large-12\"  >\n\t\t\t\t<div class=\"col-inner\"  >\n\t\t\t\n\t\t\t\n\n\t<div id=\"text-3800764720\" class=\"text\">\n\t\t\n\n<h4>Von Cuneo zu den Thermen von Valdieri, eine Radtour zwischen Natur und Wellness<\/h4>\n<h5>Segmente<\/h5>\n\t\t\n<style>\n#text-3800764720 {\n  line-height: 1.2;\n}\n<\/style>\n\t<\/div>\n\t\n\t<div class=\"ux-menu stack stack-col justify-start ux-menu--divider-solid\">\n\t\t\n\n\t<div class=\"ux-menu-link flex menu-item\">\n\t\t<a class=\"ux-menu-link__link flex\" href=\"https:\/\/www.ibikecuneo.com\/percorsi\/da-cuneo-alle-terme-di-valdieri-pedalare-tra-natura-e-benessere\/da-cuneo-alla-valle-stura\/\"  >\n\t\t\t\t\t\t<span class=\"ux-menu-link__text\">\n\t\t\t\tVon Cuneo ins Stura-Tal\t\t\t<\/span>\n\t\t<\/a>\n\t<\/div>\n\t\n\n\t<div class=\"ux-menu-link flex menu-item\">\n\t\t<a class=\"ux-menu-link__link flex\" href=\"https:\/\/www.ibikecuneo.com\/percorsi\/da-cuneo-alle-terme-di-valdieri-pedalare-tra-natura-e-benessere\/gaiola-e-il-rafting\/\"  >\n\t\t\t\t\t\t<span class=\"ux-menu-link__text\">\n\t\t\t\tRafting in Gaiola\t\t\t<\/span>\n\t\t<\/a>\n\t<\/div>\n\t\n\n\t<div class=\"ux-menu-link flex menu-item\">\n\t\t<a class=\"ux-menu-link__link flex\" href=\"https:\/\/www.ibikecuneo.com\/percorsi\/da-cuneo-alle-terme-di-valdieri-pedalare-tra-natura-e-benessere\/entracque-borgo-di-villeggiatura\/\"  >\n\t\t\t\t\t\t<span class=\"ux-menu-link__text\">\n\t\t\t\tEntracque, ein traditionsreicher Ferienort\t\t\t<\/span>\n\t\t<\/a>\n\t<\/div>\n\t\n\n\t<div class=\"ux-menu-link flex menu-item\">\n\t\t<a class=\"ux-menu-link__link flex\" href=\"https:\/\/www.ibikecuneo.com\/percorsi\/da-cuneo-alle-terme-di-valdieri-pedalare-tra-natura-e-benessere\/centro-faunistico-uomini-e-lupi\/\"  >\n\t\t\t\t\t\t<span class=\"ux-menu-link__text\">\n\t\t\t\tWildpark Uomini e Lupi (Mensch und Wolf)\t\t\t<\/span>\n\t\t<\/a>\n\t<\/div>\n\t\n\n\t<div class=\"ux-menu-link flex menu-item\">\n\t\t<a class=\"ux-menu-link__link flex\" href=\"https:\/\/www.ibikecuneo.com\/percorsi\/da-cuneo-alle-terme-di-valdieri-pedalare-tra-natura-e-benessere\/le-terme-reali-di-valdieri\/\"  >\n\t\t\t\t\t\t<span class=\"ux-menu-link__text\">\n\t\t\t\tDie k\u00f6niglichen Thermen von Valdieri\t\t\t<\/span>\n\t\t<\/a>\n\t<\/div>\n\t\n\n\t<div class=\"ux-menu-link flex menu-item\">\n\t\t<a class=\"ux-menu-link__link flex\" href=\"https:\/\/www.ibikecuneo.com\/percorsi\/da-cuneo-alle-terme-di-valdieri-pedalare-tra-natura-e-benessere\/rientro-a-cuneo\/\"  >\n\t\t\t\t\t\t<span class=\"ux-menu-link__text\">\n\t\t\t\tR\u00fcckfahrt nach Cuneo\t\t\t<\/span>\n\t\t<\/a>\n\t<\/div>\n\t\n\n\n\t<\/div>\n\t\n<div class=\"text-center\"><div class=\"is-divider divider clearfix\" style=\"background-color:rgb(0, 162, 157);\"><\/div><\/div>\n\n\t<div id=\"text-3131616628\" class=\"text\">\n\t\t\n\n<h4>Andere Routen<\/h4>\n\t\t\n<style>\n#text-3131616628 {\n  line-height: 1.2;\n}\n<\/style>\n\t<\/div>\n\t\n\t<div class=\"ux-menu stack stack-col justify-start ux-menu--divider-solid\">\n\t\t\n\n\t<div class=\"ux-menu-link flex menu-item\">\n\t\t<a class=\"ux-menu-link__link flex\" href=\"https:\/\/www.ibikecuneo.com\/percorsi\/alla-scoperta-di-cuneo-e-del-parco-fluviale-gesso-e-stura\/\"  >\n\t\t\t\t\t\t<span class=\"ux-menu-link__text\">\n\t\t\t\tCuneo und der Flusspark Gesso und Stura\t\t\t<\/span>\n\t\t<\/a>\n\t<\/div>\n\t\n\n\t<div class=\"ux-menu-link flex menu-item\">\n\t\t<a class=\"ux-menu-link__link flex\" href=\"https:\/\/www.ibikecuneo.com\/percorsi\/pedalare-tra-arte-e-natura-cuneo-valle-grana-e-valle-maira\/\"  >\n\t\t\t\t\t\t<span class=\"ux-menu-link__text\">\n\t\t\t\tEine Radtour im Zeichen von Kunst und Natur: Cuneo, Grana-Tal und Maira-Tal\t\t\t<\/span>\n\t\t<\/a>\n\t<\/div>\n\t\n\n\t<div class=\"ux-menu-link flex menu-item\">\n\t\t<a class=\"ux-menu-link__link flex\" href=\"https:\/\/www.ibikecuneo.com\/percorsi\/in-bicicletta-tra-cuneo-mondovi-vicoforte-e-chiusa-di-pesio\/\"  >\n\t\t\t\t\t\t<span class=\"ux-menu-link__text\">\n\t\t\t\tEine Radtour von Cuneo nach Mondov\u00ec, Vicoforte und Chiusa di Pesio\t\t\t<\/span>\n\t\t<\/a>\n\t<\/div>\n\t\n\n\t<div class=\"ux-menu-link flex menu-item\">\n\t\t<a class=\"ux-menu-link__link flex\" href=\"https:\/\/www.ibikecuneo.com\"  >\n\t\t\t\t\t\t<span class=\"ux-menu-link__text\">\n\t\t\t\tPercorso 5\t\t\t<\/span>\n\t\t<\/a>\n\t<\/div>\n\t\n\n\n\t<\/div>\n\t\n\n\t\t<\/div>\n\t\t\t\t\t<\/div>\n\n\t\n\n<\/div>\n\n\n\n\n\t\t<\/div>\n\t\t\t\t\t<\/div>\n\n\t\n\n<\/div>\n\n\t\t<\/div>\n\n\t\t\n<style>\n#section_666537315 {\n  padding-top: 30px;\n  padding-bottom: 30px;\n}\n#section_666537315 .ux-shape-divider--top svg {\n  height: 150px;\n  --divider-top-width: 100%;\n}\n#section_666537315 .ux-shape-divider--bottom svg {\n  height: 150px;\n  --divider-width: 100%;\n}\n<\/style>\n\t<\/section>\n\t\n\n","protected":false},"excerpt":{"rendered":"","protected":false},"author":1,"featured_media":568,"parent":1032,"menu_order":5,"comment_status":"closed","ping_status":"closed","template":"","meta":[],"_links":{"self":[{"href":"https:\/\/www.ibikecuneo.com\/de\/wp-json\/wp\/v2\/pages\/1042"}],"collection":[{"href":"https:\/\/www.ibikecuneo.com\/de\/wp-json\/wp\/v2\/pages"}],"about":[{"href":"https:\/\/www.ibikecuneo.com\/de\/wp-json\/wp\/v2\/types\/page"}],"author":[{"embeddable":true,"href":"https:\/\/www.ibikecuneo.com\/de\/wp-json\/wp\/v2\/users\/1"}],"replies":[{"embeddable":true,"href":"https:\/\/www.ibikecuneo.com\/de\/wp-json\/wp\/v2\/comments?post=1042"}],"version-history":[{"count":1,"href":"https:\/\/www.ibikecuneo.com\/de\/wp-json\/wp\/v2\/pages\/1042\/revisions"}],"predecessor-version":[{"id":1043,"href":"https:\/\/www.ibikecuneo.com\/de\/wp-json\/wp\/v2\/pages\/1042\/revisions\/1043"}],"up":[{"embeddable":true,"href":"https:\/\/www.ibikecuneo.com\/de\/wp-json\/wp\/v2\/pages\/1032"}],"wp:featuredmedia":[{"embeddable":true,"href":"https:\/\/www.ibikecuneo.com\/de\/wp-json\/wp\/v2\/media\/568"}],"wp:attachment":[{"href":"https:\/\/www.ibikecuneo.com\/de\/wp-json\/wp\/v2\/media?parent=1042"}],"curies":[{"name":"wp","href":"https:\/\/api.w.org\/{rel}","templated":true}]}}