{"id":1051,"date":"2022-06-17T14:00:09","date_gmt":"2022-06-17T14:00:09","guid":{"rendered":"https:\/\/www.ibikecuneo.com\/naturparks-und-naturschutzgebiete-in-der-umgebung-von-cuneo\/forma-barfuss-durch-den-fluss\/"},"modified":"2022-08-27T09:15:29","modified_gmt":"2022-08-27T09:15:29","slug":"forma-barfuss-durch-den-fluss","status":"publish","type":"page","link":"https:\/\/www.ibikecuneo.com\/de\/naturparks-und-naturschutzgebiete-in-der-umgebung-von-cuneo\/forma-barfuss-durch-den-fluss\/","title":{"rendered":"f\u2019Orma. Barfu\u00df durch den Fluss"},"content":{"rendered":"\n  <div id=\"page-header-648284271\" class=\"page-header-wrapper\">\n  <div class=\"page-title dark featured-title\">\n\n        <div class=\"page-title-bg\">\n      <div class=\"title-bg fill bg-fill\"\n        data-parallax-container=\".page-title\"\n        data-parallax-background\n        data-parallax=\"-\">\n      <\/div>\n      <div class=\"title-overlay fill\"><\/div>\n    <\/div>\n    \n    <div class=\"page-title-inner container align-center flex-row medium-flex-wrap\" >\n              <div class=\"title-wrapper flex-col text-left medium-text-center\">\n          <h1 class=\"entry-title mb-0\">\n            f\u2019Orma. Barfu\u00df durch den Fluss          <\/h1>\n        <\/div>\n                    <div class=\"title-content flex-col flex-right text-right medium-text-center\">\n        <div class=\"title-breadcrumbs pb-half pt-half\"><\/div>      <\/div>\n    <\/div>\n\n     \n<style>\n#page-header-648284271 .page-title-inner {\n  min-height: 160px;\n}\n#page-header-648284271 .title-bg {\n  background-image: url(https:\/\/www.ibikecuneo.com\/wp-content\/uploads\/2022\/07\/img273.jpg);\n}\n#page-header-648284271 .title-overlay {\n  background-color: rgba(0,0,0,.5);\n}\n<\/style>\n  <\/div>\n    <\/div>\n  \n\n\t<section class=\"section\" id=\"section_285587557\">\n\t\t<div class=\"bg section-bg fill bg-fill  bg-loaded\" >\n\n\t\t\t\n\t\t\t\n\t\t\t\n\n\t\t<\/div>\n\n\t\t\n\n\t\t<div class=\"section-content relative\">\n\t\t\t\n\n<div class=\"row row-large row-divided\"  id=\"row-1885375113\">\n\n\n\t<div id=\"col-495233318\" class=\"col medium-8 large-8\"  >\n\t\t\t\t<div class=\"col-inner\"  >\n\t\t\t\n\t\t\t\n\n<p>f\u2019Orma ist einen Besuch wert. Barfu\u00df durch den Fluss ist ein innovativer Sinnenpfad, auf dem man die Natur ganz aus den N\u00e4he erfahren kann, insbesondere auf dem Abschnitt, wo man mit blo\u00dfen F\u00fc\u00dfen auf Kies und Sand durchs Wasser l\u00e4uft, Elementen, die sich im nahegelegenen Fluss wiederfinden.<\/p>\n<p>F\u2019Orma ist auch f\u00fcr kleinste Besucher perfekt zug\u00e4nglich, denen ein besonderer Themenweg auf der Suche nach dem Wasserriesen Gorg gewidmet ist. Auf dem Naturradweg entlang des Flusses Gesso findet man au\u00dferdem einen Lern- und Schmetterlingsgarten. Sie erg\u00e4nzen das breite Angebot an einzigartigen Erfahrungen, die die Region bietet, um die Natur kennen und sch\u00fctzen zu lernen.<\/p>\n<p>Ein weiteres Highlight im Flusspark Gesso und Stura sind im Norden Cuneos im Ortsteil Madonna delle Grazie die k\u00fcnstlich angelegten Teiche Tetto Lupo, wo sich eine Birdwatching-Station befindet.<\/p>\n\t<div class=\"img has-hover x md-x lg-x y md-y lg-y\" id=\"image_2020836928\">\n\t\t<a class=\"image-lightbox lightbox-gallery\" title=\"\" href=\"https:\/\/www.ibikecuneo.com\/wp-content\/uploads\/2022\/07\/img273-1024x627.jpg\">\t\t\t\t\t\t<div class=\"img-inner dark\" >\n\t\t\t<img width=\"1020\" height=\"625\" src=\"https:\/\/www.ibikecuneo.com\/wp-content\/uploads\/2022\/07\/img273-1024x627.jpg\" class=\"attachment-large size-large\" alt=\"\" decoding=\"async\" loading=\"lazy\" srcset=\"https:\/\/www.ibikecuneo.com\/wp-content\/uploads\/2022\/07\/img273-1024x627.jpg 1024w, https:\/\/www.ibikecuneo.com\/wp-content\/uploads\/2022\/07\/img273-300x184.jpg 300w, https:\/\/www.ibikecuneo.com\/wp-content\/uploads\/2022\/07\/img273-768x470.jpg 768w, https:\/\/www.ibikecuneo.com\/wp-content\/uploads\/2022\/07\/img273.jpg 1165w\" sizes=\"(max-width: 1020px) 100vw, 1020px\" \/>\t\t\t\t\t\t\n\t\t\t\t\t<\/div>\n\t\t\t\t\t\t<\/a>\t\t\n<style>\n#image_2020836928 {\n  width: 100%;\n}\n<\/style>\n\t<\/div>\n\t\n\n\n\t\t<\/div>\n\t\t\t\t\t<\/div>\n\n\t\n\n\t<div id=\"col-1734256025\" class=\"col medium-4 large-4\"  >\n\t\t\t\t<div class=\"col-inner\"  >\n\t\t\t\n\t\t\t\n\n<div class=\"row row-collapse row-full-width\"  id=\"row-552807184\">\n\n\n\t<div id=\"col-931604248\" class=\"col small-12 large-12\"  >\n\t\t\t\t<div class=\"col-inner\"  >\n\t\t\t\n\t\t\t\n\n\t<div id=\"text-3641999902\" class=\"text\">\n\t\t\n\n<h4>Naturparks und Naturschutzgebiete in der Umgebung von Cuneo<\/h4>\n\n\t\t\n<style>\n#text-3641999902 {\n  line-height: 1.2;\n}\n<\/style>\n\t<\/div>\n\t\n\t<div class=\"ux-menu stack stack-col justify-start ux-menu--divider-solid\">\n\t\t\n\n\t<div class=\"ux-menu-link flex menu-item\">\n\t\t<a class=\"ux-menu-link__link flex\" href=\"https:\/\/www.ibikecuneo.com\/parchi-e-riserve-naturali-del-cuneese\/il-parco-fluviale-gesso-e-stura\/\"  >\n\t\t\t\t\t\t<span class=\"ux-menu-link__text\">\n\t\t\t\tFlusspark Gesso und Stura\t\t\t<\/span>\n\t\t<\/a>\n\t<\/div>\n\t\n\n\t<div class=\"ux-menu-link flex menu-item\">\n\t\t<a class=\"ux-menu-link__link flex\" href=\"https:\/\/www.ibikecuneo.com\/parchi-e-riserve-naturali-del-cuneese\/forma-il-fiume-a-piede-libero\/\"  >\n\t\t\t\t\t\t<span class=\"ux-menu-link__text\">\n\t\t\t\tf\u2019Orma. Barfu\u00df durch den Fluss\t\t\t<\/span>\n\t\t<\/a>\n\t<\/div>\n\t\n\n\t<div class=\"ux-menu-link flex menu-item\">\n\t\t<a class=\"ux-menu-link__link flex\" href=\"https:\/\/www.ibikecuneo.com\/parchi-e-riserve-naturali-del-cuneese\/la-riserva-naturale-di-crava-morozzo\/\"  >\n\t\t\t\t\t\t<span class=\"ux-menu-link__text\">\n\t\t\t\tNaturschutzgebiet Crava-Morozzo\t\t\t<\/span>\n\t\t<\/a>\n\t<\/div>\n\t\n\n\t<div class=\"ux-menu-link flex menu-item\">\n\t\t<a class=\"ux-menu-link__link flex\" href=\"https:\/\/www.ibikecuneo.com\/parchi-e-riserve-naturali-del-cuneese\/il-parco-del-marguareis-e-dellarea-della-roccarina\/\"  >\n\t\t\t\t\t\t<span class=\"ux-menu-link__text\">\n\t\t\t\tNaturpark Marguareis und Schutzgebiet Roccarina\t\t\t<\/span>\n\t\t<\/a>\n\t<\/div>\n\t\n\n\t<div class=\"ux-menu-link flex menu-item\">\n\t\t<a class=\"ux-menu-link__link flex\" href=\"https:\/\/www.ibikecuneo.com\/parchi-e-riserve-naturali-del-cuneese\/le-alpi-marittime\/\"  >\n\t\t\t\t\t\t<span class=\"ux-menu-link__text\">\n\t\t\t\tNaturpark Alpi Marittime\t\t\t<\/span>\n\t\t<\/a>\n\t<\/div>\n\t\n\n\t<div class=\"ux-menu-link flex menu-item\">\n\t\t<a class=\"ux-menu-link__link flex\" href=\"https:\/\/www.ibikecuneo.com\/parchi-e-riserve-naturali-del-cuneese\/il-centro-visita-uomini-e-lupi\/\"  >\n\t\t\t\t\t\t<span class=\"ux-menu-link__text\">\n\t\t\t\tBesucherzentrum Uomini e Lupi (Mensch und Wolf)\t\t\t<\/span>\n\t\t<\/a>\n\t<\/div>\n\t\n\n\t<div class=\"ux-menu-link flex menu-item\">\n\t\t<a class=\"ux-menu-link__link flex\" href=\"https:\/\/www.ibikecuneo.com\/parchi-e-riserve-naturali-del-cuneese\/la-riserva-naturale-ciciu-del-villar\/\"  >\n\t\t\t\t\t\t<span class=\"ux-menu-link__text\">\n\t\t\t\tNaturschutzgebiet Ciciu del Villar\t\t\t<\/span>\n\t\t<\/a>\n\t<\/div>\n\t\n\n\n\t<\/div>\n\t\n\n\t\t<\/div>\n\t\t\t\t\t<\/div>\n\n\t\n\n<\/div>\n\n\n\n\n\t\t<\/div>\n\t\t\t\t\t<\/div>\n\n\t\n\n<\/div>\n\n\t\t<\/div>\n\n\t\t\n<style>\n#section_285587557 {\n  padding-top: 30px;\n  padding-bottom: 30px;\n}\n#section_285587557 .ux-shape-divider--top svg {\n  height: 150px;\n  --divider-top-width: 100%;\n}\n#section_285587557 .ux-shape-divider--bottom svg {\n  height: 150px;\n  --divider-width: 100%;\n}\n<\/style>\n\t<\/section>\n\t\n\n","protected":false},"excerpt":{"rendered":"","protected":false},"author":1,"featured_media":624,"parent":1046,"menu_order":2,"comment_status":"closed","ping_status":"closed","template":"","meta":[],"_links":{"self":[{"href":"https:\/\/www.ibikecuneo.com\/de\/wp-json\/wp\/v2\/pages\/1051"}],"collection":[{"href":"https:\/\/www.ibikecuneo.com\/de\/wp-json\/wp\/v2\/pages"}],"about":[{"href":"https:\/\/www.ibikecuneo.com\/de\/wp-json\/wp\/v2\/types\/page"}],"author":[{"embeddable":true,"href":"https:\/\/www.ibikecuneo.com\/de\/wp-json\/wp\/v2\/users\/1"}],"replies":[{"embeddable":true,"href":"https:\/\/www.ibikecuneo.com\/de\/wp-json\/wp\/v2\/comments?post=1051"}],"version-history":[{"count":1,"href":"https:\/\/www.ibikecuneo.com\/de\/wp-json\/wp\/v2\/pages\/1051\/revisions"}],"predecessor-version":[{"id":1052,"href":"https:\/\/www.ibikecuneo.com\/de\/wp-json\/wp\/v2\/pages\/1051\/revisions\/1052"}],"up":[{"embeddable":true,"href":"https:\/\/www.ibikecuneo.com\/de\/wp-json\/wp\/v2\/pages\/1046"}],"wp:featuredmedia":[{"embeddable":true,"href":"https:\/\/www.ibikecuneo.com\/de\/wp-json\/wp\/v2\/media\/624"}],"wp:attachment":[{"href":"https:\/\/www.ibikecuneo.com\/de\/wp-json\/wp\/v2\/media?parent=1051"}],"curies":[{"name":"wp","href":"https:\/\/api.w.org\/{rel}","templated":true}]}}