{"id":1053,"date":"2022-06-17T14:00:53","date_gmt":"2022-06-17T14:00:53","guid":{"rendered":"https:\/\/www.ibikecuneo.com\/naturparks-und-naturschutzgebiete-in-der-umgebung-von-cuneo\/naturpark-marguareis-und-schutzgebiet-roccarina\/"},"modified":"2022-08-27T09:19:36","modified_gmt":"2022-08-27T09:19:36","slug":"naturpark-marguareis-und-schutzgebiet-roccarina","status":"publish","type":"page","link":"https:\/\/www.ibikecuneo.com\/de\/naturparks-und-naturschutzgebiete-in-der-umgebung-von-cuneo\/naturpark-marguareis-und-schutzgebiet-roccarina\/","title":{"rendered":"Naturpark Marguareis und Schutzgebiet Roccarina"},"content":{"rendered":"\n  <div id=\"page-header-939615761\" class=\"page-header-wrapper\">\n  <div class=\"page-title dark featured-title\">\n\n        <div class=\"page-title-bg\">\n      <div class=\"title-bg fill bg-fill\"\n        data-parallax-container=\".page-title\"\n        data-parallax-background\n        data-parallax=\"-\">\n      <\/div>\n      <div class=\"title-overlay fill\"><\/div>\n    <\/div>\n    \n    <div class=\"page-title-inner container align-center flex-row medium-flex-wrap\" >\n              <div class=\"title-wrapper flex-col text-left medium-text-center\">\n          <h1 class=\"entry-title mb-0\">\n            Naturpark Marguareis und Schutzgebiet Roccarina          <\/h1>\n        <\/div>\n                    <div class=\"title-content flex-col flex-right text-right medium-text-center\">\n        <div class=\"title-breadcrumbs pb-half pt-half\"><\/div>      <\/div>\n    <\/div>\n\n     \n<style>\n#page-header-939615761 .page-title-inner {\n  min-height: 160px;\n}\n#page-header-939615761 .title-bg {\n  background-image: url(https:\/\/www.ibikecuneo.com\/wp-content\/uploads\/2022\/07\/img285.jpg);\n}\n#page-header-939615761 .title-overlay {\n  background-color: rgba(0,0,0,.5);\n}\n<\/style>\n  <\/div>\n    <\/div>\n  \n\n\t<section class=\"section\" id=\"section_1246368846\">\n\t\t<div class=\"bg section-bg fill bg-fill  bg-loaded\" >\n\n\t\t\t\n\t\t\t\n\t\t\t\n\n\t\t<\/div>\n\n\t\t\n\n\t\t<div class=\"section-content relative\">\n\t\t\t\n\n<div class=\"row row-large row-divided\"  id=\"row-927403480\">\n\n\n\t<div id=\"col-314239977\" class=\"col medium-8 large-8\"  >\n\t\t\t\t<div class=\"col-inner\"  >\n\t\t\t\n\t\t\t\n\n<p>Nicht weit hinter Chiusa di Pesio mit seiner eindrucksvollen Kartause liegt der Naturpark Marguareis an der Grenze zwischen den Franz\u00f6sischen und Ligurischen Alpen. Es handelt sich um das gr\u00f6\u00dfte und bekannteste alpine Karstgebiet des Piemonts, das aus einer spektakul\u00e4ren Hochebene auf 2000 m \u00fc.d.M. besteht, \u00fcber die sich zahlreiche gr\u00fcne Wiesen erstrecken. In den tieferen Lagen besteht das Ambiente aus herrlichen Tannen- und Buchenw\u00e4ldern, die zum Durchatmen und Entspannen einladen.<\/p>\n<p>Eine einzigartige Gebirgslandschaft, in der sich sanfte Anh\u00f6hen mit \u00fcppiger Natur mit steilen und rauen Felsw\u00e4nden abwechseln. Der Naturpark Marguareis und das gesamte Schutzgebiet Roccarina sind ein Paradies f\u00fcr Pflanzen und Tierarten, zu denen unter anderem Rehe, G\u00e4msen und W\u00f6lfe geh\u00f6ren. Die im Herzen des Parks gelegenen alpinen Botanik-Stationen und der Wildkr\u00e4utergarten enthalten einen Gro\u00dfteil der wichtigsten Pflanzenarten, die zwischen den Ligurischen Alpen und den Seealpen heimisch sind.<\/p>\n\t<div class=\"img has-hover x md-x lg-x y md-y lg-y\" id=\"image_296211929\">\n\t\t<a class=\"image-lightbox lightbox-gallery\" title=\"\" href=\"https:\/\/www.ibikecuneo.com\/wp-content\/uploads\/2022\/07\/img285-1024x622.jpg\">\t\t\t\t\t\t<div class=\"img-inner dark\" >\n\t\t\t<img width=\"1020\" height=\"620\" src=\"https:\/\/www.ibikecuneo.com\/wp-content\/uploads\/2022\/07\/img285-1024x622.jpg\" class=\"attachment-large size-large\" alt=\"\" decoding=\"async\" loading=\"lazy\" srcset=\"https:\/\/www.ibikecuneo.com\/wp-content\/uploads\/2022\/07\/img285-1024x622.jpg 1024w, https:\/\/www.ibikecuneo.com\/wp-content\/uploads\/2022\/07\/img285-300x182.jpg 300w, https:\/\/www.ibikecuneo.com\/wp-content\/uploads\/2022\/07\/img285-768x467.jpg 768w, https:\/\/www.ibikecuneo.com\/wp-content\/uploads\/2022\/07\/img285.jpg 1165w\" sizes=\"(max-width: 1020px) 100vw, 1020px\" \/>\t\t\t\t\t\t\n\t\t\t\t\t<\/div>\n\t\t\t\t\t\t<\/a>\t\t\n<style>\n#image_296211929 {\n  width: 100%;\n}\n<\/style>\n\t<\/div>\n\t\n\n\n\t\t<\/div>\n\t\t\t\t\t<\/div>\n\n\t\n\n\t<div id=\"col-5116405\" class=\"col medium-4 large-4\"  >\n\t\t\t\t<div class=\"col-inner\"  >\n\t\t\t\n\t\t\t\n\n<div class=\"row row-collapse row-full-width\"  id=\"row-2057886957\">\n\n\n\t<div id=\"col-1100555136\" class=\"col small-12 large-12\"  >\n\t\t\t\t<div class=\"col-inner\"  >\n\t\t\t\n\t\t\t\n\n\t<div id=\"text-3247832805\" class=\"text\">\n\t\t\n\n<h4>Naturparks und Naturschutzgebiete in der Umgebung von Cuneo<\/h4>\n\n\t\t\n<style>\n#text-3247832805 {\n  line-height: 1.2;\n}\n<\/style>\n\t<\/div>\n\t\n\t<div class=\"ux-menu stack stack-col justify-start ux-menu--divider-solid\">\n\t\t\n\n\t<div class=\"ux-menu-link flex menu-item\">\n\t\t<a class=\"ux-menu-link__link flex\" href=\"https:\/\/www.ibikecuneo.com\/parchi-e-riserve-naturali-del-cuneese\/il-parco-fluviale-gesso-e-stura\/\"  >\n\t\t\t\t\t\t<span class=\"ux-menu-link__text\">\n\t\t\t\tFlusspark Gesso und Stura\t\t\t<\/span>\n\t\t<\/a>\n\t<\/div>\n\t\n\n\t<div class=\"ux-menu-link flex menu-item\">\n\t\t<a class=\"ux-menu-link__link flex\" href=\"https:\/\/www.ibikecuneo.com\/parchi-e-riserve-naturali-del-cuneese\/forma-il-fiume-a-piede-libero\/\"  >\n\t\t\t\t\t\t<span class=\"ux-menu-link__text\">\n\t\t\t\tf\u2019Orma. Barfu\u00df durch den Fluss\t\t\t<\/span>\n\t\t<\/a>\n\t<\/div>\n\t\n\n\t<div class=\"ux-menu-link flex menu-item\">\n\t\t<a class=\"ux-menu-link__link flex\" href=\"https:\/\/www.ibikecuneo.com\/parchi-e-riserve-naturali-del-cuneese\/la-riserva-naturale-di-crava-morozzo\/\"  >\n\t\t\t\t\t\t<span class=\"ux-menu-link__text\">\n\t\t\t\tNaturschutzgebiet Crava-Morozzo\t\t\t<\/span>\n\t\t<\/a>\n\t<\/div>\n\t\n\n\t<div class=\"ux-menu-link flex menu-item\">\n\t\t<a class=\"ux-menu-link__link flex\" href=\"https:\/\/www.ibikecuneo.com\/parchi-e-riserve-naturali-del-cuneese\/il-parco-del-marguareis-e-dellarea-della-roccarina\/\"  >\n\t\t\t\t\t\t<span class=\"ux-menu-link__text\">\n\t\t\t\tNaturpark Marguareis und Schutzgebiet Roccarina\t\t\t<\/span>\n\t\t<\/a>\n\t<\/div>\n\t\n\n\t<div class=\"ux-menu-link flex menu-item\">\n\t\t<a class=\"ux-menu-link__link flex\" href=\"https:\/\/www.ibikecuneo.com\/parchi-e-riserve-naturali-del-cuneese\/le-alpi-marittime\/\"  >\n\t\t\t\t\t\t<span class=\"ux-menu-link__text\">\n\t\t\t\tNaturpark Alpi Marittime\t\t\t<\/span>\n\t\t<\/a>\n\t<\/div>\n\t\n\n\t<div class=\"ux-menu-link flex menu-item\">\n\t\t<a class=\"ux-menu-link__link flex\" href=\"https:\/\/www.ibikecuneo.com\/parchi-e-riserve-naturali-del-cuneese\/il-centro-visita-uomini-e-lupi\/\"  >\n\t\t\t\t\t\t<span class=\"ux-menu-link__text\">\n\t\t\t\tBesucherzentrum Uomini e Lupi (Mensch und Wolf)\t\t\t<\/span>\n\t\t<\/a>\n\t<\/div>\n\t\n\n\t<div class=\"ux-menu-link flex menu-item\">\n\t\t<a class=\"ux-menu-link__link flex\" href=\"https:\/\/www.ibikecuneo.com\/parchi-e-riserve-naturali-del-cuneese\/la-riserva-naturale-ciciu-del-villar\/\"  >\n\t\t\t\t\t\t<span class=\"ux-menu-link__text\">\n\t\t\t\tNaturschutzgebiet Ciciu del Villar\t\t\t<\/span>\n\t\t<\/a>\n\t<\/div>\n\t\n\n\n\t<\/div>\n\t\n\n\t\t<\/div>\n\t\t\t\t\t<\/div>\n\n\t\n\n<\/div>\n\n\n\n\n\t\t<\/div>\n\t\t\t\t\t<\/div>\n\n\t\n\n<\/div>\n\n\t\t<\/div>\n\n\t\t\n<style>\n#section_1246368846 {\n  padding-top: 30px;\n  padding-bottom: 30px;\n}\n#section_1246368846 .ux-shape-divider--top svg {\n  height: 150px;\n  --divider-top-width: 100%;\n}\n#section_1246368846 .ux-shape-divider--bottom svg {\n  height: 150px;\n  --divider-width: 100%;\n}\n<\/style>\n\t<\/section>\n\t\n\n","protected":false},"excerpt":{"rendered":"","protected":false},"author":1,"featured_media":644,"parent":1046,"menu_order":4,"comment_status":"closed","ping_status":"closed","template":"","meta":[],"_links":{"self":[{"href":"https:\/\/www.ibikecuneo.com\/de\/wp-json\/wp\/v2\/pages\/1053"}],"collection":[{"href":"https:\/\/www.ibikecuneo.com\/de\/wp-json\/wp\/v2\/pages"}],"about":[{"href":"https:\/\/www.ibikecuneo.com\/de\/wp-json\/wp\/v2\/types\/page"}],"author":[{"embeddable":true,"href":"https:\/\/www.ibikecuneo.com\/de\/wp-json\/wp\/v2\/users\/1"}],"replies":[{"embeddable":true,"href":"https:\/\/www.ibikecuneo.com\/de\/wp-json\/wp\/v2\/comments?post=1053"}],"version-history":[{"count":1,"href":"https:\/\/www.ibikecuneo.com\/de\/wp-json\/wp\/v2\/pages\/1053\/revisions"}],"predecessor-version":[{"id":1054,"href":"https:\/\/www.ibikecuneo.com\/de\/wp-json\/wp\/v2\/pages\/1053\/revisions\/1054"}],"up":[{"embeddable":true,"href":"https:\/\/www.ibikecuneo.com\/de\/wp-json\/wp\/v2\/pages\/1046"}],"wp:featuredmedia":[{"embeddable":true,"href":"https:\/\/www.ibikecuneo.com\/de\/wp-json\/wp\/v2\/media\/644"}],"wp:attachment":[{"href":"https:\/\/www.ibikecuneo.com\/de\/wp-json\/wp\/v2\/media?parent=1053"}],"curies":[{"name":"wp","href":"https:\/\/api.w.org\/{rel}","templated":true}]}}