{"id":1055,"date":"2022-06-17T14:00:27","date_gmt":"2022-06-17T14:00:27","guid":{"rendered":"https:\/\/www.ibikecuneo.com\/naturparks-und-naturschutzgebiete-in-der-umgebung-von-cuneo\/naturschutzgebiet-crava-morozzo\/"},"modified":"2022-08-27T09:42:56","modified_gmt":"2022-08-27T09:42:56","slug":"naturschutzgebiet-crava-morozzo","status":"publish","type":"page","link":"https:\/\/www.ibikecuneo.com\/de\/naturparks-und-naturschutzgebiete-in-der-umgebung-von-cuneo\/naturschutzgebiet-crava-morozzo\/","title":{"rendered":"Naturschutzgebiet Crava-Morozzo"},"content":{"rendered":"\n  <div id=\"page-header-456928991\" class=\"page-header-wrapper\">\n  <div class=\"page-title dark featured-title\">\n\n        <div class=\"page-title-bg\">\n      <div class=\"title-bg fill bg-fill\"\n        data-parallax-container=\".page-title\"\n        data-parallax-background\n        data-parallax=\"-\">\n      <\/div>\n      <div class=\"title-overlay fill\"><\/div>\n    <\/div>\n    \n    <div class=\"page-title-inner container align-center flex-row medium-flex-wrap\" >\n              <div class=\"title-wrapper flex-col text-left medium-text-center\">\n          <h1 class=\"entry-title mb-0\">\n            Naturschutzgebiet Crava-Morozzo          <\/h1>\n        <\/div>\n                    <div class=\"title-content flex-col flex-right text-right medium-text-center\">\n        <div class=\"title-breadcrumbs pb-half pt-half\"><\/div>      <\/div>\n    <\/div>\n\n     \n<style>\n#page-header-456928991 .page-title-inner {\n  min-height: 160px;\n}\n#page-header-456928991 .title-bg {\n  background-image: url(https:\/\/www.ibikecuneo.com\/wp-content\/uploads\/2022\/07\/img276.jpg);\n}\n#page-header-456928991 .title-overlay {\n  background-color: rgba(0,0,0,.5);\n}\n<\/style>\n  <\/div>\n    <\/div>\n  \n\n\t<section class=\"section\" id=\"section_697918388\">\n\t\t<div class=\"bg section-bg fill bg-fill  bg-loaded\" >\n\n\t\t\t\n\t\t\t\n\t\t\t\n\n\t\t<\/div>\n\n\t\t\n\n\t\t<div class=\"section-content relative\">\n\t\t\t\n\n<div class=\"row row-large row-divided\"  id=\"row-691670640\">\n\n\n\t<div id=\"col-4303192\" class=\"col medium-8 large-8\"  >\n\t\t\t\t<div class=\"col-inner\"  >\n\t\t\t\n\t\t\t\n\n<p>Ca. 20 Kilometer nord\u00f6stlich von Cuneo liegt das auch mit dem Fahrrad bequem erreichbare Naturschutzgebiet Crava-Morozzo, das eines der wichtigsten Feuchtgebiete des s\u00fcdlichen Piemonts bildet.<\/p>\n<p>Der Zugang zum Gebiet ist kostenlos und nur zu Fu\u00df, mit dem Fahrrad oder zu Pferd erlaubt. Hier bietet sich ein einmaliges Naturschauspiel mit breiten Wasserspiegeln, in denen sich eine Reihe von V\u00f6geln und Fischen tummeln. Au\u00dferdem kann man hochgewachsene Pappeln und jahrhundertealte Eichen bewundern, die ein ideales Habitat vorfinden. Bereits im Jahr 1979 wurde das aus den Gemeinden Morozzo, Rocca de\u2019 Baldi und Mondov\u00ec bestehende Gebiet aufgrund seiner reichhaltigen Fauna unter Naturschutz gestellt, zun\u00e4chst als Schutzoase des italienischen Vogelschutzverbands LIPU (Lega Italiana Protezione Uccelli) und anschlie\u00dfend als Naturschutzgebiet. Die Stauseen von Crava und Morozzo wurden 1929 f\u00fcr die Wasserkraftnutzung angelegt (heute befinden sich hier zwei Kraftwerke der neuesten Generation) und entwickelten sich nach und nach zu einem idealen Habitat f\u00fcr viele Zugv\u00f6gel des Mittelmeergebiets. Dank der Vielfalt der Feuchtzonen siedelten sich hier zahlreiche Tierarten an, so dass man bisher bereits ca. 150 verschiedene Vogelarten z\u00e4hlen konnte. Am Ufer des Flusses Pesio kann man beispielsweise Eisv\u00f6gel, Wasseramseln, Kormorane, Stockenten, Wasserh\u00fchner, Reiher und sympathische kleine Tauchenten beobachten, die auf dem Symbol des Naturschutzgebietes dargestellt sind. Ein absolutes Paradies f\u00fcr Birdwatcher und Naturfotografen. Im Naturschutzgebiet befindet sich ein Besucherzentrum, das aus einem alten renovierten Bauernhof gewonnen wurde. Hier werden beispielsweise interaktive Lernspiele veranstaltet, um die Tierarten der Region n\u00e4her kennenzulernen. In seiner N\u00e4he liegt das gem\u00fctliche G\u00e4stehaus des Naturschutzgebietes, in dem man essen kann und das \u00dcbernachtungsm\u00f6glichkeiten f\u00fcr Familien und Gruppen anbietet, die hier einen einmaligen Aufenthalt im direkten Kontakt mit der Natur verleben k\u00f6nnen.<\/p>\n\n  \n    <div id=\"gallery-462240631\" class=\"row large-columns-2 medium-columns- small-columns- row-xsmall row-masonry\" data-packery-options='{\"itemSelector\": \".col\", \"gutter\": 0, \"presentageWidth\" : true}'>\n\n  <div class=\"gallery-col col\" >\n          <div class=\"col-inner\">\n            <a class=\"image-lightbox lightbox-gallery\" href=\"https:\/\/www.ibikecuneo.com\/wp-content\/uploads\/2022\/07\/img276.jpg\" title=\"\">            <div class=\"box has-hover gallery-box box-overlay dark\">\n              <div class=\"box-image\" >\n                <img width=\"281\" height=\"300\" src=\"https:\/\/www.ibikecuneo.com\/wp-content\/uploads\/2022\/07\/img276-281x300.jpg\" class=\"attachment-medium size-medium\" alt=\"\" decoding=\"async\" loading=\"lazy\" ids=\"625,629,633,637\" type=\"masonry\" col_spacing=\"xsmall\" columns=\"2\" srcset=\"https:\/\/www.ibikecuneo.com\/wp-content\/uploads\/2022\/07\/img276-281x300.jpg 281w, https:\/\/www.ibikecuneo.com\/wp-content\/uploads\/2022\/07\/img276.jpg 545w\" sizes=\"(max-width: 281px) 100vw, 281px\" \/>                                  <div class=\"overlay fill\"\n                      style=\"background-color: rgba(0,0,0,.15)\">\n                  <\/div>\n                                                              <\/div>\n              <div class=\"box-text text-left\" >\n                 <p><\/p>\n              <\/div>\n            <\/div>\n            <\/a>          <\/div>\n         <\/div><div class=\"gallery-col col\" >\n          <div class=\"col-inner\">\n            <a class=\"image-lightbox lightbox-gallery\" href=\"https:\/\/www.ibikecuneo.com\/wp-content\/uploads\/2022\/07\/img278-1.jpg\" title=\"\">            <div class=\"box has-hover gallery-box box-overlay dark\">\n              <div class=\"box-image\" >\n                <img width=\"300\" height=\"144\" src=\"https:\/\/www.ibikecuneo.com\/wp-content\/uploads\/2022\/07\/img278-1-300x144.jpg\" class=\"attachment-medium size-medium\" alt=\"\" decoding=\"async\" loading=\"lazy\" ids=\"625,629,633,637\" type=\"masonry\" col_spacing=\"xsmall\" columns=\"2\" srcset=\"https:\/\/www.ibikecuneo.com\/wp-content\/uploads\/2022\/07\/img278-1-300x144.jpg 300w, https:\/\/www.ibikecuneo.com\/wp-content\/uploads\/2022\/07\/img278-1.jpg 608w\" sizes=\"(max-width: 300px) 100vw, 300px\" \/>                                  <div class=\"overlay fill\"\n                      style=\"background-color: rgba(0,0,0,.15)\">\n                  <\/div>\n                                                              <\/div>\n              <div class=\"box-text text-left\" >\n                 <p><\/p>\n              <\/div>\n            <\/div>\n            <\/a>          <\/div>\n         <\/div><div class=\"gallery-col col\" >\n          <div class=\"col-inner\">\n            <a class=\"image-lightbox lightbox-gallery\" href=\"https:\/\/www.ibikecuneo.com\/wp-content\/uploads\/2022\/07\/img280.jpg\" title=\"\">            <div class=\"box has-hover gallery-box box-overlay dark\">\n              <div class=\"box-image\" >\n                <img width=\"300\" height=\"278\" src=\"https:\/\/www.ibikecuneo.com\/wp-content\/uploads\/2022\/07\/img280-300x278.jpg\" class=\"attachment-medium size-medium\" alt=\"\" decoding=\"async\" loading=\"lazy\" ids=\"625,629,633,637\" type=\"masonry\" col_spacing=\"xsmall\" columns=\"2\" srcset=\"https:\/\/www.ibikecuneo.com\/wp-content\/uploads\/2022\/07\/img280-300x278.jpg 300w, https:\/\/www.ibikecuneo.com\/wp-content\/uploads\/2022\/07\/img280.jpg 304w\" sizes=\"(max-width: 300px) 100vw, 300px\" \/>                                  <div class=\"overlay fill\"\n                      style=\"background-color: rgba(0,0,0,.15)\">\n                  <\/div>\n                                                              <\/div>\n              <div class=\"box-text text-left\" >\n                 <p><\/p>\n              <\/div>\n            <\/div>\n            <\/a>          <\/div>\n         <\/div><div class=\"gallery-col col\" >\n          <div class=\"col-inner\">\n            <a class=\"image-lightbox lightbox-gallery\" href=\"https:\/\/www.ibikecuneo.com\/wp-content\/uploads\/2022\/07\/img282.jpg\" title=\"\">            <div class=\"box has-hover gallery-box box-overlay dark\">\n              <div class=\"box-image\" >\n                <img width=\"296\" height=\"282\" src=\"https:\/\/www.ibikecuneo.com\/wp-content\/uploads\/2022\/07\/img282.jpg\" class=\"attachment-medium size-medium\" alt=\"\" decoding=\"async\" loading=\"lazy\" ids=\"625,629,633,637\" type=\"masonry\" col_spacing=\"xsmall\" columns=\"2\" \/>                                  <div class=\"overlay fill\"\n                      style=\"background-color: rgba(0,0,0,.15)\">\n                  <\/div>\n                                                              <\/div>\n              <div class=\"box-text text-left\" >\n                 <p><\/p>\n              <\/div>\n            <\/div>\n            <\/a>          <\/div>\n         <\/div><\/div>\n\n\n\t\t<\/div>\n\t\t\t\t\t<\/div>\n\n\t\n\n\t<div id=\"col-1498069964\" class=\"col medium-4 large-4\"  >\n\t\t\t\t<div class=\"col-inner\"  >\n\t\t\t\n\t\t\t\n\n<div class=\"row row-collapse row-full-width\"  id=\"row-215895360\">\n\n\n\t<div id=\"col-159806522\" class=\"col small-12 large-12\"  >\n\t\t\t\t<div class=\"col-inner\"  >\n\t\t\t\n\t\t\t\n\n\t<div id=\"text-1920376937\" class=\"text\">\n\t\t\n\n<h4>Naturparks und Naturschutzgebiete in der Umgebung von Cuneo<\/h4>\n\n\t\t\n<style>\n#text-1920376937 {\n  line-height: 1.2;\n}\n<\/style>\n\t<\/div>\n\t\n\t<div class=\"ux-menu stack stack-col justify-start ux-menu--divider-solid\">\n\t\t\n\n\t<div class=\"ux-menu-link flex menu-item\">\n\t\t<a class=\"ux-menu-link__link flex\" href=\"https:\/\/www.ibikecuneo.com\/parchi-e-riserve-naturali-del-cuneese\/il-parco-fluviale-gesso-e-stura\/\"  >\n\t\t\t\t\t\t<span class=\"ux-menu-link__text\">\n\t\t\t\tFlusspark Gesso und Stura\t\t\t<\/span>\n\t\t<\/a>\n\t<\/div>\n\t\n\n\t<div class=\"ux-menu-link flex menu-item\">\n\t\t<a class=\"ux-menu-link__link flex\" href=\"https:\/\/www.ibikecuneo.com\/parchi-e-riserve-naturali-del-cuneese\/forma-il-fiume-a-piede-libero\/\"  >\n\t\t\t\t\t\t<span class=\"ux-menu-link__text\">\n\t\t\t\tf\u2019Orma. Barfu\u00df durch den Fluss\t\t\t<\/span>\n\t\t<\/a>\n\t<\/div>\n\t\n\n\t<div class=\"ux-menu-link flex menu-item\">\n\t\t<a class=\"ux-menu-link__link flex\" href=\"https:\/\/www.ibikecuneo.com\/parchi-e-riserve-naturali-del-cuneese\/la-riserva-naturale-di-crava-morozzo\/\"  >\n\t\t\t\t\t\t<span class=\"ux-menu-link__text\">\n\t\t\t\tNaturschutzgebiet Crava-Morozzo\t\t\t<\/span>\n\t\t<\/a>\n\t<\/div>\n\t\n\n\t<div class=\"ux-menu-link flex menu-item\">\n\t\t<a class=\"ux-menu-link__link flex\" href=\"https:\/\/www.ibikecuneo.com\/parchi-e-riserve-naturali-del-cuneese\/il-parco-del-marguareis-e-dellarea-della-roccarina\/\"  >\n\t\t\t\t\t\t<span class=\"ux-menu-link__text\">\n\t\t\t\tNaturpark Marguareis und Schutzgebiet Roccarina\t\t\t<\/span>\n\t\t<\/a>\n\t<\/div>\n\t\n\n\t<div class=\"ux-menu-link flex menu-item\">\n\t\t<a class=\"ux-menu-link__link flex\" href=\"https:\/\/www.ibikecuneo.com\/parchi-e-riserve-naturali-del-cuneese\/le-alpi-marittime\/\"  >\n\t\t\t\t\t\t<span class=\"ux-menu-link__text\">\n\t\t\t\tNaturpark Alpi Marittime\t\t\t<\/span>\n\t\t<\/a>\n\t<\/div>\n\t\n\n\t<div class=\"ux-menu-link flex menu-item\">\n\t\t<a class=\"ux-menu-link__link flex\" href=\"https:\/\/www.ibikecuneo.com\/parchi-e-riserve-naturali-del-cuneese\/il-centro-visita-uomini-e-lupi\/\"  >\n\t\t\t\t\t\t<span class=\"ux-menu-link__text\">\n\t\t\t\tBesucherzentrum Uomini e Lupi (Mensch und Wolf)\t\t\t<\/span>\n\t\t<\/a>\n\t<\/div>\n\t\n\n\t<div class=\"ux-menu-link flex menu-item\">\n\t\t<a class=\"ux-menu-link__link flex\" href=\"https:\/\/www.ibikecuneo.com\/parchi-e-riserve-naturali-del-cuneese\/la-riserva-naturale-ciciu-del-villar\/\"  >\n\t\t\t\t\t\t<span class=\"ux-menu-link__text\">\n\t\t\t\tNaturschutzgebiet Ciciu del Villar\t\t\t<\/span>\n\t\t<\/a>\n\t<\/div>\n\t\n\n\n\t<\/div>\n\t\n\n\t\t<\/div>\n\t\t\t\t\t<\/div>\n\n\t\n\n<\/div>\n\n\n\n\n\t\t<\/div>\n\t\t\t\t\t<\/div>\n\n\t\n\n<\/div>\n\n\t\t<\/div>\n\n\t\t\n<style>\n#section_697918388 {\n  padding-top: 30px;\n  padding-bottom: 30px;\n}\n#section_697918388 .ux-shape-divider--top svg {\n  height: 150px;\n  --divider-top-width: 100%;\n}\n#section_697918388 .ux-shape-divider--bottom svg {\n  height: 150px;\n  --divider-width: 100%;\n}\n<\/style>\n\t<\/section>\n\t\n\n","protected":false},"excerpt":{"rendered":"","protected":false},"author":1,"featured_media":628,"parent":1046,"menu_order":4,"comment_status":"closed","ping_status":"closed","template":"","meta":[],"_links":{"self":[{"href":"https:\/\/www.ibikecuneo.com\/de\/wp-json\/wp\/v2\/pages\/1055"}],"collection":[{"href":"https:\/\/www.ibikecuneo.com\/de\/wp-json\/wp\/v2\/pages"}],"about":[{"href":"https:\/\/www.ibikecuneo.com\/de\/wp-json\/wp\/v2\/types\/page"}],"author":[{"embeddable":true,"href":"https:\/\/www.ibikecuneo.com\/de\/wp-json\/wp\/v2\/users\/1"}],"replies":[{"embeddable":true,"href":"https:\/\/www.ibikecuneo.com\/de\/wp-json\/wp\/v2\/comments?post=1055"}],"version-history":[{"count":1,"href":"https:\/\/www.ibikecuneo.com\/de\/wp-json\/wp\/v2\/pages\/1055\/revisions"}],"predecessor-version":[{"id":1056,"href":"https:\/\/www.ibikecuneo.com\/de\/wp-json\/wp\/v2\/pages\/1055\/revisions\/1056"}],"up":[{"embeddable":true,"href":"https:\/\/www.ibikecuneo.com\/de\/wp-json\/wp\/v2\/pages\/1046"}],"wp:featuredmedia":[{"embeddable":true,"href":"https:\/\/www.ibikecuneo.com\/de\/wp-json\/wp\/v2\/media\/628"}],"wp:attachment":[{"href":"https:\/\/www.ibikecuneo.com\/de\/wp-json\/wp\/v2\/media?parent=1055"}],"curies":[{"name":"wp","href":"https:\/\/api.w.org\/{rel}","templated":true}]}}