{"id":1063,"date":"2022-06-17T13:42:22","date_gmt":"2022-06-17T13:42:22","guid":{"rendered":"https:\/\/www.ibikecuneo.com\/ein-ausflug-in-die-barockzeit\/"},"modified":"2022-08-27T10:22:12","modified_gmt":"2022-08-27T10:22:12","slug":"ein-ausflug-in-die-barockzeit","status":"publish","type":"page","link":"https:\/\/www.ibikecuneo.com\/de\/ein-ausflug-in-die-barockzeit\/","title":{"rendered":"Ein Ausflug in die Barockzeit"},"content":{"rendered":"\n\t<section class=\"section has-parallax\" id=\"section_1363921505\">\n\t\t<div class=\"bg section-bg fill bg-fill  \" data-parallax-container=\".section\" data-parallax-background data-parallax=\"-3\">\n\n\t\t\t\n\t\t\t<div class=\"section-bg-overlay absolute fill\"><\/div>\n\t\t\t\n\t<div class=\"is-border\"\n\t\tstyle=\"border-color:rgb(235, 235, 235);border-width:1px 0px 0px 0px;\">\n\t<\/div>\n\n\t\t<\/div>\n\n\t\t\n\n\t\t<div class=\"section-content relative\">\n\t\t\t\n\n<div class=\"row row-large align-middle align-center\"  id=\"row-929035581\">\n\n\n\t<div id=\"col-102642573\" class=\"col medium-8 small-12 large-8\"  >\n\t\t\t\t<div class=\"col-inner text-center dark\"  >\n\t\t\t\n\t\t\t\n\n<p> <\/p>\n<h2>Ein Ausflug in die Barockzeit<\/h2>\n<p>Cuneo ist auch als die \u201eStadt der 7 Belagerungen\u201c bekannt und war aufgrund ihrer strategischen Position an der Grenze zu Frankreich ein wichtiger Milit\u00e4rst\u00fctzpunkt der Dynastie der Savoyer. Diese zahlreichen Belagerungen sind der Grund, weshalb ein Gro\u00dfteil der mittelalterlichen Bauten in der Stadt zugrunde gingen. Mit der Ankunft Napoleons fiel auch die alte Stadtmauer der Zerst\u00f6rung anheim.<\/p>\n<p>Ein charakteristisches Merkmal Cuneos sind die 13 Kilometer langen Arkaden, unter denen die Kaufleute zu jeder Jahreszeit Schutz fanden. Ihre Gesch\u00e4fte liefen gl\u00e4nzend, was unter anderem dem regen Handel mit dem nahen Frankreich zu verdanken war.<\/p>\n<p>\u00dcber die Via Roma, eine f\u00fcr den Verkehr gesperrte Fu\u00dfg\u00e4ngerzone, erreicht man die Altstadt. Hier kann man beispielsweise den 52 m hohen Stadtturm mit seinen 132 Treppenstufen besuchen (es gibt auch einen Aufzug), von dem man einen herrlichen Rundumblick \u00fcber die D\u00e4cher und Pl\u00e4tze der Stadt, die sanften H\u00fcgel der Langhe und bis zum Gipfel des Monte Rosa genie\u00dfen kann.<\/p>\n\n\t\t<\/div>\n\t\t\t\t\t<\/div>\n\n\t\n\n<\/div>\n\n\t\t<\/div>\n\n\t\t\n<style>\n#section_1363921505 {\n  padding-top: 75px;\n  padding-bottom: 75px;\n  min-height: 300px;\n  background-color: rgb(171, 171, 171);\n}\n#section_1363921505 .section-bg-overlay {\n  background-color: rgba(0, 0, 0, 0.5);\n}\n#section_1363921505 .section-bg.bg-loaded {\n  background-image: url(https:\/\/www.ibikecuneo.com\/wp-content\/uploads\/2022\/06\/barocco.jpg);\n}\n#section_1363921505 .section-bg {\n  background-position: 58% 33%;\n}\n#section_1363921505 .ux-shape-divider--top svg {\n  height: 150px;\n  --divider-top-width: 100%;\n}\n#section_1363921505 .ux-shape-divider--bottom svg {\n  height: 150px;\n  --divider-width: 100%;\n}\n<\/style>\n\t<\/section>\n\t\n\t<section class=\"section\" id=\"section_863008131\">\n\t\t<div class=\"bg section-bg fill bg-fill  bg-loaded\" >\n\n\t\t\t\n\t\t\t\n\t\t\t\n\n\t\t<\/div>\n\n\t\t\n\n\t\t<div class=\"section-content relative\">\n\t\t\t\n\n<div class=\"row\"  id=\"row-1884671026\">\n\n\n\t<div id=\"col-1832668749\" class=\"col small-12 large-12\"  >\n\t\t\t\t<div class=\"col-inner\"  >\n\t\t\t\n\t\t\t\n\n<p class=\"lead shortcode-error text-center\">Sorry, no pages was found<\/p>  <style>\n    #pages-1514333142 .grid-col-1{height: 200px}\n    #pages-1514333142 .grid-col-1-2{height: 100px}\n    #pages-1514333142 .grid-col-1-3{height:66.666666666667px}\n    #pages-1514333142 .grid-col-2-3{height: 133.33333333333px}\n    #pages-1514333142 .grid-col-1-4{height: 50px}\n    #pages-1514333142 .grid-col-3-4{height: 150px}\n\n\n        \/* Tablet *\/\n    @media (max-width: 850px){\n      #pages-1514333142 .grid-col-1{height: 133.33333333333px}\n      #pages-1514333142 .grid-col-1-2{height: 66.666666666667px}\n      #pages-1514333142 .grid-col-1-3{height:44.444444444444px}\n      #pages-1514333142 .grid-col-2-3{height: 88.888888888889px}\n      #pages-1514333142 .grid-col-1-4{height: 33.333333333333px}\n      #pages-1514333142 .grid-col-3-4{height: 100px}\n    }\n    \n        \/* Mobile *\/\n    @media (max-width: 550px){\n      #pages-1514333142 .grid-col-1{height: 133.33333333333px}\n      #pages-1514333142 .grid-col-1-2{height: 66.666666666667px}\n      #pages-1514333142 .grid-col-1-3{height:44.444444444444px}\n      #pages-1514333142 .grid-col-2-3{height: 88.888888888889px}\n      #pages-1514333142 .grid-col-1-4{height: 33.333333333333px}\n      #pages-1514333142 .grid-col-3-4{height: 100px}\n    }\n    \n\n  <\/style>\n  \n  \n    <div id=\"pages-1514333142\" class=\"row row-grid\" data-packery-options='{\"itemSelector\": \".col\", \"gutter\": 0, \"presentageWidth\" : true}'>\n\n  <\/div>\n\n\n\t\t<\/div>\n\t\t\t\t\t<\/div>\n\n\t\n\n<\/div>\n\n\t\t<\/div>\n\n\t\t\n<style>\n#section_863008131 {\n  padding-top: 60px;\n  padding-bottom: 60px;\n}\n#section_863008131 .ux-shape-divider--top svg {\n  height: 150px;\n  --divider-top-width: 100%;\n}\n#section_863008131 .ux-shape-divider--bottom svg {\n  height: 150px;\n  --divider-width: 100%;\n}\n<\/style>\n\t<\/section>\n\t\n\n\n","protected":false},"excerpt":{"rendered":"","protected":false},"author":1,"featured_media":0,"parent":0,"menu_order":5,"comment_status":"closed","ping_status":"closed","template":"","meta":[],"_links":{"self":[{"href":"https:\/\/www.ibikecuneo.com\/de\/wp-json\/wp\/v2\/pages\/1063"}],"collection":[{"href":"https:\/\/www.ibikecuneo.com\/de\/wp-json\/wp\/v2\/pages"}],"about":[{"href":"https:\/\/www.ibikecuneo.com\/de\/wp-json\/wp\/v2\/types\/page"}],"author":[{"embeddable":true,"href":"https:\/\/www.ibikecuneo.com\/de\/wp-json\/wp\/v2\/users\/1"}],"replies":[{"embeddable":true,"href":"https:\/\/www.ibikecuneo.com\/de\/wp-json\/wp\/v2\/comments?post=1063"}],"version-history":[{"count":2,"href":"https:\/\/www.ibikecuneo.com\/de\/wp-json\/wp\/v2\/pages\/1063\/revisions"}],"predecessor-version":[{"id":1065,"href":"https:\/\/www.ibikecuneo.com\/de\/wp-json\/wp\/v2\/pages\/1063\/revisions\/1065"}],"wp:attachment":[{"href":"https:\/\/www.ibikecuneo.com\/de\/wp-json\/wp\/v2\/media?parent=1063"}],"curies":[{"name":"wp","href":"https:\/\/api.w.org\/{rel}","templated":true}]}}