{"id":1066,"date":"2022-06-17T14:06:19","date_gmt":"2022-06-17T14:06:19","guid":{"rendered":"https:\/\/www.ibikecuneo.com\/ein-ausflug-in-die-barockzeit\/barocke-architektur-in-cuneo-und-umgebung\/"},"modified":"2022-08-27T10:29:28","modified_gmt":"2022-08-27T10:29:28","slug":"barocke-architektur-in-cuneo-und-umgebung","status":"publish","type":"page","link":"https:\/\/www.ibikecuneo.com\/de\/ein-ausflug-in-die-barockzeit\/barocke-architektur-in-cuneo-und-umgebung\/","title":{"rendered":"Barocke Architektur in Cuneo und Umgebung"},"content":{"rendered":"\n  <div id=\"page-header-450939394\" class=\"page-header-wrapper\">\n  <div class=\"page-title dark featured-title\">\n\n        <div class=\"page-title-bg\">\n      <div class=\"title-bg fill bg-fill\"\n        data-parallax-container=\".page-title\"\n        data-parallax-background\n        data-parallax=\"-\">\n      <\/div>\n      <div class=\"title-overlay fill\"><\/div>\n    <\/div>\n    \n    <div class=\"page-title-inner container align-center flex-row medium-flex-wrap\" >\n              <div class=\"title-wrapper flex-col text-left medium-text-center\">\n          <h1 class=\"entry-title mb-0\">\n            Barocke Architektur in Cuneo und Umgebung          <\/h1>\n        <\/div>\n                    <div class=\"title-content flex-col flex-right text-right medium-text-center\">\n        <div class=\"title-breadcrumbs pb-half pt-half\"><\/div>      <\/div>\n    <\/div>\n\n     \n<style>\n#page-header-450939394 .page-title-inner {\n  min-height: 160px;\n}\n#page-header-450939394 .title-bg {\n  background-image: url(https:\/\/www.ibikecuneo.com\/wp-content\/uploads\/2022\/07\/img343-1.jpg);\n}\n#page-header-450939394 .title-overlay {\n  background-color: rgba(0,0,0,.5);\n}\n<\/style>\n  <\/div>\n    <\/div>\n  \n\n\t<section class=\"section\" id=\"section_1643928331\">\n\t\t<div class=\"bg section-bg fill bg-fill  bg-loaded\" >\n\n\t\t\t\n\t\t\t\n\t\t\t\n\n\t\t<\/div>\n\n\t\t\n\n\t\t<div class=\"section-content relative\">\n\t\t\t\n\n<div class=\"row row-large row-divided\"  id=\"row-2043869822\">\n\n\n\t<div id=\"col-2131704618\" class=\"col medium-8 large-8\"  >\n\t\t\t\t<div class=\"col-inner\"  >\n\t\t\t\n\t\t\t\n\n<p>In Cuneo und Umgebung findet man eine Reihe sehenswerter Bauwerke, Skulpturen und Gem\u00e4lde aus dem Barock, die zwischen dem 16. und 18. Jahrhundert geschaffen wurden. Die geschichtlichen Ereignisse und die wirtschaftlichen und sozialen Verh\u00e4ltnisse der damaligen Zeit f\u00fchrten zu gro\u00dfem Reichtum und Opulenz, die sich heute noch in den pr\u00e4chtigen Palazzi, B\u00fcrgerh\u00e4usern und Kirchen widerspiegeln. Die kulturellen Ver\u00e4nderungen der Epoche dr\u00fccken sich in der Barockkunst unter anderem durch \u00fcppige Arabesken, runde Formen, Stuckarbeiten und \u00fcberschw\u00e4ngliche Dekorationen aus.<\/p>\n<p>Das Motto der barocken Kunst lautete \u201edocere delectando\u201c, der Betrachter sollte mit kunstvollen und verschlungenen Dekorationen in Staunen und Verwunderung versetzt werden, die aus einer gelungenen Mischung aus Skulpturen und Gem\u00e4lden sowie b\u00fchnenreifen Szenerien bestanden. Dies war dank umfassender Kenntnisse der Perspektive m\u00f6glich, die sich unter anderem in pomp\u00f6sen optischen T\u00e4uschungen ausdr\u00fcckten, um der Gr\u00f6\u00dfe des jeweils an der Macht befindlichen Regenten zu huldigen.<\/p>\n\t<div class=\"img has-hover x md-x lg-x y md-y lg-y\" id=\"image_1979428247\">\n\t\t<a class=\"image-lightbox lightbox-gallery\" title=\"\" href=\"https:\/\/www.ibikecuneo.com\/wp-content\/uploads\/2022\/07\/img343-1-1024x478.jpg\">\t\t\t\t\t\t<div class=\"img-inner dark\" >\n\t\t\t<img width=\"1020\" height=\"476\" src=\"https:\/\/www.ibikecuneo.com\/wp-content\/uploads\/2022\/07\/img343-1-1024x478.jpg\" class=\"attachment-large size-large\" alt=\"\" decoding=\"async\" loading=\"lazy\" srcset=\"https:\/\/www.ibikecuneo.com\/wp-content\/uploads\/2022\/07\/img343-1-1024x478.jpg 1024w, https:\/\/www.ibikecuneo.com\/wp-content\/uploads\/2022\/07\/img343-1-300x140.jpg 300w, https:\/\/www.ibikecuneo.com\/wp-content\/uploads\/2022\/07\/img343-1-768x359.jpg 768w, https:\/\/www.ibikecuneo.com\/wp-content\/uploads\/2022\/07\/img343-1.jpg 1165w\" sizes=\"(max-width: 1020px) 100vw, 1020px\" \/>\t\t\t\t\t\t\n\t\t\t\t\t<\/div>\n\t\t\t\t\t\t<\/a>\t\t\n<style>\n#image_1979428247 {\n  width: 100%;\n}\n<\/style>\n\t<\/div>\n\t\n\n<div class=\"text-center\"><div class=\"is-divider divider clearfix\" ><\/div><\/div>\n\n<p>Zu den wichtigsten Vertretern des Barockstils in der Region von Cuneo geh\u00f6rt der Architekt Francesco Gallo, der einen wichtigen Beitrag zur urbanistischen Erneuerung vieler piemontesischer St\u00e4dte leistete. Francesco Gallo zeichnete auch in Zusammenarbeit mit dem Architekten Antonio Bertola f\u00fcr den Entwurf der Kirche Santa Croce in Cuneo verantwortlich, die zu den Perlen des piemontesischen Barocks z\u00e4hlt.<\/p>\n<p>Die in den gro\u00dfen Baukomplex des Hospitals Santa Croce eingef\u00fcgte Fassade der Kirche ist durch eine konkave Form charakterisiert. Dadurch entsteht ein kleiner Vorplatz, der vor allem von den Gassen der Altstadt aus f\u00fcr einen besonderen szenischen Effekt sorgt. An der prachtvollen, gut erhaltenen Innendekoration waren einige der bedeutendsten K\u00fcnstler der damaligen Zeit beteiligt.<\/p>\n<p>Die Kirche Sant\u2018Ambrogio in Cuneo geht auf die Zeit der Romanik zur\u00fcck, wurde dann aber Anfang des 18. Jahrhunderts im Rahmen eines grandiosen Entwurfs, der ebenfalls von Gallo stammte, komplett umgestaltet. Die barocke Fassade bereitet auf die reichhaltige Gestaltung des Innenraums vor, dem die majest\u00e4tische mit Fresken bemalte Kuppel Weite und Helligkeit verleiht.<\/p>\n\t<div class=\"img has-hover x md-x lg-x y md-y lg-y\" id=\"image_364116705\">\n\t\t<a class=\"image-lightbox lightbox-gallery\" title=\"\" href=\"https:\/\/www.ibikecuneo.com\/wp-content\/uploads\/2022\/07\/img346-1-1024x582.jpg\">\t\t\t\t\t\t<div class=\"img-inner dark\" >\n\t\t\t<img width=\"1020\" height=\"580\" src=\"https:\/\/www.ibikecuneo.com\/wp-content\/uploads\/2022\/07\/img346-1-1024x582.jpg\" class=\"attachment-large size-large\" alt=\"\" decoding=\"async\" loading=\"lazy\" srcset=\"https:\/\/www.ibikecuneo.com\/wp-content\/uploads\/2022\/07\/img346-1-1024x582.jpg 1024w, https:\/\/www.ibikecuneo.com\/wp-content\/uploads\/2022\/07\/img346-1-300x170.jpg 300w, https:\/\/www.ibikecuneo.com\/wp-content\/uploads\/2022\/07\/img346-1-768x436.jpg 768w, https:\/\/www.ibikecuneo.com\/wp-content\/uploads\/2022\/07\/img346-1.jpg 1165w\" sizes=\"(max-width: 1020px) 100vw, 1020px\" \/>\t\t\t\t\t\t\n\t\t\t\t\t<\/div>\n\t\t\t\t\t\t<\/a>\t\t\n<style>\n#image_364116705 {\n  width: 100%;\n}\n<\/style>\n\t<\/div>\n\t\n\n\n\t\t<\/div>\n\t\t\t\t\t<\/div>\n\n\t\n\n\t<div id=\"col-1373152847\" class=\"col medium-4 large-4\"  >\n\t\t\t\t<div class=\"col-inner\"  >\n\t\t\t\n\t\t\t\n\n<div class=\"row row-collapse row-full-width\"  id=\"row-2124484014\">\n\n\n\t<div id=\"col-1855583000\" class=\"col small-12 large-12\"  >\n\t\t\t\t<div class=\"col-inner\"  >\n\t\t\t\n\t\t\t\n\n\t<div id=\"text-1979332870\" class=\"text\">\n\t\t\n\n<h4>Ein Ausflug in die Barockzeit<\/h4>\n\n\t\t\n<style>\n#text-1979332870 {\n  line-height: 1.2;\n}\n<\/style>\n\t<\/div>\n\t\n\t<div class=\"ux-menu stack stack-col justify-start ux-menu--divider-solid\">\n\t\t\n\n\t<div class=\"ux-menu-link flex menu-item\">\n\t\t<a class=\"ux-menu-link__link flex\" href=\"https:\/\/www.ibikecuneo.com\/in-viaggio-nel-barocco\/architetture-barocche-di-cuneo-e-dintorni\/\"  >\n\t\t\t\t\t\t<span class=\"ux-menu-link__text\">\n\t\t\t\tBarocke Architektur in Cuneo und Umgebung\t\t\t<\/span>\n\t\t<\/a>\n\t<\/div>\n\t\n\n\t<div class=\"ux-menu-link flex menu-item\">\n\t\t<a class=\"ux-menu-link__link flex\" href=\"https:\/\/www.ibikecuneo.com\/in-viaggio-nel-barocco\/la-cattedrale-di-san-donato\/\"  >\n\t\t\t\t\t\t<span class=\"ux-menu-link__text\">\n\t\t\t\tKathedrale San Donato\t\t\t<\/span>\n\t\t<\/a>\n\t<\/div>\n\t\n\n\t<div class=\"ux-menu-link flex menu-item\">\n\t\t<a class=\"ux-menu-link__link flex\" href=\"https:\/\/www.ibikecuneo.com\/in-viaggio-nel-barocco\/chiesa-di-san-francesco-saverio-di-mondovi\/\"  >\n\t\t\t\t\t\t<span class=\"ux-menu-link__text\">\n\t\t\t\tSan Francesco Saverio in Mondov\u00ec\t\t\t<\/span>\n\t\t<\/a>\n\t<\/div>\n\t\n\n\t<div class=\"ux-menu-link flex menu-item\">\n\t\t<a class=\"ux-menu-link__link flex\" href=\"https:\/\/www.ibikecuneo.com\/in-viaggio-nel-barocco\/il-santuario-di-vicoforte-e-la-cupola-ellittica-piu-grande-al-mondo\/\"  >\n\t\t\t\t\t\t<span class=\"ux-menu-link__text\">\n\t\t\t\tDie Wallfahrtskirche Vicoforte und die gr\u00f6\u00dfte elliptische Kuppel der Welt\t\t\t<\/span>\n\t\t<\/a>\n\t<\/div>\n\t\n\n\t<div class=\"ux-menu-link flex menu-item\">\n\t\t<a class=\"ux-menu-link__link flex\" href=\"https:\/\/www.ibikecuneo.com\/in-viaggio-nel-barocco\/lesperienza-del-magnificat\/\"  >\n\t\t\t\t\t\t<span class=\"ux-menu-link__text\">\n\t\t\t\tErlebnisf\u00fchrung Magnificat\t\t\t<\/span>\n\t\t<\/a>\n\t<\/div>\n\t\n\n\n\t<\/div>\n\t\n\n\t\t<\/div>\n\t\t\t\t\t<\/div>\n\n\t\n\n<\/div>\n\n\n\n\n\t\t<\/div>\n\t\t\t\t\t<\/div>\n\n\t\n\n<\/div>\n\n\t\t<\/div>\n\n\t\t\n<style>\n#section_1643928331 {\n  padding-top: 30px;\n  padding-bottom: 30px;\n}\n#section_1643928331 .ux-shape-divider--top svg {\n  height: 150px;\n  --divider-top-width: 100%;\n}\n#section_1643928331 .ux-shape-divider--bottom svg {\n  height: 150px;\n  --divider-width: 100%;\n}\n<\/style>\n\t<\/section>\n\t\n\n","protected":false},"excerpt":{"rendered":"","protected":false},"author":1,"featured_media":676,"parent":1063,"menu_order":1,"comment_status":"closed","ping_status":"closed","template":"","meta":[],"_links":{"self":[{"href":"https:\/\/www.ibikecuneo.com\/de\/wp-json\/wp\/v2\/pages\/1066"}],"collection":[{"href":"https:\/\/www.ibikecuneo.com\/de\/wp-json\/wp\/v2\/pages"}],"about":[{"href":"https:\/\/www.ibikecuneo.com\/de\/wp-json\/wp\/v2\/types\/page"}],"author":[{"embeddable":true,"href":"https:\/\/www.ibikecuneo.com\/de\/wp-json\/wp\/v2\/users\/1"}],"replies":[{"embeddable":true,"href":"https:\/\/www.ibikecuneo.com\/de\/wp-json\/wp\/v2\/comments?post=1066"}],"version-history":[{"count":1,"href":"https:\/\/www.ibikecuneo.com\/de\/wp-json\/wp\/v2\/pages\/1066\/revisions"}],"predecessor-version":[{"id":1067,"href":"https:\/\/www.ibikecuneo.com\/de\/wp-json\/wp\/v2\/pages\/1066\/revisions\/1067"}],"up":[{"embeddable":true,"href":"https:\/\/www.ibikecuneo.com\/de\/wp-json\/wp\/v2\/pages\/1063"}],"wp:featuredmedia":[{"embeddable":true,"href":"https:\/\/www.ibikecuneo.com\/de\/wp-json\/wp\/v2\/media\/676"}],"wp:attachment":[{"href":"https:\/\/www.ibikecuneo.com\/de\/wp-json\/wp\/v2\/media?parent=1066"}],"curies":[{"name":"wp","href":"https:\/\/api.w.org\/{rel}","templated":true}]}}