{"id":1070,"date":"2022-06-17T14:08:36","date_gmt":"2022-06-17T14:08:36","guid":{"rendered":"https:\/\/www.ibikecuneo.com\/ein-ausflug-in-die-barockzeit\/san-francesco-saverio-in-mondovi\/"},"modified":"2022-08-27T10:41:08","modified_gmt":"2022-08-27T10:41:08","slug":"san-francesco-saverio-in-mondovi","status":"publish","type":"page","link":"https:\/\/www.ibikecuneo.com\/de\/ein-ausflug-in-die-barockzeit\/san-francesco-saverio-in-mondovi\/","title":{"rendered":"San Francesco Saverio in Mondov\u00ec"},"content":{"rendered":"\n  <div id=\"page-header-1698989156\" class=\"page-header-wrapper\">\n  <div class=\"page-title dark featured-title\">\n\n        <div class=\"page-title-bg\">\n      <div class=\"title-bg fill bg-fill\"\n        data-parallax-container=\".page-title\"\n        data-parallax-background\n        data-parallax=\"-\">\n      <\/div>\n      <div class=\"title-overlay fill\"><\/div>\n    <\/div>\n    \n    <div class=\"page-title-inner container align-center flex-row medium-flex-wrap\" >\n              <div class=\"title-wrapper flex-col text-left medium-text-center\">\n          <h1 class=\"entry-title mb-0\">\n            San Francesco Saverio in Mondov\u00ec          <\/h1>\n        <\/div>\n                    <div class=\"title-content flex-col flex-right text-right medium-text-center\">\n        <div class=\"title-breadcrumbs pb-half pt-half\"><\/div>      <\/div>\n    <\/div>\n\n     \n<style>\n#page-header-1698989156 .page-title-inner {\n  min-height: 160px;\n}\n#page-header-1698989156 .title-bg {\n  background-image: url(https:\/\/www.ibikecuneo.com\/wp-content\/uploads\/2022\/07\/img352.jpg);\n}\n#page-header-1698989156 .title-overlay {\n  background-color: rgba(0,0,0,.5);\n}\n<\/style>\n  <\/div>\n    <\/div>\n  \n\n\t<section class=\"section\" id=\"section_1727715970\">\n\t\t<div class=\"bg section-bg fill bg-fill  bg-loaded\" >\n\n\t\t\t\n\t\t\t\n\t\t\t\n\n\t\t<\/div>\n\n\t\t\n\n\t\t<div class=\"section-content relative\">\n\t\t\t\n\n<div class=\"row row-large row-divided\"  id=\"row-488697145\">\n\n\n\t<div id=\"col-148680802\" class=\"col medium-8 large-8\"  >\n\t\t\t\t<div class=\"col-inner\"  >\n\t\t\t\n\t\t\t\n\n<p>Eine weitere Perle aus der Barockzeit in der Umgebung Cuneos ist die Kirche San Francesco Saverio\u201c, auch unter dem Namen \u201eLa Missione\u201c bekannt. Sie war eine Art \u201eVersuchslabor\u201c f\u00fcr den innovativen Stil des Barockk\u00fcnstlers Andrea Pozzo. Das Ergebnis war derart \u00fcberzeugend, dass es dem Maler zu gro\u00dfer Bekanntheit verhalf und ihm Auftr\u00e4ge f\u00fcr die Mitarbeit bei bedeutenden Projekten in ganz Italien und im Ausland einbrachte. In der Chiesa della Missione gelang Andrea Pozzo etwas wirklich Einzigartiges: er schuf durch die gekonnte Ausnutzung der Perspektive eine optische T\u00e4uschung, die das achteckige Tonnengew\u00f6lbe in eine eindrucksvolle Scheinkuppel verwandelte und somit den Innenraum der Kirche optisch stark erweiterte.<\/p>\n<p>Das Werk Andrea Pozzos in der Chiesa della Missione von Mondov\u00ec wird zus\u00e4tzlich durch das Projekt Infinitum zur Geltung gebracht. Es handelt sich um einen multimedialen Rundgang, der die perspektivischen Effekte der im Gew\u00f6lbe befindlichen Malereien und die weiteren Dekorationen der Kirche noch besser zur Geltung bringt. Durch die Nutzung der neuen Technologien f\u00fcr die Inszenierung und kunsthistorische Aufbereitung k\u00f6nnen die Besucher dank eines Headsets eine einzigartige immersive Erfahrung machen, bei der sie Wissenswertes \u00fcber die Architektur und Geschichte dieser Perle des Barocks lernen. Das multimediale Erlebnis besteht aus einer Kombination aus Lichteffekten und Barockmusik, wobei ein Avatar des K\u00fcnstlers Pozzo den Besuchern die verschiedenen genialen Kunstgriffe beschreibt, die in der Kirche zum Einsatz kamen.<\/p>\n\t<div class=\"img has-hover x md-x lg-x y md-y lg-y\" id=\"image_1779971911\">\n\t\t<a class=\"image-lightbox lightbox-gallery\" title=\"\" href=\"https:\/\/www.ibikecuneo.com\/wp-content\/uploads\/2022\/07\/img352-1024x425.jpg\">\t\t\t\t\t\t<div class=\"img-inner dark\" >\n\t\t\t<img width=\"1020\" height=\"423\" src=\"https:\/\/www.ibikecuneo.com\/wp-content\/uploads\/2022\/07\/img352-1024x425.jpg\" class=\"attachment-large size-large\" alt=\"\" decoding=\"async\" loading=\"lazy\" srcset=\"https:\/\/www.ibikecuneo.com\/wp-content\/uploads\/2022\/07\/img352-1024x425.jpg 1024w, https:\/\/www.ibikecuneo.com\/wp-content\/uploads\/2022\/07\/img352-300x124.jpg 300w, https:\/\/www.ibikecuneo.com\/wp-content\/uploads\/2022\/07\/img352-768x318.jpg 768w, https:\/\/www.ibikecuneo.com\/wp-content\/uploads\/2022\/07\/img352.jpg 1165w\" sizes=\"(max-width: 1020px) 100vw, 1020px\" \/>\t\t\t\t\t\t\n\t\t\t\t\t<\/div>\n\t\t\t\t\t\t<\/a>\t\t\n<style>\n#image_1779971911 {\n  width: 100%;\n}\n<\/style>\n\t<\/div>\n\t\n\n\n\t\t<\/div>\n\t\t\t\t\t<\/div>\n\n\t\n\n\t<div id=\"col-1456436598\" class=\"col medium-4 large-4\"  >\n\t\t\t\t<div class=\"col-inner\"  >\n\t\t\t\n\t\t\t\n\n<div class=\"row row-collapse row-full-width\"  id=\"row-1542232302\">\n\n\n\t<div id=\"col-1025275000\" class=\"col small-12 large-12\"  >\n\t\t\t\t<div class=\"col-inner\"  >\n\t\t\t\n\t\t\t\n\n\t<div id=\"text-2635146853\" class=\"text\">\n\t\t\n\n<h4>Ein Ausflug in die Barockzeit<\/h4>\n\n\t\t\n<style>\n#text-2635146853 {\n  line-height: 1.2;\n}\n<\/style>\n\t<\/div>\n\t\n\t<div class=\"ux-menu stack stack-col justify-start ux-menu--divider-solid\">\n\t\t\n\n\t<div class=\"ux-menu-link flex menu-item\">\n\t\t<a class=\"ux-menu-link__link flex\" href=\"https:\/\/www.ibikecuneo.com\/in-viaggio-nel-barocco\/architetture-barocche-di-cuneo-e-dintorni\/\"  >\n\t\t\t\t\t\t<span class=\"ux-menu-link__text\">\n\t\t\t\tBarocke Architektur in Cuneo und Umgebung\t\t\t<\/span>\n\t\t<\/a>\n\t<\/div>\n\t\n\n\t<div class=\"ux-menu-link flex menu-item\">\n\t\t<a class=\"ux-menu-link__link flex\" href=\"https:\/\/www.ibikecuneo.com\/in-viaggio-nel-barocco\/la-cattedrale-di-san-donato\/\"  >\n\t\t\t\t\t\t<span class=\"ux-menu-link__text\">\n\t\t\t\tKathedrale San Donato\t\t\t<\/span>\n\t\t<\/a>\n\t<\/div>\n\t\n\n\t<div class=\"ux-menu-link flex menu-item\">\n\t\t<a class=\"ux-menu-link__link flex\" href=\"https:\/\/www.ibikecuneo.com\/in-viaggio-nel-barocco\/chiesa-di-san-francesco-saverio-di-mondovi\/\"  >\n\t\t\t\t\t\t<span class=\"ux-menu-link__text\">\n\t\t\t\tSan Francesco Saverio in Mondov\u00ec\t\t\t<\/span>\n\t\t<\/a>\n\t<\/div>\n\t\n\n\t<div class=\"ux-menu-link flex menu-item\">\n\t\t<a class=\"ux-menu-link__link flex\" href=\"https:\/\/www.ibikecuneo.com\/in-viaggio-nel-barocco\/il-santuario-di-vicoforte-e-la-cupola-ellittica-piu-grande-al-mondo\/\"  >\n\t\t\t\t\t\t<span class=\"ux-menu-link__text\">\n\t\t\t\tDie Wallfahrtskirche Vicoforte und die gr\u00f6\u00dfte elliptische Kuppel der Welt\t\t\t<\/span>\n\t\t<\/a>\n\t<\/div>\n\t\n\n\t<div class=\"ux-menu-link flex menu-item\">\n\t\t<a class=\"ux-menu-link__link flex\" href=\"https:\/\/www.ibikecuneo.com\/in-viaggio-nel-barocco\/lesperienza-del-magnificat\/\"  >\n\t\t\t\t\t\t<span class=\"ux-menu-link__text\">\n\t\t\t\tErlebnisf\u00fchrung Magnificat\t\t\t<\/span>\n\t\t<\/a>\n\t<\/div>\n\t\n\n\n\t<\/div>\n\t\n\n\t\t<\/div>\n\t\t\t\t\t<\/div>\n\n\t\n\n<\/div>\n\n\n\n\n\t\t<\/div>\n\t\t\t\t\t<\/div>\n\n\t\n\n<\/div>\n\n\t\t<\/div>\n\n\t\t\n<style>\n#section_1727715970 {\n  padding-top: 30px;\n  padding-bottom: 30px;\n}\n#section_1727715970 .ux-shape-divider--top svg {\n  height: 150px;\n  --divider-top-width: 100%;\n}\n#section_1727715970 .ux-shape-divider--bottom svg {\n  height: 150px;\n  --divider-width: 100%;\n}\n<\/style>\n\t<\/section>\n\t\n\n","protected":false},"excerpt":{"rendered":"","protected":false},"author":1,"featured_media":688,"parent":1063,"menu_order":3,"comment_status":"closed","ping_status":"closed","template":"","meta":[],"_links":{"self":[{"href":"https:\/\/www.ibikecuneo.com\/de\/wp-json\/wp\/v2\/pages\/1070"}],"collection":[{"href":"https:\/\/www.ibikecuneo.com\/de\/wp-json\/wp\/v2\/pages"}],"about":[{"href":"https:\/\/www.ibikecuneo.com\/de\/wp-json\/wp\/v2\/types\/page"}],"author":[{"embeddable":true,"href":"https:\/\/www.ibikecuneo.com\/de\/wp-json\/wp\/v2\/users\/1"}],"replies":[{"embeddable":true,"href":"https:\/\/www.ibikecuneo.com\/de\/wp-json\/wp\/v2\/comments?post=1070"}],"version-history":[{"count":1,"href":"https:\/\/www.ibikecuneo.com\/de\/wp-json\/wp\/v2\/pages\/1070\/revisions"}],"predecessor-version":[{"id":1071,"href":"https:\/\/www.ibikecuneo.com\/de\/wp-json\/wp\/v2\/pages\/1070\/revisions\/1071"}],"up":[{"embeddable":true,"href":"https:\/\/www.ibikecuneo.com\/de\/wp-json\/wp\/v2\/pages\/1063"}],"wp:featuredmedia":[{"embeddable":true,"href":"https:\/\/www.ibikecuneo.com\/de\/wp-json\/wp\/v2\/media\/688"}],"wp:attachment":[{"href":"https:\/\/www.ibikecuneo.com\/de\/wp-json\/wp\/v2\/media?parent=1070"}],"curies":[{"name":"wp","href":"https:\/\/api.w.org\/{rel}","templated":true}]}}