{"id":1074,"date":"2022-06-17T14:10:43","date_gmt":"2022-06-17T14:10:43","guid":{"rendered":"https:\/\/www.ibikecuneo.com\/ein-ausflug-in-die-barockzeit\/erlebnisfuehrung-magnificat\/"},"modified":"2022-08-27T10:52:18","modified_gmt":"2022-08-27T10:52:18","slug":"erlebnisfuehrung-magnificat","status":"publish","type":"page","link":"https:\/\/www.ibikecuneo.com\/de\/ein-ausflug-in-die-barockzeit\/erlebnisfuehrung-magnificat\/","title":{"rendered":"Erlebnisf\u00fchrung Magnificat"},"content":{"rendered":"\n  <div id=\"page-header-1559681735\" class=\"page-header-wrapper\">\n  <div class=\"page-title dark featured-title\">\n\n        <div class=\"page-title-bg\">\n      <div class=\"title-bg fill bg-fill\"\n        data-parallax-container=\".page-title\"\n        data-parallax-background\n        data-parallax=\"-\">\n      <\/div>\n      <div class=\"title-overlay fill\"><\/div>\n    <\/div>\n    \n    <div class=\"page-title-inner container align-center flex-row medium-flex-wrap\" >\n              <div class=\"title-wrapper flex-col text-left medium-text-center\">\n          <h1 class=\"entry-title mb-0\">\n            Erlebnisf\u00fchrung Magnificat          <\/h1>\n        <\/div>\n                    <div class=\"title-content flex-col flex-right text-right medium-text-center\">\n        <div class=\"title-breadcrumbs pb-half pt-half\"><\/div>      <\/div>\n    <\/div>\n\n     \n<style>\n#page-header-1559681735 .page-title-inner {\n  min-height: 160px;\n}\n#page-header-1559681735 .title-bg {\n  background-image: url(https:\/\/www.ibikecuneo.com\/wp-content\/uploads\/2022\/07\/img363.jpg);\n}\n#page-header-1559681735 .title-overlay {\n  background-color: rgba(0,0,0,.5);\n}\n<\/style>\n  <\/div>\n    <\/div>\n  \n\n\t<section class=\"section\" id=\"section_699361444\">\n\t\t<div class=\"bg section-bg fill bg-fill  bg-loaded\" >\n\n\t\t\t\n\t\t\t\n\t\t\t\n\n\t\t<\/div>\n\n\t\t\n\n\t\t<div class=\"section-content relative\">\n\t\t\t\n\n<div class=\"row row-large row-divided\"  id=\"row-729634376\">\n\n\n\t<div id=\"col-1527643583\" class=\"col medium-8 large-8\"  >\n\t\t\t\t<div class=\"col-inner\"  >\n\t\t\t\n\t\t\t\n\n<p>Die Kuppel der Wallfahrtskirche Vicoforte beeindruckt nicht nur durch ihre Gr\u00f6\u00dfe, sondern auch durch ihre meisterhaften Freskenmalereien. Bei der Erlebnisf\u00fchrung Magnificat kann man den Freskenzyklus der Kuppel direkt aus der H\u00f6he bewundern und einen atemberaubenden Ausblick aus 50 m H\u00f6he genie\u00dfen.<\/p>\n<p>Mit Haltegurten und Helm gewappnet steigt man bei der ca. zweist\u00fcndigen F\u00fchrung \u00fcber Sprossenleitern, Treppen und schmale G\u00e4nge bis auf 60 m H\u00f6he an die Spitze der Wallfahrtskirche, wo man die meisterlichen Fresken bei einem immersiven Ausflug in die Kunstgeschichte ganz aus der N\u00e4he erleben kann. Eine Kirche dieser Gr\u00f6\u00dfe von oben zu sehen ist eine absolut spektakul\u00e4re Erfahrung, die Magnificat in ganz Europa einzigartig macht. Aus der H\u00f6he kann man zudem einen wunderbaren Ausblick auf die Langhe und den Alpenbogen genie\u00dfen, in den dieses au\u00dfergew\u00f6hnliche Monument eingebettet ist.<\/p>\n\n  \n    <div id=\"gallery-63991027\" class=\"row large-columns-2 medium-columns- small-columns- row-xsmall row-masonry\" data-packery-options='{\"itemSelector\": \".col\", \"gutter\": 0, \"presentageWidth\" : true}'>\n\n  <div class=\"gallery-col col\" >\n          <div class=\"col-inner\">\n            <a class=\"image-lightbox lightbox-gallery\" href=\"https:\/\/www.ibikecuneo.com\/wp-content\/uploads\/2022\/07\/img363.jpg\" title=\"\">            <div class=\"box has-hover gallery-box box-overlay dark\">\n              <div class=\"box-image\" >\n                <img width=\"300\" height=\"168\" src=\"https:\/\/www.ibikecuneo.com\/wp-content\/uploads\/2022\/07\/img363-300x168.jpg\" class=\"attachment-medium size-medium\" alt=\"\" decoding=\"async\" loading=\"lazy\" ids=\"701,697,705\" type=\"masonry\" col_spacing=\"xsmall\" columns=\"2\" srcset=\"https:\/\/www.ibikecuneo.com\/wp-content\/uploads\/2022\/07\/img363-300x168.jpg 300w, https:\/\/www.ibikecuneo.com\/wp-content\/uploads\/2022\/07\/img363.jpg 610w\" sizes=\"(max-width: 300px) 100vw, 300px\" \/>                                  <div class=\"overlay fill\"\n                      style=\"background-color: rgba(0,0,0,.15)\">\n                  <\/div>\n                                                              <\/div>\n              <div class=\"box-text text-left\" >\n                 <p><\/p>\n              <\/div>\n            <\/div>\n            <\/a>          <\/div>\n         <\/div><div class=\"gallery-col col\" >\n          <div class=\"col-inner\">\n            <a class=\"image-lightbox lightbox-gallery\" href=\"https:\/\/www.ibikecuneo.com\/wp-content\/uploads\/2022\/07\/img361.jpg\" title=\"\">            <div class=\"box has-hover gallery-box box-overlay dark\">\n              <div class=\"box-image\" >\n                <img width=\"233\" height=\"300\" src=\"https:\/\/www.ibikecuneo.com\/wp-content\/uploads\/2022\/07\/img361-233x300.jpg\" class=\"attachment-medium size-medium\" alt=\"\" decoding=\"async\" loading=\"lazy\" ids=\"701,697,705\" type=\"masonry\" col_spacing=\"xsmall\" columns=\"2\" srcset=\"https:\/\/www.ibikecuneo.com\/wp-content\/uploads\/2022\/07\/img361-233x300.jpg 233w, https:\/\/www.ibikecuneo.com\/wp-content\/uploads\/2022\/07\/img361.jpg 541w\" sizes=\"(max-width: 233px) 100vw, 233px\" \/>                                  <div class=\"overlay fill\"\n                      style=\"background-color: rgba(0,0,0,.15)\">\n                  <\/div>\n                                                              <\/div>\n              <div class=\"box-text text-left\" >\n                 <p><\/p>\n              <\/div>\n            <\/div>\n            <\/a>          <\/div>\n         <\/div><div class=\"gallery-col col\" >\n          <div class=\"col-inner\">\n            <a class=\"image-lightbox lightbox-gallery\" href=\"https:\/\/www.ibikecuneo.com\/wp-content\/uploads\/2022\/07\/img365.jpg\" title=\"\">            <div class=\"box has-hover gallery-box box-overlay dark\">\n              <div class=\"box-image\" >\n                <img width=\"300\" height=\"168\" src=\"https:\/\/www.ibikecuneo.com\/wp-content\/uploads\/2022\/07\/img365-300x168.jpg\" class=\"attachment-medium size-medium\" alt=\"\" decoding=\"async\" loading=\"lazy\" ids=\"701,697,705\" type=\"masonry\" col_spacing=\"xsmall\" columns=\"2\" srcset=\"https:\/\/www.ibikecuneo.com\/wp-content\/uploads\/2022\/07\/img365-300x168.jpg 300w, https:\/\/www.ibikecuneo.com\/wp-content\/uploads\/2022\/07\/img365.jpg 610w\" sizes=\"(max-width: 300px) 100vw, 300px\" \/>                                  <div class=\"overlay fill\"\n                      style=\"background-color: rgba(0,0,0,.15)\">\n                  <\/div>\n                                                              <\/div>\n              <div class=\"box-text text-left\" >\n                 <p><\/p>\n              <\/div>\n            <\/div>\n            <\/a>          <\/div>\n         <\/div><\/div>\n\n\n\t\t<\/div>\n\t\t\t\t\t<\/div>\n\n\t\n\n\t<div id=\"col-1023254756\" class=\"col medium-4 large-4\"  >\n\t\t\t\t<div class=\"col-inner\"  >\n\t\t\t\n\t\t\t\n\n<div class=\"row row-collapse row-full-width\"  id=\"row-1781471344\">\n\n\n\t<div id=\"col-426276079\" class=\"col small-12 large-12\"  >\n\t\t\t\t<div class=\"col-inner\"  >\n\t\t\t\n\t\t\t\n\n\t<div id=\"text-350975140\" class=\"text\">\n\t\t\n\n<h4>Ein Ausflug in die Barockzeit<\/h4>\n\n\t\t\n<style>\n#text-350975140 {\n  line-height: 1.2;\n}\n<\/style>\n\t<\/div>\n\t\n\t<div class=\"ux-menu stack stack-col justify-start ux-menu--divider-solid\">\n\t\t\n\n\t<div class=\"ux-menu-link flex menu-item\">\n\t\t<a class=\"ux-menu-link__link flex\" href=\"https:\/\/www.ibikecuneo.com\/in-viaggio-nel-barocco\/architetture-barocche-di-cuneo-e-dintorni\/\"  >\n\t\t\t\t\t\t<span class=\"ux-menu-link__text\">\n\t\t\t\tBarocke Architektur in Cuneo und Umgebung\t\t\t<\/span>\n\t\t<\/a>\n\t<\/div>\n\t\n\n\t<div class=\"ux-menu-link flex menu-item\">\n\t\t<a class=\"ux-menu-link__link flex\" href=\"https:\/\/www.ibikecuneo.com\/in-viaggio-nel-barocco\/la-cattedrale-di-san-donato\/\"  >\n\t\t\t\t\t\t<span class=\"ux-menu-link__text\">\n\t\t\t\tKathedrale San Donato\t\t\t<\/span>\n\t\t<\/a>\n\t<\/div>\n\t\n\n\t<div class=\"ux-menu-link flex menu-item\">\n\t\t<a class=\"ux-menu-link__link flex\" href=\"https:\/\/www.ibikecuneo.com\/in-viaggio-nel-barocco\/chiesa-di-san-francesco-saverio-di-mondovi\/\"  >\n\t\t\t\t\t\t<span class=\"ux-menu-link__text\">\n\t\t\t\tSan Francesco Saverio in Mondov\u00ec\t\t\t<\/span>\n\t\t<\/a>\n\t<\/div>\n\t\n\n\t<div class=\"ux-menu-link flex menu-item\">\n\t\t<a class=\"ux-menu-link__link flex\" href=\"https:\/\/www.ibikecuneo.com\/in-viaggio-nel-barocco\/il-santuario-di-vicoforte-e-la-cupola-ellittica-piu-grande-al-mondo\/\"  >\n\t\t\t\t\t\t<span class=\"ux-menu-link__text\">\n\t\t\t\tDie Wallfahrtskirche Vicoforte und die gr\u00f6\u00dfte elliptische Kuppel der Welt\t\t\t<\/span>\n\t\t<\/a>\n\t<\/div>\n\t\n\n\t<div class=\"ux-menu-link flex menu-item\">\n\t\t<a class=\"ux-menu-link__link flex\" href=\"https:\/\/www.ibikecuneo.com\/in-viaggio-nel-barocco\/lesperienza-del-magnificat\/\"  >\n\t\t\t\t\t\t<span class=\"ux-menu-link__text\">\n\t\t\t\tErlebnisf\u00fchrung Magnificat\t\t\t<\/span>\n\t\t<\/a>\n\t<\/div>\n\t\n\n\n\t<\/div>\n\t\n\n\t\t<\/div>\n\t\t\t\t\t<\/div>\n\n\t\n\n<\/div>\n\n\n\n\n\t\t<\/div>\n\t\t\t\t\t<\/div>\n\n\t\n\n<\/div>\n\n\t\t<\/div>\n\n\t\t\n<style>\n#section_699361444 {\n  padding-top: 30px;\n  padding-bottom: 30px;\n}\n#section_699361444 .ux-shape-divider--top svg {\n  height: 150px;\n  --divider-top-width: 100%;\n}\n#section_699361444 .ux-shape-divider--bottom svg {\n  height: 150px;\n  --divider-width: 100%;\n}\n<\/style>\n\t<\/section>\n\t\n\n","protected":false},"excerpt":{"rendered":"","protected":false},"author":1,"featured_media":704,"parent":1063,"menu_order":5,"comment_status":"closed","ping_status":"closed","template":"","meta":[],"_links":{"self":[{"href":"https:\/\/www.ibikecuneo.com\/de\/wp-json\/wp\/v2\/pages\/1074"}],"collection":[{"href":"https:\/\/www.ibikecuneo.com\/de\/wp-json\/wp\/v2\/pages"}],"about":[{"href":"https:\/\/www.ibikecuneo.com\/de\/wp-json\/wp\/v2\/types\/page"}],"author":[{"embeddable":true,"href":"https:\/\/www.ibikecuneo.com\/de\/wp-json\/wp\/v2\/users\/1"}],"replies":[{"embeddable":true,"href":"https:\/\/www.ibikecuneo.com\/de\/wp-json\/wp\/v2\/comments?post=1074"}],"version-history":[{"count":3,"href":"https:\/\/www.ibikecuneo.com\/de\/wp-json\/wp\/v2\/pages\/1074\/revisions"}],"predecessor-version":[{"id":1077,"href":"https:\/\/www.ibikecuneo.com\/de\/wp-json\/wp\/v2\/pages\/1074\/revisions\/1077"}],"up":[{"embeddable":true,"href":"https:\/\/www.ibikecuneo.com\/de\/wp-json\/wp\/v2\/pages\/1063"}],"wp:featuredmedia":[{"embeddable":true,"href":"https:\/\/www.ibikecuneo.com\/de\/wp-json\/wp\/v2\/media\/704"}],"wp:attachment":[{"href":"https:\/\/www.ibikecuneo.com\/de\/wp-json\/wp\/v2\/media?parent=1074"}],"curies":[{"name":"wp","href":"https:\/\/api.w.org\/{rel}","templated":true}]}}