{"id":1093,"date":"2022-06-17T14:16:26","date_gmt":"2022-06-17T14:16:26","guid":{"rendered":"https:\/\/www.ibikecuneo.com\/regionale-spezialitaeten-aus-cuneo-und-umgebung\/die-gastronomische-kultur-der-berge\/"},"modified":"2022-08-27T12:14:43","modified_gmt":"2022-08-27T12:14:43","slug":"die-gastronomische-kultur-der-berge","status":"publish","type":"page","link":"https:\/\/www.ibikecuneo.com\/de\/regionale-spezialitaeten-aus-cuneo-und-umgebung\/die-gastronomische-kultur-der-berge\/","title":{"rendered":"Die gastronomische Kultur der Berge"},"content":{"rendered":"\n  <div id=\"page-header-584846719\" class=\"page-header-wrapper\">\n  <div class=\"page-title dark featured-title\">\n\n        <div class=\"page-title-bg\">\n      <div class=\"title-bg fill bg-fill\"\n        data-parallax-container=\".page-title\"\n        data-parallax-background\n        data-parallax=\"-\">\n      <\/div>\n      <div class=\"title-overlay fill\"><\/div>\n    <\/div>\n    \n    <div class=\"page-title-inner container align-center flex-row medium-flex-wrap\" >\n              <div class=\"title-wrapper flex-col text-left medium-text-center\">\n          <h1 class=\"entry-title mb-0\">\n            Die gastronomische Kultur der Berge          <\/h1>\n        <\/div>\n                    <div class=\"title-content flex-col flex-right text-right medium-text-center\">\n        <div class=\"title-breadcrumbs pb-half pt-half\"><\/div>      <\/div>\n    <\/div>\n\n     \n<style>\n#page-header-584846719 .page-title-inner {\n  min-height: 160px;\n}\n#page-header-584846719 .title-bg {\n  background-image: url(https:\/\/www.ibikecuneo.com\/wp-content\/uploads\/2022\/07\/img448.jpg);\n}\n#page-header-584846719 .title-overlay {\n  background-color: rgba(0,0,0,.5);\n}\n<\/style>\n  <\/div>\n    <\/div>\n  \n\n\t<section class=\"section\" id=\"section_944993680\">\n\t\t<div class=\"bg section-bg fill bg-fill  bg-loaded\" >\n\n\t\t\t\n\t\t\t\n\t\t\t\n\n\t\t<\/div>\n\n\t\t\n\n\t\t<div class=\"section-content relative\">\n\t\t\t\n\n<div class=\"row row-large row-divided\"  id=\"row-756556202\">\n\n\n\t<div id=\"col-1106310746\" class=\"col medium-8 large-8\"  >\n\t\t\t\t<div class=\"col-inner\"  >\n\t\t\t\n\t\t\t\n\n<p>Die Esstraditionen alter Zeiten haben derzeit Hochkonjunktur, weshalb die Berggemeinden der Provinz das Projekt Montagnam ins Leben gerufen haben, das in Rittana im Stura-Tal mit Unterst\u00fctzung der Europ\u00e4ischen Union und Region Piemont von sieben kleinen Herstellerbetrieben umgesetzt wird, die ihre T\u00e4tigkeit \u00fcber ein Internetportal verbreiten, um die Region und ihre lokalen Produkte bekannt zu machen. Zu den Teilnehmern des Projekts geh\u00f6rt auch der Caf\u00e8- Laden \u201eAndata e Ritorno\u201c von Debora, ein Lokal, in dem man typische Spezialit\u00e4ten des Tals finden und bei Bedarf auch E-Bikes ausleihen kann.<\/p>\n\t<div class=\"img has-hover x md-x lg-x y md-y lg-y\" id=\"image_934607799\">\n\t\t<a class=\"image-lightbox lightbox-gallery\" title=\"\" href=\"https:\/\/www.ibikecuneo.com\/wp-content\/uploads\/2022\/07\/img448-1024x629.jpg\">\t\t\t\t\t\t<div class=\"img-inner dark\" >\n\t\t\t<img width=\"1020\" height=\"627\" src=\"https:\/\/www.ibikecuneo.com\/wp-content\/uploads\/2022\/07\/img448-1024x629.jpg\" class=\"attachment-large size-large\" alt=\"\" decoding=\"async\" loading=\"lazy\" srcset=\"https:\/\/www.ibikecuneo.com\/wp-content\/uploads\/2022\/07\/img448-1024x629.jpg 1024w, https:\/\/www.ibikecuneo.com\/wp-content\/uploads\/2022\/07\/img448-300x184.jpg 300w, https:\/\/www.ibikecuneo.com\/wp-content\/uploads\/2022\/07\/img448-768x472.jpg 768w, https:\/\/www.ibikecuneo.com\/wp-content\/uploads\/2022\/07\/img448.jpg 1165w\" sizes=\"(max-width: 1020px) 100vw, 1020px\" \/>\t\t\t\t\t\t\n\t\t\t\t\t<\/div>\n\t\t\t\t\t\t<\/a>\t\t\n<style>\n#image_934607799 {\n  width: 100%;\n}\n<\/style>\n\t<\/div>\n\t\n\n\n\t\t<\/div>\n\t\t\t\t\t<\/div>\n\n\t\n\n\t<div id=\"col-1868176709\" class=\"col medium-4 large-4\"  >\n\t\t\t\t<div class=\"col-inner\"  >\n\t\t\t\n\t\t\t\n\n<div class=\"row row-collapse row-full-width\"  id=\"row-1913091717\">\n\n\n\t<div id=\"col-1078095233\" class=\"col small-12 large-12\"  >\n\t\t\t\t<div class=\"col-inner\"  >\n\t\t\t\n\t\t\t\n\n\t<div id=\"text-555215447\" class=\"text\">\n\t\t\n\n<h4>Regionale Spezialit\u00e4ten aus Cuneo und Umgebung<\/h4>\n\n\t\t\n<style>\n#text-555215447 {\n  line-height: 1.2;\n}\n<\/style>\n\t<\/div>\n\t\n\t<div class=\"ux-menu stack stack-col justify-start ux-menu--divider-solid\">\n\t\t\n\n\t<div class=\"ux-menu-link flex menu-item\">\n\t\t<a class=\"ux-menu-link__link flex\" href=\"https:\/\/www.ibikecuneo.com\/i-sapori-del-cuneese\/le-paste-di-meliga-e-il-mulino-di-dronero\/\"  >\n\t\t\t\t\t\t<span class=\"ux-menu-link__text\">\n\t\t\t\tMaiskekse und die M\u00fchle von Dronero\t\t\t<\/span>\n\t\t<\/a>\n\t<\/div>\n\t\n\n\t<div class=\"ux-menu-link flex menu-item\">\n\t\t<a class=\"ux-menu-link__link flex\" href=\"https:\/\/www.ibikecuneo.com\/i-sapori-del-cuneese\/la-segale-e-il-museo-di-santanna-di-valdieri\/\"  >\n\t\t\t\t\t\t<span class=\"ux-menu-link__text\">\n\t\t\t\tDer Roggen und das Museum von Sant\u2019Anna di Valdieri\t\t\t<\/span>\n\t\t<\/a>\n\t<\/div>\n\t\n\n\t<div class=\"ux-menu-link flex menu-item\">\n\t\t<a class=\"ux-menu-link__link flex\" href=\"https:\/\/www.ibikecuneo.com\/i-sapori-del-cuneese\/i-cuneesi-e-i-mastri-pasticceri\/\"  >\n\t\t\t\t\t\t<span class=\"ux-menu-link__text\">\n\t\t\t\tDie Cuneesi und die Kunst der Konditorei\t\t\t<\/span>\n\t\t<\/a>\n\t<\/div>\n\t\n\n\t<div class=\"ux-menu-link flex menu-item\">\n\t\t<a class=\"ux-menu-link__link flex\" href=\"https:\/\/www.ibikecuneo.com\/i-sapori-del-cuneese\/frutta-e-verdura\/\"  >\n\t\t\t\t\t\t<span class=\"ux-menu-link__text\">\n\t\t\t\tObst und Gem\u00fcse\t\t\t<\/span>\n\t\t<\/a>\n\t<\/div>\n\t\n\n\t<div class=\"ux-menu-link flex menu-item\">\n\t\t<a class=\"ux-menu-link__link flex\" href=\"https:\/\/www.ibikecuneo.com\/i-sapori-del-cuneese\/i-formaggi-e-le-carni\/\"  >\n\t\t\t\t\t\t<span class=\"ux-menu-link__text\">\n\t\t\t\tK\u00e4se und Fleisch\t\t\t<\/span>\n\t\t<\/a>\n\t<\/div>\n\t\n\n\t<div class=\"ux-menu-link flex menu-item\">\n\t\t<a class=\"ux-menu-link__link flex\" href=\"https:\/\/www.ibikecuneo.com\/i-sapori-del-cuneese\/bere-bene\/\"  >\n\t\t\t\t\t\t<span class=\"ux-menu-link__text\">\n\t\t\t\tTrinkkultur\t\t\t<\/span>\n\t\t<\/a>\n\t<\/div>\n\t\n\n\t<div class=\"ux-menu-link flex menu-item\">\n\t\t<a class=\"ux-menu-link__link flex\" href=\"https:\/\/www.ibikecuneo.com\/i-sapori-del-cuneese\/la-cultura-gastronomica-montana\/\"  >\n\t\t\t\t\t\t<span class=\"ux-menu-link__text\">\n\t\t\t\tDie gastronomische Kultur der Berge\t\t\t<\/span>\n\t\t<\/a>\n\t<\/div>\n\t\n\n\n\t<\/div>\n\t\n\n\t\t<\/div>\n\t\t\t\t\t<\/div>\n\n\t\n\n<\/div>\n\n\n\n\n\t\t<\/div>\n\t\t\t\t\t<\/div>\n\n\t\n\n<\/div>\n\n\t\t<\/div>\n\n\t\t\n<style>\n#section_944993680 {\n  padding-top: 30px;\n  padding-bottom: 30px;\n}\n#section_944993680 .ux-shape-divider--top svg {\n  height: 150px;\n  --divider-top-width: 100%;\n}\n#section_944993680 .ux-shape-divider--bottom svg {\n  height: 150px;\n  --divider-width: 100%;\n}\n<\/style>\n\t<\/section>\n\t\n\n","protected":false},"excerpt":{"rendered":"","protected":false},"author":1,"featured_media":741,"parent":1078,"menu_order":7,"comment_status":"closed","ping_status":"closed","template":"","meta":[],"_links":{"self":[{"href":"https:\/\/www.ibikecuneo.com\/de\/wp-json\/wp\/v2\/pages\/1093"}],"collection":[{"href":"https:\/\/www.ibikecuneo.com\/de\/wp-json\/wp\/v2\/pages"}],"about":[{"href":"https:\/\/www.ibikecuneo.com\/de\/wp-json\/wp\/v2\/types\/page"}],"author":[{"embeddable":true,"href":"https:\/\/www.ibikecuneo.com\/de\/wp-json\/wp\/v2\/users\/1"}],"replies":[{"embeddable":true,"href":"https:\/\/www.ibikecuneo.com\/de\/wp-json\/wp\/v2\/comments?post=1093"}],"version-history":[{"count":1,"href":"https:\/\/www.ibikecuneo.com\/de\/wp-json\/wp\/v2\/pages\/1093\/revisions"}],"predecessor-version":[{"id":1094,"href":"https:\/\/www.ibikecuneo.com\/de\/wp-json\/wp\/v2\/pages\/1093\/revisions\/1094"}],"up":[{"embeddable":true,"href":"https:\/\/www.ibikecuneo.com\/de\/wp-json\/wp\/v2\/pages\/1078"}],"wp:featuredmedia":[{"embeddable":true,"href":"https:\/\/www.ibikecuneo.com\/de\/wp-json\/wp\/v2\/media\/741"}],"wp:attachment":[{"href":"https:\/\/www.ibikecuneo.com\/de\/wp-json\/wp\/v2\/media?parent=1093"}],"curies":[{"name":"wp","href":"https:\/\/api.w.org\/{rel}","templated":true}]}}