{"id":1593,"date":"2022-09-28T14:27:36","date_gmt":"2022-09-28T14:27:36","guid":{"rendered":"https:\/\/www.ibikecuneo.com\/von-cuneo-zu-vermenagna-tal\/"},"modified":"2022-10-05T10:11:04","modified_gmt":"2022-10-05T10:11:04","slug":"von-cuneo-zu-vermenagna-tal","status":"publish","type":"page","link":"https:\/\/www.ibikecuneo.com\/de\/routen\/von-cuneo-bis-zum-tenda-pass-mit-dem-fahrrad-eine-alte-saltzstrasse-entlang\/von-cuneo-zu-vermenagna-tal\/","title":{"rendered":"Von Cuneo zu Vermenagna Tal"},"content":{"rendered":"\n  <div id=\"page-header-265719306\" class=\"page-header-wrapper\">\n  <div class=\"page-title dark featured-title\">\n\n        <div class=\"page-title-bg\">\n      <div class=\"title-bg fill bg-fill\"\n        data-parallax-container=\".page-title\"\n        data-parallax-background\n        data-parallax=\"-\">\n      <\/div>\n      <div class=\"title-overlay fill\"><\/div>\n    <\/div>\n    \n    <div class=\"page-title-inner container align-center flex-row medium-flex-wrap\" >\n              <div class=\"title-wrapper flex-col text-left medium-text-center\">\n          <h1 class=\"entry-title mb-0\">\n            Von Cuneo zu Vermenagna Tal          <\/h1>\n        <\/div>\n                    <div class=\"title-content flex-col flex-right text-right medium-text-center\">\n        <div class=\"title-breadcrumbs pb-half pt-half\"><\/div>      <\/div>\n    <\/div>\n\n     \n<style>\n#page-header-265719306 .page-title-inner {\n  min-height: 160px;\n}\n#page-header-265719306 .title-bg {\n  background-image: url(https:\/\/www.ibikecuneo.com\/wp-content\/uploads\/2022\/10\/seg1_DA-CUNEO-ALLA-VALLE-VERMENAGNA-2-FOTO-G.-BERNARDI.jpg);\n}\n#page-header-265719306 .title-overlay {\n  background-color: rgba(0,0,0,.5);\n}\n<\/style>\n  <\/div>\n    <\/div>\n  \n\n\t<section class=\"section\" id=\"section_1004884458\">\n\t\t<div class=\"bg section-bg fill bg-fill  bg-loaded\" >\n\n\t\t\t\n\t\t\t\n\t\t\t\n\n\t\t<\/div>\n\n\t\t\n\n\t\t<div class=\"section-content relative\">\n\t\t\t\n\n<div class=\"row row-large row-divided\"  id=\"row-1942050885\">\n\n\n\t<div id=\"col-2002607721\" class=\"col medium-8 large-8\"  >\n\t\t\t\t<div class=\"col-inner\"  >\n\t\t\t\n\t\t\t\n\n<p>Von Cuneo, von der Seite des Gessoflusses, muss man Richtung Borgo San Dalmazzo den Radweg folgen, der in Flussn\u00e4he l\u00e4uft.<\/p>\n<p>In Borgo San Dalmazzo muss man die Rocchiuse und Don Minzoni Gassen entlang fahren und dann die Stra\u00dfe innerhalb der Italcementi-Fabrik folgen. Diese Stra\u00dfe m\u00fcndet direkt in der Staatsstra\u00dfe 20, der in kurzer Zeit zu Roccavione f\u00fchrt. Am Anfang des zwanzigsten Jahrhunderts beliebter Ferienort am F\u00fc\u00dfe der Berge, und wegen seiner Lage entlang der Turin-C\u00f4te d\u02b9Azur Eisenbahnlinie bevorzugt, Roccavione z\u00e4hlt mehrere Beispiele von Villen die in Jugendstil oder Eklektischen Stil gebaut wurden.<\/p>\n<p>Um das n\u00e4chsten Dorf, Robilante, zu erreichen, wo ein Besuch zum Schifferklavier Museum wert ist, muss man eine Nebenstra\u00dfe folgen, die aufseiten der Eisenbahnlinie l\u00e4uft.<\/p>\n<p>Nach Robilante, der Radweg umgeht den Sibelco Bruch und tritt direkt den Vernante Dorf ein.<\/p>\n\t<div class=\"img has-hover x md-x lg-x y md-y lg-y\" id=\"image_1807179947\">\n\t\t\t\t\t\t\t\t<div class=\"img-inner dark\" >\n\t\t\t<img width=\"1020\" height=\"645\" src=\"https:\/\/www.ibikecuneo.com\/wp-content\/uploads\/2022\/10\/DA-CUNEO-ALLA-VALLE-VERMENAGNA-FOTO-G.-BERNARDI-1024x648.jpg\" class=\"attachment-large size-large\" alt=\"\" decoding=\"async\" loading=\"lazy\" srcset=\"https:\/\/www.ibikecuneo.com\/wp-content\/uploads\/2022\/10\/DA-CUNEO-ALLA-VALLE-VERMENAGNA-FOTO-G.-BERNARDI-1024x648.jpg 1024w, https:\/\/www.ibikecuneo.com\/wp-content\/uploads\/2022\/10\/DA-CUNEO-ALLA-VALLE-VERMENAGNA-FOTO-G.-BERNARDI-300x190.jpg 300w, https:\/\/www.ibikecuneo.com\/wp-content\/uploads\/2022\/10\/DA-CUNEO-ALLA-VALLE-VERMENAGNA-FOTO-G.-BERNARDI-768x486.jpg 768w, https:\/\/www.ibikecuneo.com\/wp-content\/uploads\/2022\/10\/DA-CUNEO-ALLA-VALLE-VERMENAGNA-FOTO-G.-BERNARDI-1536x972.jpg 1536w, https:\/\/www.ibikecuneo.com\/wp-content\/uploads\/2022\/10\/DA-CUNEO-ALLA-VALLE-VERMENAGNA-FOTO-G.-BERNARDI.jpg 2000w\" sizes=\"(max-width: 1020px) 100vw, 1020px\" \/>\t\t\t\t\t\t\n\t\t\t\t\t<\/div>\n\t\t\t\t\t\t\t\t\n<style>\n#image_1807179947 {\n  width: 100%;\n}\n<\/style>\n\t<\/div>\n\t\n\n\t<div class=\"img has-hover x md-x lg-x y md-y lg-y\" id=\"image_350938496\">\n\t\t\t\t\t\t\t\t<div class=\"img-inner dark\" >\n\t\t\t<img width=\"1020\" height=\"679\" src=\"https:\/\/www.ibikecuneo.com\/wp-content\/uploads\/2022\/10\/seg1_DA-CUNEO-ALLA-VALLE-VERMENAGNA-2-FOTO-G.-BERNARDI-1024x682.jpg\" class=\"attachment-large size-large\" alt=\"\" decoding=\"async\" loading=\"lazy\" srcset=\"https:\/\/www.ibikecuneo.com\/wp-content\/uploads\/2022\/10\/seg1_DA-CUNEO-ALLA-VALLE-VERMENAGNA-2-FOTO-G.-BERNARDI-1024x682.jpg 1024w, https:\/\/www.ibikecuneo.com\/wp-content\/uploads\/2022\/10\/seg1_DA-CUNEO-ALLA-VALLE-VERMENAGNA-2-FOTO-G.-BERNARDI-300x200.jpg 300w, https:\/\/www.ibikecuneo.com\/wp-content\/uploads\/2022\/10\/seg1_DA-CUNEO-ALLA-VALLE-VERMENAGNA-2-FOTO-G.-BERNARDI-768x512.jpg 768w, https:\/\/www.ibikecuneo.com\/wp-content\/uploads\/2022\/10\/seg1_DA-CUNEO-ALLA-VALLE-VERMENAGNA-2-FOTO-G.-BERNARDI-1536x1024.jpg 1536w, https:\/\/www.ibikecuneo.com\/wp-content\/uploads\/2022\/10\/seg1_DA-CUNEO-ALLA-VALLE-VERMENAGNA-2-FOTO-G.-BERNARDI.jpg 2000w\" sizes=\"(max-width: 1020px) 100vw, 1020px\" \/>\t\t\t\t\t\t\n\t\t\t\t\t<\/div>\n\t\t\t\t\t\t\t\t\n<style>\n#image_350938496 {\n  width: 100%;\n}\n<\/style>\n\t<\/div>\n\t\n\n\t<div class=\"img has-hover x md-x lg-x y md-y lg-y\" id=\"image_996377541\">\n\t\t\t\t\t\t\t\t<div class=\"img-inner dark\" >\n\t\t\t<img width=\"1020\" height=\"679\" src=\"https:\/\/www.ibikecuneo.com\/wp-content\/uploads\/2022\/10\/DA-CUNEO-ALLA-VAL-VERMENAGNA-3-FOTO-G.-BERNARDI-1024x682.jpg\" class=\"attachment-large size-large\" alt=\"\" decoding=\"async\" loading=\"lazy\" srcset=\"https:\/\/www.ibikecuneo.com\/wp-content\/uploads\/2022\/10\/DA-CUNEO-ALLA-VAL-VERMENAGNA-3-FOTO-G.-BERNARDI-1024x682.jpg 1024w, https:\/\/www.ibikecuneo.com\/wp-content\/uploads\/2022\/10\/DA-CUNEO-ALLA-VAL-VERMENAGNA-3-FOTO-G.-BERNARDI-300x200.jpg 300w, https:\/\/www.ibikecuneo.com\/wp-content\/uploads\/2022\/10\/DA-CUNEO-ALLA-VAL-VERMENAGNA-3-FOTO-G.-BERNARDI-768x512.jpg 768w, https:\/\/www.ibikecuneo.com\/wp-content\/uploads\/2022\/10\/DA-CUNEO-ALLA-VAL-VERMENAGNA-3-FOTO-G.-BERNARDI-1536x1024.jpg 1536w, https:\/\/www.ibikecuneo.com\/wp-content\/uploads\/2022\/10\/DA-CUNEO-ALLA-VAL-VERMENAGNA-3-FOTO-G.-BERNARDI.jpg 2000w\" sizes=\"(max-width: 1020px) 100vw, 1020px\" \/>\t\t\t\t\t\t\n\t\t\t\t\t<\/div>\n\t\t\t\t\t\t\t\t\n<style>\n#image_996377541 {\n  width: 100%;\n}\n<\/style>\n\t<\/div>\n\t\n\n\n\t\t<\/div>\n\t\t\t\t\t<\/div>\n\n\t\n\n\t<div id=\"col-613611174\" class=\"col medium-4 large-4\"  >\n\t\t\t\t<div class=\"col-inner\"  >\n\t\t\t\n\t\t\t\n\n<div class=\"row row-collapse row-full-width\"  id=\"row-1967029314\">\r\n\r\n\n\t<div id=\"col-349231410\" class=\"col small-12 large-12\"  >\n\t\t\t\t<div class=\"col-inner\"  >\n\t\t\t\n\t\t\t\r\n\r\n\t<div id=\"text-680109684\" class=\"text\">\n\t\t\r\n\r\n<h4>Von Cuneo bis zum Tenda-Pass, mit dem Fahrrad eine alte Saltzstra\u00dfe entlang<\/h4>\r\n<h5>Segmenti<\/h5>\r\n\t\t\n<style>\n#text-680109684 {\n  line-height: 1.2;\n}\n<\/style>\n\t<\/div>\n\t\r\n\t<div class=\"ux-menu stack stack-col justify-start ux-menu--divider-solid\">\n\t\t\r\n\r\n\t<div class=\"ux-menu-link flex menu-item\">\n\t\t<a class=\"ux-menu-link__link flex\" href=\"https:\/\/www.ibikecuneo.com\/percorsi\/percorso-5\/da-cuneo-alla-valle-vermenagna\/\"  >\n\t\t\t\t\t\t<span class=\"ux-menu-link__text\">\n\t\t\t\tVon Cuneo zu Vermenagna Tal\t\t\t<\/span>\n\t\t<\/a>\n\t<\/div>\n\t\r\n\r\n\t<div class=\"ux-menu-link flex menu-item\">\n\t\t<a class=\"ux-menu-link__link flex\" href=\"https:\/\/www.ibikecuneo.com\/percorsi\/percorso-5\/il-paese-di-pinocchio\/\"  >\n\t\t\t\t\t\t<span class=\"ux-menu-link__text\">\n\t\t\t\tDas Dorf von Pinocchio\t\t\t<\/span>\n\t\t<\/a>\n\t<\/div>\n\t\r\n\r\n\t<div class=\"ux-menu-link flex menu-item\">\n\t\t<a class=\"ux-menu-link__link flex\" href=\"https:\/\/www.ibikecuneo.com\/percorsi\/percorso-5\/palanfre-gioiello-di-architettura-alpina\/\"  >\n\t\t\t\t\t\t<span class=\"ux-menu-link__text\">\n\t\t\t\tPalanfr\u00e8, Model von Alpinarchitektur\t\t\t<\/span>\n\t\t<\/a>\n\t<\/div>\n\t\r\n\r\n\t<div class=\"ux-menu-link flex menu-item\">\n\t\t<a class=\"ux-menu-link__link flex\" href=\"https:\/\/www.ibikecuneo.com\/percorsi\/percorso-5\/una-grande-stazione-di-sci\/\"  >\n\t\t\t\t\t\t<span class=\"ux-menu-link__text\">\n\t\t\t\tEin herrliche Wintersportgebiet\t\t\t<\/span>\n\t\t<\/a>\n\t<\/div>\n\t\r\n\r\n\t<div class=\"ux-menu-link flex menu-item\">\n\t\t<a class=\"ux-menu-link__link flex\" href=\"https:\/\/www.ibikecuneo.com\/percorsi\/percorso-5\/i-forti-del-colle-di-tenda-e-la-via-del-sale\/\"  >\n\t\t\t\t\t\t<span class=\"ux-menu-link__text\">\n\t\t\t\tDie Festungen des Tenda-Passes und die Hohe Salzstra\u00dfe\t\t\t<\/span>\n\t\t<\/a>\n\t<\/div>\n\t\r\n\r\n\r\n\t<\/div>\n\t\r\n<div class=\"text-center\"><div class=\"is-divider divider clearfix\" style=\"background-color:rgb(0, 162, 157);\"><\/div><\/div>\r\n\r\n\t<div id=\"text-926964453\" class=\"text\">\n\t\t\r\n\r\n<h4>Altri percorsi<\/h4>\r\n\t\t\n<style>\n#text-926964453 {\n  line-height: 1.2;\n}\n<\/style>\n\t<\/div>\n\t\r\n\t<div class=\"ux-menu stack stack-col justify-start ux-menu--divider-solid\">\n\t\t\r\n\r\n\t<div class=\"ux-menu-link flex menu-item\">\n\t\t<a class=\"ux-menu-link__link flex\" href=\"https:\/\/www.ibikecuneo.com\/percorsi\/alla-scoperta-di-cuneo-e-del-parco-fluviale-gesso-e-stura\/\"  >\n\t\t\t\t\t\t<span class=\"ux-menu-link__text\">\n\t\t\t\tCuneo und der Flusspark Gesso und Stura\t\t\t<\/span>\n\t\t<\/a>\n\t<\/div>\n\t\r\n\r\n\t<div class=\"ux-menu-link flex menu-item\">\n\t\t<a class=\"ux-menu-link__link flex\" href=\"https:\/\/www.ibikecuneo.com\/percorsi\/pedalare-tra-arte-e-natura-cuneo-valle-grana-e-valle-maira\/\"  >\n\t\t\t\t\t\t<span class=\"ux-menu-link__text\">\n\t\t\t\tEine Radtour im Zeichen von Kunst und Natur: Cuneo, Grana-Tal und Maira-Tal\t\t\t<\/span>\n\t\t<\/a>\n\t<\/div>\n\t\r\n\r\n\t<div class=\"ux-menu-link flex menu-item\">\n\t\t<a class=\"ux-menu-link__link flex\" href=\"https:\/\/www.ibikecuneo.com\/percorsi\/in-bicicletta-tra-cuneo-mondovi-vicoforte-e-chiusa-di-pesio\/\"  >\n\t\t\t\t\t\t<span class=\"ux-menu-link__text\">\n\t\t\t\tEine Radtour von Cuneo nach Mondov\u00ec, Vicoforte und Chiusa di Pesio\t\t\t<\/span>\n\t\t<\/a>\n\t<\/div>\n\t\r\n\r\n\t<div class=\"ux-menu-link flex menu-item\">\n\t\t<a class=\"ux-menu-link__link flex\" href=\"https:\/\/www.ibikecuneo.com\/percorsi\/da-cuneo-alle-terme-di-valdieri-pedalare-tra-natura-e-benessere\/\"  >\n\t\t\t\t\t\t<span class=\"ux-menu-link__text\">\n\t\t\t\tVon Cuneo zu den Thermen von Valdieri, eine Radtour zwischen Natur und Wellness\t\t\t<\/span>\n\t\t<\/a>\n\t<\/div>\n\t\r\n\r\n\r\n\t<\/div>\n\t\r\n\r\n\t\t<\/div>\n\t\t\t\t\t<\/div>\n\n\t\r\n\r\n<\/div>\n\n\n\n\n\t\t<\/div>\n\t\t\t\t\t<\/div>\n\n\t\n\n<\/div>\n\n\t\t<\/div>\n\n\t\t\n<style>\n#section_1004884458 {\n  padding-top: 30px;\n  padding-bottom: 30px;\n}\n#section_1004884458 .ux-shape-divider--top svg {\n  height: 150px;\n  --divider-top-width: 100%;\n}\n#section_1004884458 .ux-shape-divider--bottom svg {\n  height: 150px;\n  --divider-width: 100%;\n}\n<\/style>\n\t<\/section>\n\t\n\n","protected":false},"excerpt":{"rendered":"","protected":false},"author":1,"featured_media":1663,"parent":1605,"menu_order":1,"comment_status":"closed","ping_status":"closed","template":"","meta":[],"_links":{"self":[{"href":"https:\/\/www.ibikecuneo.com\/de\/wp-json\/wp\/v2\/pages\/1593"}],"collection":[{"href":"https:\/\/www.ibikecuneo.com\/de\/wp-json\/wp\/v2\/pages"}],"about":[{"href":"https:\/\/www.ibikecuneo.com\/de\/wp-json\/wp\/v2\/types\/page"}],"author":[{"embeddable":true,"href":"https:\/\/www.ibikecuneo.com\/de\/wp-json\/wp\/v2\/users\/1"}],"replies":[{"embeddable":true,"href":"https:\/\/www.ibikecuneo.com\/de\/wp-json\/wp\/v2\/comments?post=1593"}],"version-history":[{"count":4,"href":"https:\/\/www.ibikecuneo.com\/de\/wp-json\/wp\/v2\/pages\/1593\/revisions"}],"predecessor-version":[{"id":1712,"href":"https:\/\/www.ibikecuneo.com\/de\/wp-json\/wp\/v2\/pages\/1593\/revisions\/1712"}],"up":[{"embeddable":true,"href":"https:\/\/www.ibikecuneo.com\/de\/wp-json\/wp\/v2\/pages\/1605"}],"wp:featuredmedia":[{"embeddable":true,"href":"https:\/\/www.ibikecuneo.com\/de\/wp-json\/wp\/v2\/media\/1663"}],"wp:attachment":[{"href":"https:\/\/www.ibikecuneo.com\/de\/wp-json\/wp\/v2\/media?parent=1593"}],"curies":[{"name":"wp","href":"https:\/\/api.w.org\/{rel}","templated":true}]}}