{"id":1597,"date":"2022-09-28T14:28:55","date_gmt":"2022-09-28T14:28:55","guid":{"rendered":"https:\/\/www.ibikecuneo.com\/das-dorf-von-pinocchio\/"},"modified":"2022-10-05T10:07:34","modified_gmt":"2022-10-05T10:07:34","slug":"das-dorf-von-pinocchio","status":"publish","type":"page","link":"https:\/\/www.ibikecuneo.com\/de\/routen\/von-cuneo-bis-zum-tenda-pass-mit-dem-fahrrad-eine-alte-saltzstrasse-entlang\/das-dorf-von-pinocchio\/","title":{"rendered":"Das Dorf von Pinocchio"},"content":{"rendered":"\n  <div id=\"page-header-756881899\" class=\"page-header-wrapper\">\n  <div class=\"page-title dark featured-title\">\n\n        <div class=\"page-title-bg\">\n      <div class=\"title-bg fill bg-fill\"\n        data-parallax-container=\".page-title\"\n        data-parallax-background\n        data-parallax=\"-\">\n      <\/div>\n      <div class=\"title-overlay fill\"><\/div>\n    <\/div>\n    \n    <div class=\"page-title-inner container align-center flex-row medium-flex-wrap\" >\n              <div class=\"title-wrapper flex-col text-left medium-text-center\">\n          <h1 class=\"entry-title mb-0\">\n            Das Dorf von Pinocchio          <\/h1>\n        <\/div>\n                    <div class=\"title-content flex-col flex-right text-right medium-text-center\">\n        <div class=\"title-breadcrumbs pb-half pt-half\"><\/div>      <\/div>\n    <\/div>\n\n     \n<style>\n#page-header-756881899 .page-title-inner {\n  min-height: 160px;\n}\n#page-header-756881899 .title-bg {\n  background-image: url(https:\/\/www.ibikecuneo.com\/wp-content\/uploads\/2022\/10\/seg2_IL-PAESE-DI-PINOCCHIO-VERNANTE-FOTO-G.-BERNARDI.jpg);\n}\n#page-header-756881899 .title-overlay {\n  background-color: rgba(0,0,0,.5);\n}\n<\/style>\n  <\/div>\n    <\/div>\n  \n\n\t<section class=\"section\" id=\"section_1327665250\">\n\t\t<div class=\"bg section-bg fill bg-fill  bg-loaded\" >\n\n\t\t\t\n\t\t\t\n\t\t\t\n\n\t\t<\/div>\n\n\t\t\n\n\t\t<div class=\"section-content relative\">\n\t\t\t\n\n<div class=\"row row-large row-divided\"  id=\"row-1720513057\">\n\n\n\t<div id=\"col-573261971\" class=\"col medium-8 large-8\"  >\n\t\t\t\t<div class=\"col-inner\"  >\n\t\t\t\n\t\t\t\n\n<p>F\u00fcr die Herstellung von <em>Vernantin<\/em> Messer ber\u00fchmt, die mit Klingen aus geh\u00e4rteter Stahl und Henkel aus Kuhhorn gebaut werden, Vernante ist vor kurzem auch mit Pinocchio verbunden geworden. Auf die Mauern des Geb\u00e4ude in der Gassen und Stra\u00dfen wurden von zwei lokaler Maler (Bruno Carletto &#8222;Carlet&#8220; und Bartolomeo Cavallera &#8222;Meo&#8220;) mehr als 150 Wandmalereien angestrichen, die die Geschichte der Hampelmann von Carlo Collodi erz\u00e4hlen.<\/p>\n<p>Sie wurden als Hommage f\u00fcr das Werk von Attilio Mussino entworfen, der Autor der Bilder der bekanntesten Edition des Buch &#8222;Abenteuer des Pinocchio&#8220; die in 1911 gedruckt wurde. Mussino, in Turin geboren, verbrachte seine letzten Lebensjahren in diesem Dorf des Vermenagna Tal; hier in den Geb\u00e4ude der ex-Bruderschaft kann man ein Museum \u00fcber ihn besuchen und die viele originale Zeichnungen, Gem\u00e4lde und Publikationen sehen, die der Pro loco von Vernante geschenkt wurden.<\/p>\n\t<div class=\"img has-hover x md-x lg-x y md-y lg-y\" id=\"image_376175234\">\n\t\t\t\t\t\t\t\t<div class=\"img-inner dark\" >\n\t\t\t<img width=\"1020\" height=\"765\" src=\"https:\/\/www.ibikecuneo.com\/wp-content\/uploads\/2022\/10\/seg2_IL-PAESE-DI-PINOCCHIO-VERNANTE-FOTO-G.-BERNARDI-1024x768.jpg\" class=\"attachment-large size-large\" alt=\"\" decoding=\"async\" loading=\"lazy\" srcset=\"https:\/\/www.ibikecuneo.com\/wp-content\/uploads\/2022\/10\/seg2_IL-PAESE-DI-PINOCCHIO-VERNANTE-FOTO-G.-BERNARDI-1024x768.jpg 1024w, https:\/\/www.ibikecuneo.com\/wp-content\/uploads\/2022\/10\/seg2_IL-PAESE-DI-PINOCCHIO-VERNANTE-FOTO-G.-BERNARDI-300x225.jpg 300w, https:\/\/www.ibikecuneo.com\/wp-content\/uploads\/2022\/10\/seg2_IL-PAESE-DI-PINOCCHIO-VERNANTE-FOTO-G.-BERNARDI-768x576.jpg 768w, https:\/\/www.ibikecuneo.com\/wp-content\/uploads\/2022\/10\/seg2_IL-PAESE-DI-PINOCCHIO-VERNANTE-FOTO-G.-BERNARDI-1536x1152.jpg 1536w, https:\/\/www.ibikecuneo.com\/wp-content\/uploads\/2022\/10\/seg2_IL-PAESE-DI-PINOCCHIO-VERNANTE-FOTO-G.-BERNARDI.jpg 2000w\" sizes=\"(max-width: 1020px) 100vw, 1020px\" \/>\t\t\t\t\t\t\n\t\t\t\t\t<\/div>\n\t\t\t\t\t\t\t\t\n<style>\n#image_376175234 {\n  width: 100%;\n}\n<\/style>\n\t<\/div>\n\t\n\n\n\t\t<\/div>\n\t\t\t\t\t<\/div>\n\n\t\n\n\t<div id=\"col-175243767\" class=\"col medium-4 large-4\"  >\n\t\t\t\t<div class=\"col-inner\"  >\n\t\t\t\n\t\t\t\n\n<div class=\"row row-collapse row-full-width\"  id=\"row-1068174893\">\r\n\r\n\n\t<div id=\"col-386123036\" class=\"col small-12 large-12\"  >\n\t\t\t\t<div class=\"col-inner\"  >\n\t\t\t\n\t\t\t\r\n\r\n\t<div id=\"text-2514302758\" class=\"text\">\n\t\t\r\n\r\n<h4>Von Cuneo bis zum Tenda-Pass, mit dem Fahrrad eine alte Saltzstra\u00dfe entlang<\/h4>\r\n<h5>Segmenti<\/h5>\r\n\t\t\n<style>\n#text-2514302758 {\n  line-height: 1.2;\n}\n<\/style>\n\t<\/div>\n\t\r\n\t<div class=\"ux-menu stack stack-col justify-start ux-menu--divider-solid\">\n\t\t\r\n\r\n\t<div class=\"ux-menu-link flex menu-item\">\n\t\t<a class=\"ux-menu-link__link flex\" href=\"https:\/\/www.ibikecuneo.com\/percorsi\/percorso-5\/da-cuneo-alla-valle-vermenagna\/\"  >\n\t\t\t\t\t\t<span class=\"ux-menu-link__text\">\n\t\t\t\tVon Cuneo zu Vermenagna Tal\t\t\t<\/span>\n\t\t<\/a>\n\t<\/div>\n\t\r\n\r\n\t<div class=\"ux-menu-link flex menu-item\">\n\t\t<a class=\"ux-menu-link__link flex\" href=\"https:\/\/www.ibikecuneo.com\/percorsi\/percorso-5\/il-paese-di-pinocchio\/\"  >\n\t\t\t\t\t\t<span class=\"ux-menu-link__text\">\n\t\t\t\tDas Dorf von Pinocchio\t\t\t<\/span>\n\t\t<\/a>\n\t<\/div>\n\t\r\n\r\n\t<div class=\"ux-menu-link flex menu-item\">\n\t\t<a class=\"ux-menu-link__link flex\" href=\"https:\/\/www.ibikecuneo.com\/percorsi\/percorso-5\/palanfre-gioiello-di-architettura-alpina\/\"  >\n\t\t\t\t\t\t<span class=\"ux-menu-link__text\">\n\t\t\t\tPalanfr\u00e8, Model von Alpinarchitektur\t\t\t<\/span>\n\t\t<\/a>\n\t<\/div>\n\t\r\n\r\n\t<div class=\"ux-menu-link flex menu-item\">\n\t\t<a class=\"ux-menu-link__link flex\" href=\"https:\/\/www.ibikecuneo.com\/percorsi\/percorso-5\/una-grande-stazione-di-sci\/\"  >\n\t\t\t\t\t\t<span class=\"ux-menu-link__text\">\n\t\t\t\tEin herrliche Wintersportgebiet\t\t\t<\/span>\n\t\t<\/a>\n\t<\/div>\n\t\r\n\r\n\t<div class=\"ux-menu-link flex menu-item\">\n\t\t<a class=\"ux-menu-link__link flex\" href=\"https:\/\/www.ibikecuneo.com\/percorsi\/percorso-5\/i-forti-del-colle-di-tenda-e-la-via-del-sale\/\"  >\n\t\t\t\t\t\t<span class=\"ux-menu-link__text\">\n\t\t\t\tDie Festungen des Tenda-Passes und die Hohe Salzstra\u00dfe\t\t\t<\/span>\n\t\t<\/a>\n\t<\/div>\n\t\r\n\r\n\r\n\t<\/div>\n\t\r\n<div class=\"text-center\"><div class=\"is-divider divider clearfix\" style=\"background-color:rgb(0, 162, 157);\"><\/div><\/div>\r\n\r\n\t<div id=\"text-2758301402\" class=\"text\">\n\t\t\r\n\r\n<h4>Altri percorsi<\/h4>\r\n\t\t\n<style>\n#text-2758301402 {\n  line-height: 1.2;\n}\n<\/style>\n\t<\/div>\n\t\r\n\t<div class=\"ux-menu stack stack-col justify-start ux-menu--divider-solid\">\n\t\t\r\n\r\n\t<div class=\"ux-menu-link flex menu-item\">\n\t\t<a class=\"ux-menu-link__link flex\" href=\"https:\/\/www.ibikecuneo.com\/percorsi\/alla-scoperta-di-cuneo-e-del-parco-fluviale-gesso-e-stura\/\"  >\n\t\t\t\t\t\t<span class=\"ux-menu-link__text\">\n\t\t\t\tCuneo und der Flusspark Gesso und Stura\t\t\t<\/span>\n\t\t<\/a>\n\t<\/div>\n\t\r\n\r\n\t<div class=\"ux-menu-link flex menu-item\">\n\t\t<a class=\"ux-menu-link__link flex\" href=\"https:\/\/www.ibikecuneo.com\/percorsi\/pedalare-tra-arte-e-natura-cuneo-valle-grana-e-valle-maira\/\"  >\n\t\t\t\t\t\t<span class=\"ux-menu-link__text\">\n\t\t\t\tEine Radtour im Zeichen von Kunst und Natur: Cuneo, Grana-Tal und Maira-Tal\t\t\t<\/span>\n\t\t<\/a>\n\t<\/div>\n\t\r\n\r\n\t<div class=\"ux-menu-link flex menu-item\">\n\t\t<a class=\"ux-menu-link__link flex\" href=\"https:\/\/www.ibikecuneo.com\/percorsi\/in-bicicletta-tra-cuneo-mondovi-vicoforte-e-chiusa-di-pesio\/\"  >\n\t\t\t\t\t\t<span class=\"ux-menu-link__text\">\n\t\t\t\tEine Radtour von Cuneo nach Mondov\u00ec, Vicoforte und Chiusa di Pesio\t\t\t<\/span>\n\t\t<\/a>\n\t<\/div>\n\t\r\n\r\n\t<div class=\"ux-menu-link flex menu-item\">\n\t\t<a class=\"ux-menu-link__link flex\" href=\"https:\/\/www.ibikecuneo.com\/percorsi\/da-cuneo-alle-terme-di-valdieri-pedalare-tra-natura-e-benessere\/\"  >\n\t\t\t\t\t\t<span class=\"ux-menu-link__text\">\n\t\t\t\tVon Cuneo zu den Thermen von Valdieri, eine Radtour zwischen Natur und Wellness\t\t\t<\/span>\n\t\t<\/a>\n\t<\/div>\n\t\r\n\r\n\r\n\t<\/div>\n\t\r\n\r\n\t\t<\/div>\n\t\t\t\t\t<\/div>\n\n\t\r\n\r\n<\/div>\n\n\n\n\n\t\t<\/div>\n\t\t\t\t\t<\/div>\n\n\t\n\n<\/div>\n\n\t\t<\/div>\n\n\t\t\n<style>\n#section_1327665250 {\n  padding-top: 30px;\n  padding-bottom: 30px;\n}\n#section_1327665250 .ux-shape-divider--top svg {\n  height: 150px;\n  --divider-top-width: 100%;\n}\n#section_1327665250 .ux-shape-divider--bottom svg {\n  height: 150px;\n  --divider-width: 100%;\n}\n<\/style>\n\t<\/section>\n\t\n\n","protected":false},"excerpt":{"rendered":"","protected":false},"author":1,"featured_media":1658,"parent":1605,"menu_order":2,"comment_status":"closed","ping_status":"closed","template":"","meta":[],"_links":{"self":[{"href":"https:\/\/www.ibikecuneo.com\/de\/wp-json\/wp\/v2\/pages\/1597"}],"collection":[{"href":"https:\/\/www.ibikecuneo.com\/de\/wp-json\/wp\/v2\/pages"}],"about":[{"href":"https:\/\/www.ibikecuneo.com\/de\/wp-json\/wp\/v2\/types\/page"}],"author":[{"embeddable":true,"href":"https:\/\/www.ibikecuneo.com\/de\/wp-json\/wp\/v2\/users\/1"}],"replies":[{"embeddable":true,"href":"https:\/\/www.ibikecuneo.com\/de\/wp-json\/wp\/v2\/comments?post=1597"}],"version-history":[{"count":4,"href":"https:\/\/www.ibikecuneo.com\/de\/wp-json\/wp\/v2\/pages\/1597\/revisions"}],"predecessor-version":[{"id":1708,"href":"https:\/\/www.ibikecuneo.com\/de\/wp-json\/wp\/v2\/pages\/1597\/revisions\/1708"}],"up":[{"embeddable":true,"href":"https:\/\/www.ibikecuneo.com\/de\/wp-json\/wp\/v2\/pages\/1605"}],"wp:featuredmedia":[{"embeddable":true,"href":"https:\/\/www.ibikecuneo.com\/de\/wp-json\/wp\/v2\/media\/1658"}],"wp:attachment":[{"href":"https:\/\/www.ibikecuneo.com\/de\/wp-json\/wp\/v2\/media?parent=1597"}],"curies":[{"name":"wp","href":"https:\/\/api.w.org\/{rel}","templated":true}]}}