{"id":1603,"date":"2022-09-28T14:32:17","date_gmt":"2022-09-28T14:32:17","guid":{"rendered":"https:\/\/www.ibikecuneo.com\/die-festungen-des-tenda-passes-und-die-hohe-salzstrasse\/"},"modified":"2022-10-05T09:58:51","modified_gmt":"2022-10-05T09:58:51","slug":"die-festungen-des-tenda-passes-und-die-hohe-salzstrasse","status":"publish","type":"page","link":"https:\/\/www.ibikecuneo.com\/de\/routen\/von-cuneo-bis-zum-tenda-pass-mit-dem-fahrrad-eine-alte-saltzstrasse-entlang\/die-festungen-des-tenda-passes-und-die-hohe-salzstrasse\/","title":{"rendered":"Die Festungen des Tenda-Passes und die Hohe Salzstra\u00dfe"},"content":{"rendered":"\n  <div id=\"page-header-2086774203\" class=\"page-header-wrapper\">\n  <div class=\"page-title dark featured-title\">\n\n        <div class=\"page-title-bg\">\n      <div class=\"title-bg fill bg-fill\"\n        data-parallax-container=\".page-title\"\n        data-parallax-background\n        data-parallax=\"-\">\n      <\/div>\n      <div class=\"title-overlay fill\"><\/div>\n    <\/div>\n    \n    <div class=\"page-title-inner container align-center flex-row medium-flex-wrap\" >\n              <div class=\"title-wrapper flex-col text-left medium-text-center\">\n          <h1 class=\"entry-title mb-0\">\n            Die Festungen des Tenda-Passes und die Hohe Salzstra\u00dfe          <\/h1>\n        <\/div>\n                    <div class=\"title-content flex-col flex-right text-right medium-text-center\">\n        <div class=\"title-breadcrumbs pb-half pt-half\"><\/div>      <\/div>\n    <\/div>\n\n     \n<style>\n#page-header-2086774203 .page-title-inner {\n  min-height: 160px;\n}\n#page-header-2086774203 .title-bg {\n  background-image: url(https:\/\/www.ibikecuneo.com\/wp-content\/uploads\/2022\/10\/seg5_ALTA-VIA-DEL-SALE-FOTO-AUGUSTO-RIVELLI.jpg);\n}\n#page-header-2086774203 .title-overlay {\n  background-color: rgba(0,0,0,.5);\n}\n<\/style>\n  <\/div>\n    <\/div>\n  \n\n\t<section class=\"section\" id=\"section_894967199\">\n\t\t<div class=\"bg section-bg fill bg-fill  bg-loaded\" >\n\n\t\t\t\n\t\t\t\n\t\t\t\n\n\t\t<\/div>\n\n\t\t\n\n\t\t<div class=\"section-content relative\">\n\t\t\t\n\n<div class=\"row row-large row-divided\"  id=\"row-184473736\">\n\n\n\t<div id=\"col-2135966464\" class=\"col medium-8 large-8\"  >\n\t\t\t\t<div class=\"col-inner\"  >\n\t\t\t\n\t\t\t\n\n<p>Von Limone eine breite Serpentinenstra\u00dfe f\u00fchrt zum Tenda-Pass. Der Wasserscheide entlang, auf die \u00f6ffnet sich der Pass, sind nicht nur die Geb\u00e4ude der Befestigungslinie Vallo Alpino (Alpenwall) aus dem zweiter Weltkrieg sichtbar; da ragen sechs m\u00e4chtigen Festungen auf (Pepino, Taborda, Centrale, Margaria, Pernante, Giaura), die zwischen 1877 und 1888 als Verteidigungssystem vom Haus Savoyen gebaut wurden. In Kriegszeit nie benutzt, wurden sie von 1915 an entwaffnet. Die Verfassung der Festungen ist heutzutage nicht sicher genug, um sie einzutreten; auf Sicherheitsgr\u00fcnde ist es besser, die Festungen nur von au\u00dfen anzuschauen.<\/p>\n<p>Vom Tenda-Pass trennt sich Richtung Ost eine Milit\u00e4rstra\u00dfe, die gro\u00dfartige hochgelegenen Landschaften durchquert und das Marguareis-Bergmassiv grenzt, um dann Richtung Meer hinunterzufahren. Diese Stra\u00dfe wurde in der letzten Jahren wieder angepasst und hei\u00dft heute &#8222;Via del Sale&#8220; (Salzstra\u00dfe), ein Ausdruck der auf die in dieser Gebiet sehr verbreiteten Verbindungwege hinweist, die als Kerngebiet des Handels zwischen der K\u00fcste und der Po-Ebene galten.<\/p>\n<p>Die Salzstra\u00dfe ist heute eine Mautstra\u00dfe die mit verschiedene Fahrzeuge im Sommer abgefahren werden kann; w\u00e4hrend der Woche sind zwei Tagen nur f\u00fcr &nbsp;Fahrr\u00e4der reserviert.<\/p>\n\t<div class=\"img has-hover x md-x lg-x y md-y lg-y\" id=\"image_1684339099\">\n\t\t\t\t\t\t\t\t<div class=\"img-inner dark\" >\n\t\t\t<img width=\"1020\" height=\"679\" src=\"https:\/\/www.ibikecuneo.com\/wp-content\/uploads\/2022\/10\/seg5_ALTA-VIA-DEL-SALE-FOTO-AUGUSTO-RIVELLI-1024x682.jpg\" class=\"attachment-large size-large\" alt=\"\" decoding=\"async\" loading=\"lazy\" srcset=\"https:\/\/www.ibikecuneo.com\/wp-content\/uploads\/2022\/10\/seg5_ALTA-VIA-DEL-SALE-FOTO-AUGUSTO-RIVELLI-1024x682.jpg 1024w, https:\/\/www.ibikecuneo.com\/wp-content\/uploads\/2022\/10\/seg5_ALTA-VIA-DEL-SALE-FOTO-AUGUSTO-RIVELLI-300x200.jpg 300w, https:\/\/www.ibikecuneo.com\/wp-content\/uploads\/2022\/10\/seg5_ALTA-VIA-DEL-SALE-FOTO-AUGUSTO-RIVELLI-768x512.jpg 768w, https:\/\/www.ibikecuneo.com\/wp-content\/uploads\/2022\/10\/seg5_ALTA-VIA-DEL-SALE-FOTO-AUGUSTO-RIVELLI-1536x1024.jpg 1536w, https:\/\/www.ibikecuneo.com\/wp-content\/uploads\/2022\/10\/seg5_ALTA-VIA-DEL-SALE-FOTO-AUGUSTO-RIVELLI.jpg 2000w\" sizes=\"(max-width: 1020px) 100vw, 1020px\" \/>\t\t\t\t\t\t\n\t\t\t\t\t<\/div>\n\t\t\t\t\t\t\t\t\n<style>\n#image_1684339099 {\n  width: 100%;\n}\n<\/style>\n\t<\/div>\n\t\n\n\n\t\t<\/div>\n\t\t\t\t\t<\/div>\n\n\t\n\n\t<div id=\"col-574405246\" class=\"col medium-4 large-4\"  >\n\t\t\t\t<div class=\"col-inner\"  >\n\t\t\t\n\t\t\t\n\n<div class=\"row row-collapse row-full-width\"  id=\"row-816385255\">\r\n\r\n\n\t<div id=\"col-345278201\" class=\"col small-12 large-12\"  >\n\t\t\t\t<div class=\"col-inner\"  >\n\t\t\t\n\t\t\t\r\n\r\n\t<div id=\"text-2818452770\" class=\"text\">\n\t\t\r\n\r\n<h4>Von Cuneo bis zum Tenda-Pass, mit dem Fahrrad eine alte Saltzstra\u00dfe entlang<\/h4>\r\n<h5>Segmenti<\/h5>\r\n\t\t\n<style>\n#text-2818452770 {\n  line-height: 1.2;\n}\n<\/style>\n\t<\/div>\n\t\r\n\t<div class=\"ux-menu stack stack-col justify-start ux-menu--divider-solid\">\n\t\t\r\n\r\n\t<div class=\"ux-menu-link flex menu-item\">\n\t\t<a class=\"ux-menu-link__link flex\" href=\"https:\/\/www.ibikecuneo.com\/percorsi\/percorso-5\/da-cuneo-alla-valle-vermenagna\/\"  >\n\t\t\t\t\t\t<span class=\"ux-menu-link__text\">\n\t\t\t\tVon Cuneo zu Vermenagna Tal\t\t\t<\/span>\n\t\t<\/a>\n\t<\/div>\n\t\r\n\r\n\t<div class=\"ux-menu-link flex menu-item\">\n\t\t<a class=\"ux-menu-link__link flex\" href=\"https:\/\/www.ibikecuneo.com\/percorsi\/percorso-5\/il-paese-di-pinocchio\/\"  >\n\t\t\t\t\t\t<span class=\"ux-menu-link__text\">\n\t\t\t\tDas Dorf von Pinocchio\t\t\t<\/span>\n\t\t<\/a>\n\t<\/div>\n\t\r\n\r\n\t<div class=\"ux-menu-link flex menu-item\">\n\t\t<a class=\"ux-menu-link__link flex\" href=\"https:\/\/www.ibikecuneo.com\/percorsi\/percorso-5\/palanfre-gioiello-di-architettura-alpina\/\"  >\n\t\t\t\t\t\t<span class=\"ux-menu-link__text\">\n\t\t\t\tPalanfr\u00e8, Model von Alpinarchitektur\t\t\t<\/span>\n\t\t<\/a>\n\t<\/div>\n\t\r\n\r\n\t<div class=\"ux-menu-link flex menu-item\">\n\t\t<a class=\"ux-menu-link__link flex\" href=\"https:\/\/www.ibikecuneo.com\/percorsi\/percorso-5\/una-grande-stazione-di-sci\/\"  >\n\t\t\t\t\t\t<span class=\"ux-menu-link__text\">\n\t\t\t\tEin herrliche Wintersportgebiet\t\t\t<\/span>\n\t\t<\/a>\n\t<\/div>\n\t\r\n\r\n\t<div class=\"ux-menu-link flex menu-item\">\n\t\t<a class=\"ux-menu-link__link flex\" href=\"https:\/\/www.ibikecuneo.com\/percorsi\/percorso-5\/i-forti-del-colle-di-tenda-e-la-via-del-sale\/\"  >\n\t\t\t\t\t\t<span class=\"ux-menu-link__text\">\n\t\t\t\tDie Festungen des Tenda-Passes und die Hohe Salzstra\u00dfe\t\t\t<\/span>\n\t\t<\/a>\n\t<\/div>\n\t\r\n\r\n\r\n\t<\/div>\n\t\r\n<div class=\"text-center\"><div class=\"is-divider divider clearfix\" style=\"background-color:rgb(0, 162, 157);\"><\/div><\/div>\r\n\r\n\t<div id=\"text-658970644\" class=\"text\">\n\t\t\r\n\r\n<h4>Altri percorsi<\/h4>\r\n\t\t\n<style>\n#text-658970644 {\n  line-height: 1.2;\n}\n<\/style>\n\t<\/div>\n\t\r\n\t<div class=\"ux-menu stack stack-col justify-start ux-menu--divider-solid\">\n\t\t\r\n\r\n\t<div class=\"ux-menu-link flex menu-item\">\n\t\t<a class=\"ux-menu-link__link flex\" href=\"https:\/\/www.ibikecuneo.com\/percorsi\/alla-scoperta-di-cuneo-e-del-parco-fluviale-gesso-e-stura\/\"  >\n\t\t\t\t\t\t<span class=\"ux-menu-link__text\">\n\t\t\t\tCuneo und der Flusspark Gesso und Stura\t\t\t<\/span>\n\t\t<\/a>\n\t<\/div>\n\t\r\n\r\n\t<div class=\"ux-menu-link flex menu-item\">\n\t\t<a class=\"ux-menu-link__link flex\" href=\"https:\/\/www.ibikecuneo.com\/percorsi\/pedalare-tra-arte-e-natura-cuneo-valle-grana-e-valle-maira\/\"  >\n\t\t\t\t\t\t<span class=\"ux-menu-link__text\">\n\t\t\t\tEine Radtour im Zeichen von Kunst und Natur: Cuneo, Grana-Tal und Maira-Tal\t\t\t<\/span>\n\t\t<\/a>\n\t<\/div>\n\t\r\n\r\n\t<div class=\"ux-menu-link flex menu-item\">\n\t\t<a class=\"ux-menu-link__link flex\" href=\"https:\/\/www.ibikecuneo.com\/percorsi\/in-bicicletta-tra-cuneo-mondovi-vicoforte-e-chiusa-di-pesio\/\"  >\n\t\t\t\t\t\t<span class=\"ux-menu-link__text\">\n\t\t\t\tEine Radtour von Cuneo nach Mondov\u00ec, Vicoforte und Chiusa di Pesio\t\t\t<\/span>\n\t\t<\/a>\n\t<\/div>\n\t\r\n\r\n\t<div class=\"ux-menu-link flex menu-item\">\n\t\t<a class=\"ux-menu-link__link flex\" href=\"https:\/\/www.ibikecuneo.com\/percorsi\/da-cuneo-alle-terme-di-valdieri-pedalare-tra-natura-e-benessere\/\"  >\n\t\t\t\t\t\t<span class=\"ux-menu-link__text\">\n\t\t\t\tVon Cuneo zu den Thermen von Valdieri, eine Radtour zwischen Natur und Wellness\t\t\t<\/span>\n\t\t<\/a>\n\t<\/div>\n\t\r\n\r\n\r\n\t<\/div>\n\t\r\n\r\n\t\t<\/div>\n\t\t\t\t\t<\/div>\n\n\t\r\n\r\n<\/div>\n\n\n\n\n\t\t<\/div>\n\t\t\t\t\t<\/div>\n\n\t\n\n<\/div>\n\n\t\t<\/div>\n\n\t\t\n<style>\n#section_894967199 {\n  padding-top: 30px;\n  padding-bottom: 30px;\n}\n#section_894967199 .ux-shape-divider--top svg {\n  height: 150px;\n  --divider-top-width: 100%;\n}\n#section_894967199 .ux-shape-divider--bottom svg {\n  height: 150px;\n  --divider-width: 100%;\n}\n<\/style>\n\t<\/section>\n\t\n\n","protected":false},"excerpt":{"rendered":"","protected":false},"author":1,"featured_media":1633,"parent":1605,"menu_order":5,"comment_status":"closed","ping_status":"closed","template":"","meta":[],"_links":{"self":[{"href":"https:\/\/www.ibikecuneo.com\/de\/wp-json\/wp\/v2\/pages\/1603"}],"collection":[{"href":"https:\/\/www.ibikecuneo.com\/de\/wp-json\/wp\/v2\/pages"}],"about":[{"href":"https:\/\/www.ibikecuneo.com\/de\/wp-json\/wp\/v2\/types\/page"}],"author":[{"embeddable":true,"href":"https:\/\/www.ibikecuneo.com\/de\/wp-json\/wp\/v2\/users\/1"}],"replies":[{"embeddable":true,"href":"https:\/\/www.ibikecuneo.com\/de\/wp-json\/wp\/v2\/comments?post=1603"}],"version-history":[{"count":2,"href":"https:\/\/www.ibikecuneo.com\/de\/wp-json\/wp\/v2\/pages\/1603\/revisions"}],"predecessor-version":[{"id":1640,"href":"https:\/\/www.ibikecuneo.com\/de\/wp-json\/wp\/v2\/pages\/1603\/revisions\/1640"}],"up":[{"embeddable":true,"href":"https:\/\/www.ibikecuneo.com\/de\/wp-json\/wp\/v2\/pages\/1605"}],"wp:featuredmedia":[{"embeddable":true,"href":"https:\/\/www.ibikecuneo.com\/de\/wp-json\/wp\/v2\/media\/1633"}],"wp:attachment":[{"href":"https:\/\/www.ibikecuneo.com\/de\/wp-json\/wp\/v2\/media?parent=1603"}],"curies":[{"name":"wp","href":"https:\/\/api.w.org\/{rel}","templated":true}]}}