{"id":1111,"date":"2022-06-17T13:46:30","date_gmt":"2022-06-17T13:46:30","guid":{"rendered":"https:\/\/www.ibikecuneo.com\/pedaler-entre-art-et-nature-coni-le-val-grana-et-le-val-maira\/de-coni-au-val-grana\/"},"modified":"2022-09-29T13:49:31","modified_gmt":"2022-09-29T13:49:31","slug":"de-coni-au-val-grana","status":"publish","type":"page","link":"https:\/\/www.ibikecuneo.com\/fr\/routes\/pedaler-entre-art-et-nature-coni-le-val-grana-et-le-val-maira\/de-coni-au-val-grana\/","title":{"rendered":"De Coni au Val Grana"},"content":{"rendered":"\n  <div id=\"page-header-1435309006\" class=\"page-header-wrapper\">\n  <div class=\"page-title dark featured-title\">\n\n        <div class=\"page-title-bg\">\n      <div class=\"title-bg fill bg-fill\"\n        data-parallax-container=\".page-title\"\n        data-parallax-background\n        data-parallax=\"-\">\n      <\/div>\n      <div class=\"title-overlay fill\"><\/div>\n    <\/div>\n    \n    <div class=\"page-title-inner container align-center flex-row medium-flex-wrap\" >\n              <div class=\"title-wrapper flex-col text-left medium-text-center\">\n          <h1 class=\"entry-title mb-0\">\n            De Coni au Val Grana          <\/h1>\n        <\/div>\n                    <div class=\"title-content flex-col flex-right text-right medium-text-center\">\n        <div class=\"title-breadcrumbs pb-half pt-half\"><\/div>      <\/div>\n    <\/div>\n\n     \n<style>\n#page-header-1435309006 .page-title-inner {\n  min-height: 160px;\n}\n#page-header-1435309006 .title-bg {\n  background-image: url(https:\/\/www.ibikecuneo.com\/wp-content\/uploads\/2022\/07\/img319.jpg);\n}\n#page-header-1435309006 .title-overlay {\n  background-color: rgba(0,0,0,.5);\n}\n<\/style>\n  <\/div>\n    <\/div>\n  \n\n\t<section class=\"section\" id=\"section_1357162298\">\n\t\t<div class=\"bg section-bg fill bg-fill  bg-loaded\" >\n\n\t\t\t\n\t\t\t\n\t\t\t\n\n\t\t<\/div>\n\n\t\t\n\n\t\t<div class=\"section-content relative\">\n\t\t\t\n\n<div class=\"row row-large row-divided\"  id=\"row-1904903928\">\n\n\n\t<div id=\"col-804372400\" class=\"col medium-8 large-8\"  >\n\t\t\t\t<div class=\"col-inner\"  >\n\t\t\t\n\t\t\t\n\n<p>De la Piazza Galimberti, prendre la Via Pascal pour sortir de la ville, en traversant la zone ouest du Parc fluvial Gesso et Stura. On traverse la rivi\u00e8re Stura sur la passerelle cyclable\/pi\u00e9tonni\u00e8re Vassallo, qui a \u00e9t\u00e9 reconstruite apr\u00e8s l\u2019inondation de 2000 et, apr\u00e8s une courte mont\u00e9e sur la Via Giola qui nous fait traverser le hameau de Confreria, on roule sur le plat, en s\u2019enfon\u00e7ant dans des petites routes \u00e0 faible circulation. Le long de l\u2019itin\u00e9raire, on rencontre peu de voitures, juste quelques tracteurs et des \u00e9tendues de champs et des vergers, ainsi que de charmantes petites \u00e9glises et chapelles votives, qui constituent un cadre idyllique, et ce, aux abords de la ville de Coni. L\u2019itin\u00e9raire vers le Val Grana est agr\u00e9able et en rien difficile. L\u2019absence de circulation permet au regard de se perdre dans la vall\u00e9e alpine dont le paysage a peu chang\u00e9 au fil des si\u00e8cles. La zone agricole plane que l\u2019on rencontre ici constitue un exemple d\u2019excellence en mati\u00e8re de production biologique, notamment pour la culture des c\u00e9r\u00e9ales et des grains anciens. Outre la production de c\u00e9r\u00e9ales, le Val Grana est \u00e9galement c\u00e9l\u00e8bre pour son safran et ses fromages.<\/p>\n\t<div class=\"img has-hover x md-x lg-x y md-y lg-y\" id=\"image_1104589164\">\n\t\t<a class=\"image-lightbox lightbox-gallery\" title=\"\" href=\"https:\/\/www.ibikecuneo.com\/wp-content\/uploads\/2022\/07\/img319-1024x610.jpg\">\t\t\t\t\t\t<div class=\"img-inner dark\" >\n\t\t\t<img width=\"1020\" height=\"608\" src=\"https:\/\/www.ibikecuneo.com\/wp-content\/uploads\/2022\/07\/img319-1024x610.jpg\" class=\"attachment-large size-large\" alt=\"\" decoding=\"async\" loading=\"lazy\" srcset=\"https:\/\/www.ibikecuneo.com\/wp-content\/uploads\/2022\/07\/img319-1024x610.jpg 1024w, https:\/\/www.ibikecuneo.com\/wp-content\/uploads\/2022\/07\/img319-300x179.jpg 300w, https:\/\/www.ibikecuneo.com\/wp-content\/uploads\/2022\/07\/img319-768x458.jpg 768w, https:\/\/www.ibikecuneo.com\/wp-content\/uploads\/2022\/07\/img319.jpg 1165w\" sizes=\"(max-width: 1020px) 100vw, 1020px\" \/>\t\t\t\t\t\t\n\t\t\t\t\t<\/div>\n\t\t\t\t\t\t<\/a>\t\t\n<style>\n#image_1104589164 {\n  width: 100%;\n}\n<\/style>\n\t<\/div>\n\t\n\n<div class=\"text-center\"><div class=\"is-divider divider clearfix\" style=\"margin-top:1.8em;margin-bottom:1.8em;max-width:68px;\"><\/div><\/div>\n\n<p>Apr\u00e8s Cervasca et Bernezzo, on traverse le hameau de Vallera o\u00f9 on pourra d\u00e9guster une bonne cr\u00e8me glac\u00e9e chez Gelapajo, un ami des cyclistes qui offre \u00e9galement un espace \u00e9quip\u00e9 pour la r\u00e9paration et la recharge des v\u00e9los. Une fois dans le bourg de Valgrana, les amateurs d\u2019art peuvent opter pour une visite de l\u2019Ospizio della Trinit\u00e0, un b\u00e2timent du XVe si\u00e8cle destin\u00e9 \u00e0 accueillir les p\u00e8lerins. Ce petit \u00e9difice pr\u00e9sente sur sa fa\u00e7ade ext\u00e9rieure une repr\u00e9sentation plut\u00f4t blasph\u00e9matoire de la Trinit\u00e9 qui est d\u00e9peinte sous forme humaine. Ce type de repr\u00e9sentation \u00e9tait consid\u00e9r\u00e9 comme h\u00e9r\u00e9tique et a donc \u00e9t\u00e9 supprim\u00e9 presque partout, sauf \u00e0 Valgrana o\u00f9 se trouve un des rares exemples encore existants. C\u2019est l\u2019h\u00e9ritage du marquisat de Saluzzo, qui veillait \u00e0 la libre diffusion de l\u2019art et de la culture. La petite Cappella di San Bernardo, datant du XVe si\u00e8cle, m\u00e9rite \u00e9galement une visite pour voir ses fresques color\u00e9es et pleines d\u2019esprit.<\/p>\n\t<div class=\"img has-hover x md-x lg-x y md-y lg-y\" id=\"image_645691960\">\n\t\t<a class=\"image-lightbox lightbox-gallery\" title=\"\" href=\"https:\/\/www.ibikecuneo.com\/wp-content\/uploads\/2022\/07\/img322-1024x530.jpg\">\t\t\t\t\t\t<div class=\"img-inner dark\" >\n\t\t\t<img width=\"1020\" height=\"528\" src=\"https:\/\/www.ibikecuneo.com\/wp-content\/uploads\/2022\/07\/img322-1024x530.jpg\" class=\"attachment-large size-large\" alt=\"\" decoding=\"async\" loading=\"lazy\" srcset=\"https:\/\/www.ibikecuneo.com\/wp-content\/uploads\/2022\/07\/img322-1024x530.jpg 1024w, https:\/\/www.ibikecuneo.com\/wp-content\/uploads\/2022\/07\/img322-300x155.jpg 300w, https:\/\/www.ibikecuneo.com\/wp-content\/uploads\/2022\/07\/img322-768x397.jpg 768w, https:\/\/www.ibikecuneo.com\/wp-content\/uploads\/2022\/07\/img322.jpg 1166w\" sizes=\"(max-width: 1020px) 100vw, 1020px\" \/>\t\t\t\t\t\t\n\t\t\t\t\t<\/div>\n\t\t\t\t\t\t<\/a>\t\t\n<style>\n#image_645691960 {\n  width: 100%;\n}\n<\/style>\n\t<\/div>\n\t\n\n<div class=\"text-center\"><div class=\"is-divider divider clearfix\" style=\"margin-top:1.8em;margin-bottom:1.8em;max-width:68px;\"><\/div><\/div>\n\n<p>. Construite entre 1676 et 1678, elle a \u00e9t\u00e9 magistralement restaur\u00e9e et abrite d\u00e9sormais un mus\u00e9e et un espace d\u2019exposition, exemple vertueux de transformation d\u2019une manufacture de soie en manufacture culturelle.<\/p>\n<p>Ouvert aux visites \u00e9ducatives, le Filatoio Rosso de Caraglio permet aux visiteurs de revivre le processus de production de la soie et son \u00e9volution au cours de l\u2019histoire, \u00e0 travers la reproduction du syst\u00e8me traditionnel de filature \u00e0 double retors et gr\u00e2ce \u00e9galement \u00e0 la reconstitution fid\u00e8le des machines complexes de jadis. Le b\u00e2timent abrite \u00e9galement la Porta di Valle, o\u00f9 l\u2019on peut recevoir des informations touristiques et acheter des produits du terroir.<\/p>\n\t<div class=\"img has-hover x md-x lg-x y md-y lg-y\" id=\"image_1041743172\">\n\t\t<a class=\"image-lightbox lightbox-gallery\" title=\"\" href=\"https:\/\/www.ibikecuneo.com\/wp-content\/uploads\/2022\/07\/img325-1024x601.jpg\">\t\t\t\t\t\t<div class=\"img-inner dark\" >\n\t\t\t<img width=\"1020\" height=\"599\" src=\"https:\/\/www.ibikecuneo.com\/wp-content\/uploads\/2022\/07\/img325-1024x601.jpg\" class=\"attachment-large size-large\" alt=\"\" decoding=\"async\" loading=\"lazy\" srcset=\"https:\/\/www.ibikecuneo.com\/wp-content\/uploads\/2022\/07\/img325-1024x601.jpg 1024w, https:\/\/www.ibikecuneo.com\/wp-content\/uploads\/2022\/07\/img325-300x176.jpg 300w, https:\/\/www.ibikecuneo.com\/wp-content\/uploads\/2022\/07\/img325-768x451.jpg 768w, https:\/\/www.ibikecuneo.com\/wp-content\/uploads\/2022\/07\/img325.jpg 1165w\" sizes=\"(max-width: 1020px) 100vw, 1020px\" \/>\t\t\t\t\t\t\n\t\t\t\t\t<\/div>\n\t\t\t\t\t\t<\/a>\t\t\n<style>\n#image_1041743172 {\n  width: 100%;\n}\n<\/style>\n\t<\/div>\n\t\n\n\n\t\t<\/div>\n\t\t\t\t\t<\/div>\n\n\t\n\n\t<div id=\"col-518125702\" class=\"col medium-4 large-4\"  >\n\t\t\t\t<div class=\"col-inner\"  >\n\t\t\t\n\t\t\t\n\n<div class=\"row row-collapse row-full-width\"  id=\"row-319306646\">\n\n\n\t<div id=\"col-1337106687\" class=\"col small-12 large-12\"  >\n\t\t\t\t<div class=\"col-inner\"  >\n\t\t\t\n\t\t\t\n\n\t<div id=\"text-2381401201\" class=\"text\">\n\t\t\n\n<h4>P\u00e9daler entre art et nature: Coni, le Val Grana et le Val Maira<\/h4>\n<h5>Segmenti<\/h5>\n\n\t\t\n<style>\n#text-2381401201 {\n  line-height: 1.2;\n}\n<\/style>\n\t<\/div>\n\t\n\t<div class=\"ux-menu stack stack-col justify-start ux-menu--divider-solid\">\n\t\t\n\n\t<div class=\"ux-menu-link flex menu-item\">\n\t\t<a class=\"ux-menu-link__link flex\" href=\"https:\/\/www.ibikecuneo.com\/percorsi\/pedalare-tra-arte-e-natura-cuneo-valle-grana-e-valle-maira\/da-cuneo-alla-valle-grana\/\"  >\n\t\t\t\t\t\t<span class=\"ux-menu-link__text\">\n\t\t\t\tDe Coni au Val Grana\t\t\t<\/span>\n\t\t<\/a>\n\t<\/div>\n\t\n\n\t<div class=\"ux-menu-link flex menu-item\">\n\t\t<a class=\"ux-menu-link__link flex\" href=\"https:\/\/www.ibikecuneo.com\/percorsi\/pedalare-tra-arte-e-natura-cuneo-valle-grana-e-valle-maira\/dronero-e-la-valle-maira\/\"  >\n\t\t\t\t\t\t<span class=\"ux-menu-link__text\">\n\t\t\t\tDronero et le Val Maira\t\t\t<\/span>\n\t\t<\/a>\n\t<\/div>\n\t\n\n\t<div class=\"ux-menu-link flex menu-item\">\n\t\t<a class=\"ux-menu-link__link flex\" href=\"https:\/\/www.ibikecuneo.com\/percorsi\/pedalare-tra-arte-e-natura-cuneo-valle-grana-e-valle-maira\/la-riserva-naturale-ciciu-del-villar\/\"  >\n\t\t\t\t\t\t<span class=\"ux-menu-link__text\">\n\t\t\t\tLa R\u00e9serve naturelle Ciciu del Villar\t\t\t<\/span>\n\t\t<\/a>\n\t<\/div>\n\t\n\n\n\t<\/div>\n\t\n<div class=\"text-center\"><div class=\"is-divider divider clearfix\" style=\"background-color:rgb(0, 162, 157);\"><\/div><\/div>\n\n\t<div id=\"text-3529812472\" class=\"text\">\n\t\t\n\n<h4>Autres itin\u00e9raires<\/h4>\n\t\t\n<style>\n#text-3529812472 {\n  line-height: 1.2;\n}\n<\/style>\n\t<\/div>\n\t\n\t<div class=\"ux-menu stack stack-col justify-start ux-menu--divider-solid\">\n\t\t\n\n\t<div class=\"ux-menu-link flex menu-item\">\n\t\t<a class=\"ux-menu-link__link flex\" href=\"https:\/\/www.ibikecuneo.com\/percorsi\/alla-scoperta-di-cuneo-e-del-parco-fluviale-gesso-e-stura\/\"  >\n\t\t\t\t\t\t<span class=\"ux-menu-link__text\">\n\t\t\t\t\u00c0 la d\u00e9couverte de Coni et du Parc fluvial Gesso et Stura\t\t\t<\/span>\n\t\t<\/a>\n\t<\/div>\n\t\n\n\t<div class=\"ux-menu-link flex menu-item\">\n\t\t<a class=\"ux-menu-link__link flex\" href=\"https:\/\/www.ibikecuneo.com\/percorsi\/da-cuneo-alle-terme-di-valdieri-pedalare-tra-natura-e-benessere\/\"  >\n\t\t\t\t\t\t<span class=\"ux-menu-link__text\">\n\t\t\t\tDe Coni aux Thermes de Valdieri, rouler \u00e0 v\u00e9lo entre nature et bien-\u00eatre\t\t\t<\/span>\n\t\t<\/a>\n\t<\/div>\n\t\n\n\t<div class=\"ux-menu-link flex menu-item\">\n\t\t<a class=\"ux-menu-link__link flex\" href=\"https:\/\/www.ibikecuneo.com\/percorsi\/in-bicicletta-tra-cuneo-mondovi-vicoforte-e-chiusa-di-pesio\/\"  >\n\t\t\t\t\t\t<span class=\"ux-menu-link__text\">\n\t\t\t\t\u00c0 v\u00e9lo entre Coni, Mondovi, Vicoforte et Chiusa di Pesio\t\t\t<\/span>\n\t\t<\/a>\n\t<\/div>\n\t\n\n\t<div class=\"ux-menu-link flex menu-item\">\n\t\t<a class=\"ux-menu-link__link flex\" href=\"https:\/\/www.ibikecuneo.com\"  >\n\t\t\t\t\t\t<span class=\"ux-menu-link__text\">\n\t\t\t\tPercorso 5\t\t\t<\/span>\n\t\t<\/a>\n\t<\/div>\n\t\n\n\n\t<\/div>\n\t\n\n\t\t<\/div>\n\t\t\t\t\t<\/div>\n\n\t\n\n<\/div>\n\n\n\n\n\t\t<\/div>\n\t\t\t\t\t<\/div>\n\n\t\n\n<\/div>\n\n\t\t<\/div>\n\n\t\t\n<style>\n#section_1357162298 {\n  padding-top: 30px;\n  padding-bottom: 30px;\n}\n#section_1357162298 .ux-shape-divider--top svg {\n  height: 150px;\n  --divider-top-width: 100%;\n}\n#section_1357162298 .ux-shape-divider--bottom svg {\n  height: 150px;\n  --divider-width: 100%;\n}\n<\/style>\n\t<\/section>\n\t\n\n","protected":false},"excerpt":{"rendered":"","protected":false},"author":1,"featured_media":464,"parent":1108,"menu_order":1,"comment_status":"closed","ping_status":"closed","template":"","meta":[],"_links":{"self":[{"href":"https:\/\/www.ibikecuneo.com\/fr\/wp-json\/wp\/v2\/pages\/1111"}],"collection":[{"href":"https:\/\/www.ibikecuneo.com\/fr\/wp-json\/wp\/v2\/pages"}],"about":[{"href":"https:\/\/www.ibikecuneo.com\/fr\/wp-json\/wp\/v2\/types\/page"}],"author":[{"embeddable":true,"href":"https:\/\/www.ibikecuneo.com\/fr\/wp-json\/wp\/v2\/users\/1"}],"replies":[{"embeddable":true,"href":"https:\/\/www.ibikecuneo.com\/fr\/wp-json\/wp\/v2\/comments?post=1111"}],"version-history":[{"count":2,"href":"https:\/\/www.ibikecuneo.com\/fr\/wp-json\/wp\/v2\/pages\/1111\/revisions"}],"predecessor-version":[{"id":1544,"href":"https:\/\/www.ibikecuneo.com\/fr\/wp-json\/wp\/v2\/pages\/1111\/revisions\/1544"}],"up":[{"embeddable":true,"href":"https:\/\/www.ibikecuneo.com\/fr\/wp-json\/wp\/v2\/pages\/1108"}],"wp:featuredmedia":[{"embeddable":true,"href":"https:\/\/www.ibikecuneo.com\/fr\/wp-json\/wp\/v2\/media\/464"}],"wp:attachment":[{"href":"https:\/\/www.ibikecuneo.com\/fr\/wp-json\/wp\/v2\/media?parent=1111"}],"curies":[{"name":"wp","href":"https:\/\/api.w.org\/{rel}","templated":true}]}}