{"id":1117,"date":"2022-06-17T13:45:25","date_gmt":"2022-06-17T13:45:25","guid":{"rendered":"https:\/\/www.ibikecuneo.com\/a-velo-entre-coni-mondovi-vicoforte-et-chiusa-di-pesio\/"},"modified":"2023-02-08T16:30:01","modified_gmt":"2023-02-08T16:30:01","slug":"a-velo-entre-coni-mondovi-vicoforte-et-chiusa-di-pesio","status":"publish","type":"page","link":"https:\/\/www.ibikecuneo.com\/fr\/routes\/a-velo-entre-coni-mondovi-vicoforte-et-chiusa-di-pesio\/","title":{"rendered":"\u00c0 v\u00e9lo entre Coni, Mondovi, Vicoforte et Chiusa di Pesio"},"content":{"rendered":"\n\t<section class=\"section has-parallax\" id=\"section_707497680\">\n\t\t<div class=\"bg section-bg fill bg-fill  \" data-parallax-container=\".section\" data-parallax-background data-parallax=\"-3\">\n\n\t\t\t\n\t\t\t<div class=\"section-bg-overlay absolute fill\"><\/div>\n\t\t\t\n\t<div class=\"is-border\"\n\t\tstyle=\"border-color:rgb(235, 235, 235);border-width:1px 0px 0px 0px;\">\n\t<\/div>\n\n\t\t<\/div>\n\n\t\t\n\n\t\t<div class=\"section-content relative\">\n\t\t\t\n\n<div class=\"row row-large align-middle align-center\"  id=\"row-647337796\">\n\n\n\t<div id=\"col-503179060\" class=\"col medium-8 small-12 large-8\"  >\n\t\t\t\t<div class=\"col-inner text-center dark\"  >\n\t\t\t\n\t\t\t\n\n<p>&nbsp;<\/p>\n<h2>\u00c0 v\u00e9lo entre Coni, Mondovi, Vicoforte et Chiusa di Pesio<\/h2>\n<p>Nature, culture et gastronomie sont des patrimoines indissociables \u00e0 explorer \u00e0 v\u00e9lo entre Coni, Mondovi et le territoire situ\u00e9 au sud de la province. L\u2019itin\u00e9raire suivant est un circuit, un voyage \u00e0 travers des r\u00e9serves naturelles et des villes d\u2019art qu\u2019entoure l\u2019arc alpin. Le circuit commence et se termine \u00e0 Coni et peut \u00eatre divis\u00e9 en deux \u00e9tapes, avec une nuit\u00e9e \u00e0 Mondovi, pour pouvoir profiter de tous les plaisirs offerts le long de la route.<\/p>\n\n\t\t<\/div>\n\t\t\t\t\t<\/div>\n\n\t\n\n\t<div id=\"col-1300357483\" class=\"col medium-4 small-12 large-4\"  data-animate=\"flipInY\">\n\t\t\t\t<div class=\"col-inner text-left box-shadow-2 box-shadow-5-hover\" style=\"background-color:rgb(255, 255, 255);\" >\n\t\t\t\n\t\t\t\n\n\n\t\t<div class=\"icon-box featured-box icon-box-left text-left\"  style=\"margin:0px 0px 10px 0px;\">\n\t\t\t\t\t<div class=\"icon-box-img\" style=\"width: 50px\">\n\t\t\t\t<div class=\"icon\">\n\t\t\t\t\t<div class=\"icon-inner\" >\n\t\t\t\t\t\t<img width=\"64\" height=\"64\" src=\"https:\/\/www.ibikecuneo.com\/wp-content\/uploads\/2022\/06\/icons8-cycling-64.png\" class=\"attachment-medium size-medium\" alt=\"\" decoding=\"async\" loading=\"lazy\" \/>\t\t\t\t\t<\/div>\n\t\t\t\t<\/div>\n\t\t\t<\/div>\n\t\t\t\t<div class=\"icon-box-text last-reset\">\n\t\t\t<h5 class=\"uppercase\">Longueur<\/h5>\t\t\t\t\t\t\n\n<h4>102km<\/h4>\n\n\t\t<\/div>\n\t<\/div>\n\t\n\t\n\n\t\t<div class=\"icon-box featured-box icon-box-left text-left\"  style=\"margin:0px 0px 10px 0px;\">\n\t\t\t\t\t<div class=\"icon-box-img\" style=\"width: 50px\">\n\t\t\t\t<div class=\"icon\">\n\t\t\t\t\t<div class=\"icon-inner\" >\n\t\t\t\t\t\t<img width=\"64\" height=\"64\" src=\"https:\/\/www.ibikecuneo.com\/wp-content\/uploads\/2022\/06\/icons8-elevation-64.png\" class=\"attachment-medium size-medium\" alt=\"\" decoding=\"async\" loading=\"lazy\" \/>\t\t\t\t\t<\/div>\n\t\t\t\t<\/div>\n\t\t\t<\/div>\n\t\t\t\t<div class=\"icon-box-text last-reset\">\n\t\t\t<h5 class=\"uppercase\">Diff\u00e9rence de hauteur<\/h5>\t\t\t\t\t\t\n\n<h4>1350m<\/h4>\n\n\t\t<\/div>\n\t<\/div>\n\t\n\t\n<a rel=\"noopener noreferrer\" href=\"https:\/\/www.bikeitalia.it\/wp-content\/uploads\/2021\/06\/Anello-3-Cuneo-Mondovi.zip\" target=\"_blank\" class=\"button primary is-primary is-medium\"  >\n    <span>T\u00e9l\u00e9charger la piste<\/span>\n  <\/a>\n\n\n\n\t\t<\/div>\n\t\t\t\t\n<style>\n#col-1300357483 > .col-inner {\n  padding: 15px 15px 15px 15px;\n}\n<\/style>\n\t<\/div>\n\n\t\n\n<\/div>\n\n\t\t<\/div>\n\n\t\t\n<style>\n#section_707497680 {\n  padding-top: 75px;\n  padding-bottom: 75px;\n  min-height: 300px;\n  background-color: rgb(171, 171, 171);\n}\n#section_707497680 .section-bg-overlay {\n  background-color: rgba(0, 0, 0, 0.5);\n}\n#section_707497680 .section-bg.bg-loaded {\n  background-image: url(https:\/\/www.ibikecuneo.com\/wp-content\/uploads\/2022\/07\/img381.jpg);\n}\n#section_707497680 .section-bg {\n  background-position: 28% 91%;\n}\n#section_707497680 .ux-shape-divider--top svg {\n  height: 150px;\n  --divider-top-width: 100%;\n}\n#section_707497680 .ux-shape-divider--bottom svg {\n  height: 150px;\n  --divider-width: 100%;\n}\n<\/style>\n\t<\/section>\n\t\n\t<section class=\"section\" id=\"section_926757056\">\n\t\t<div class=\"bg section-bg fill bg-fill  bg-loaded\" >\n\n\t\t\t\n\t\t\t\n\t\t\t\n\n\t\t<\/div>\n\n\t\t\n\n\t\t<div class=\"section-content relative\">\n\t\t\t\n\n<div class=\"row\"  id=\"row-1226531829\">\n\n\n\t<div id=\"col-727678519\" class=\"col small-12 large-12\"  >\n\t\t\t\t<div class=\"col-inner\"  >\n\t\t\t\n\t\t\t\n\n<h2>Segmenti<\/h2>\n<p class=\"lead shortcode-error text-center\">Sorry, no pages was found<\/p>  <style>\n    #pages-252216029 .grid-col-1{height: 200px}\n    #pages-252216029 .grid-col-1-2{height: 100px}\n    #pages-252216029 .grid-col-1-3{height:66.666666666667px}\n    #pages-252216029 .grid-col-2-3{height: 133.33333333333px}\n    #pages-252216029 .grid-col-1-4{height: 50px}\n    #pages-252216029 .grid-col-3-4{height: 150px}\n\n\n        \/* Tablet *\/\n    @media (max-width: 850px){\n      #pages-252216029 .grid-col-1{height: 133.33333333333px}\n      #pages-252216029 .grid-col-1-2{height: 66.666666666667px}\n      #pages-252216029 .grid-col-1-3{height:44.444444444444px}\n      #pages-252216029 .grid-col-2-3{height: 88.888888888889px}\n      #pages-252216029 .grid-col-1-4{height: 33.333333333333px}\n      #pages-252216029 .grid-col-3-4{height: 100px}\n    }\n    \n        \/* Mobile *\/\n    @media (max-width: 550px){\n      #pages-252216029 .grid-col-1{height: 133.33333333333px}\n      #pages-252216029 .grid-col-1-2{height: 66.666666666667px}\n      #pages-252216029 .grid-col-1-3{height:44.444444444444px}\n      #pages-252216029 .grid-col-2-3{height: 88.888888888889px}\n      #pages-252216029 .grid-col-1-4{height: 33.333333333333px}\n      #pages-252216029 .grid-col-3-4{height: 100px}\n    }\n    \n\n  <\/style>\n  \n  \n    <div id=\"pages-252216029\" class=\"row row-grid\" data-packery-options='{\"itemSelector\": \".col\", \"gutter\": 0, \"presentageWidth\" : true}'>\n\n  <\/div>\n\n\n\t\t<\/div>\n\t\t\t\t\t<\/div>\n\n\t\n\n<\/div>\n\n\t\t<\/div>\n\n\t\t\n<style>\n#section_926757056 {\n  padding-top: 60px;\n  padding-bottom: 60px;\n}\n#section_926757056 .ux-shape-divider--top svg {\n  height: 150px;\n  --divider-top-width: 100%;\n}\n#section_926757056 .ux-shape-divider--bottom svg {\n  height: 150px;\n  --divider-width: 100%;\n}\n<\/style>\n\t<\/section>\n\t\n\t<section class=\"section\" id=\"section_106981058\">\n\t\t<div class=\"bg section-bg fill bg-fill  bg-loaded\" >\n\n\t\t\t\n\t\t\t\n\t\t\t\n\n\t\t<\/div>\n\n\t\t\n\n\t\t<div class=\"section-content relative\">\n\t\t\t\n\n<div class=\"row\"  id=\"row-718003229\">\n\n\n\t<div id=\"col-671714220\" class=\"col small-12 large-12\"  >\n\t\t\t\t<div class=\"col-inner\"  >\n\t\t\t\n\t\t\t\n\n<h2>Carte<\/h2>\n\n\t\t<\/div>\n\t\t\t\t\t<\/div>\n\n\t\n\n<\/div>\n\n\n<iframe loading=\"lazy\" src=\"https:\/\/ibikecuneo.s3.eu-south-1.amazonaws.com\/percorso-3-feb22\/index.html\" width=\"100%\" height=\"600px\" frameborder=\"0\"><\/iframe>\n\n\n\t\t<\/div>\n\n\t\t\n<style>\n#section_106981058 {\n  padding-top: 0px;\n  padding-bottom: 0px;\n}\n#section_106981058 .ux-shape-divider--top svg {\n  height: 150px;\n  --divider-top-width: 100%;\n}\n#section_106981058 .ux-shape-divider--bottom svg {\n  height: 150px;\n  --divider-width: 100%;\n}\n<\/style>\n\t<\/section>\n\t\n\n","protected":false},"excerpt":{"rendered":"","protected":false},"author":1,"featured_media":0,"parent":1201,"menu_order":3,"comment_status":"closed","ping_status":"closed","template":"","meta":[],"_links":{"self":[{"href":"https:\/\/www.ibikecuneo.com\/fr\/wp-json\/wp\/v2\/pages\/1117"}],"collection":[{"href":"https:\/\/www.ibikecuneo.com\/fr\/wp-json\/wp\/v2\/pages"}],"about":[{"href":"https:\/\/www.ibikecuneo.com\/fr\/wp-json\/wp\/v2\/types\/page"}],"author":[{"embeddable":true,"href":"https:\/\/www.ibikecuneo.com\/fr\/wp-json\/wp\/v2\/users\/1"}],"replies":[{"embeddable":true,"href":"https:\/\/www.ibikecuneo.com\/fr\/wp-json\/wp\/v2\/comments?post=1117"}],"version-history":[{"count":8,"href":"https:\/\/www.ibikecuneo.com\/fr\/wp-json\/wp\/v2\/pages\/1117\/revisions"}],"predecessor-version":[{"id":1896,"href":"https:\/\/www.ibikecuneo.com\/fr\/wp-json\/wp\/v2\/pages\/1117\/revisions\/1896"}],"up":[{"embeddable":true,"href":"https:\/\/www.ibikecuneo.com\/fr\/wp-json\/wp\/v2\/pages\/1201"}],"wp:attachment":[{"href":"https:\/\/www.ibikecuneo.com\/fr\/wp-json\/wp\/v2\/media?parent=1117"}],"curies":[{"name":"wp","href":"https:\/\/api.w.org\/{rel}","templated":true}]}}