{"id":1126,"date":"2022-06-17T13:54:25","date_gmt":"2022-06-17T13:54:25","guid":{"rendered":"https:\/\/www.ibikecuneo.com\/a-velo-entre-coni-mondovi-vicoforte-et-chiusa-di-pesio\/de-mondovi-a-coni-en-passant-par-chiusa-di-pesio\/"},"modified":"2022-08-27T14:13:40","modified_gmt":"2022-08-27T14:13:40","slug":"de-mondovi-a-coni-en-passant-par-chiusa-di-pesio","status":"publish","type":"page","link":"https:\/\/www.ibikecuneo.com\/fr\/routes\/a-velo-entre-coni-mondovi-vicoforte-et-chiusa-di-pesio\/de-mondovi-a-coni-en-passant-par-chiusa-di-pesio\/","title":{"rendered":"De Mondovi \u00e0 Coni, en passant par Chiusa di Pesio"},"content":{"rendered":"\n  <div id=\"page-header-1380170295\" class=\"page-header-wrapper\">\n  <div class=\"page-title dark featured-title\">\n\n        <div class=\"page-title-bg\">\n      <div class=\"title-bg fill bg-fill\"\n        data-parallax-container=\".page-title\"\n        data-parallax-background\n        data-parallax=\"-\">\n      <\/div>\n      <div class=\"title-overlay fill\"><\/div>\n    <\/div>\n    \n    <div class=\"page-title-inner container align-center flex-row medium-flex-wrap\" >\n              <div class=\"title-wrapper flex-col text-left medium-text-center\">\n          <h1 class=\"entry-title mb-0\">\n            De Mondovi \u00e0 Coni, en passant par Chiusa di Pesio          <\/h1>\n        <\/div>\n                    <div class=\"title-content flex-col flex-right text-right medium-text-center\">\n        <div class=\"title-breadcrumbs pb-half pt-half\"><\/div>      <\/div>\n    <\/div>\n\n     \n<style>\n#page-header-1380170295 .page-title-inner {\n  min-height: 160px;\n}\n#page-header-1380170295 .title-bg {\n  background-image: url(https:\/\/www.ibikecuneo.com\/wp-content\/uploads\/2022\/07\/img393.jpg);\n}\n#page-header-1380170295 .title-overlay {\n  background-color: rgba(0,0,0,.5);\n}\n<\/style>\n  <\/div>\n    <\/div>\n  \n\n\t<section class=\"section\" id=\"section_2058579229\">\n\t\t<div class=\"bg section-bg fill bg-fill  bg-loaded\" >\n\n\t\t\t\n\t\t\t\n\t\t\t\n\n\t\t<\/div>\n\n\t\t\n\n\t\t<div class=\"section-content relative\">\n\t\t\t\n\n<div class=\"row row-large row-divided\"  id=\"row-1322196050\">\n\n\n\t<div id=\"col-1711787464\" class=\"col medium-8 large-8\"  >\n\t\t\t\t<div class=\"col-inner\"  >\n\t\t\t\n\t\t\t\n\n<p>La deuxi\u00e8me \u00e9tape du circuit de d\u00e9couverte des beaut\u00e9s de la r\u00e9gion de Coni part de Mondovi en direction de Chiusa di Pesio et se termine dans la ville de Coni.<\/p>\n<p>En quittant la ville de Mondovi, suivre d\u2019abord la Via San Bernardo pour continuer le long de la longue Via Vecchia de Coni, et ensuite profiter des routes agricoles qui passent par des fermes et des habitations qui rappellent le lien fort de la r\u00e9gion avec l\u2019agriculture et les produits typiques. Les collines de Mondovi accompagnent en douceur les coups de p\u00e9dale, leur vue est interrompue de temps en temps par des bois et des arbres fruitiers.<\/p>\n\t<div class=\"img has-hover x md-x lg-x y md-y lg-y\" id=\"image_1588254652\">\n\t\t<a class=\"image-lightbox lightbox-gallery\" title=\"\" href=\"https:\/\/www.ibikecuneo.com\/wp-content\/uploads\/2022\/07\/img393-1024x473.jpg\">\t\t\t\t\t\t<div class=\"img-inner dark\" >\n\t\t\t<img width=\"1020\" height=\"471\" src=\"https:\/\/www.ibikecuneo.com\/wp-content\/uploads\/2022\/07\/img393-1024x473.jpg\" class=\"attachment-large size-large\" alt=\"\" decoding=\"async\" loading=\"lazy\" srcset=\"https:\/\/www.ibikecuneo.com\/wp-content\/uploads\/2022\/07\/img393-1024x473.jpg 1024w, https:\/\/www.ibikecuneo.com\/wp-content\/uploads\/2022\/07\/img393-300x139.jpg 300w, https:\/\/www.ibikecuneo.com\/wp-content\/uploads\/2022\/07\/img393-768x355.jpg 768w, https:\/\/www.ibikecuneo.com\/wp-content\/uploads\/2022\/07\/img393.jpg 1165w\" sizes=\"(max-width: 1020px) 100vw, 1020px\" \/>\t\t\t\t\t\t\n\t\t\t\t\t<\/div>\n\t\t\t\t\t\t<\/a>\t\t\n<style>\n#image_1588254652 {\n  width: 100%;\n}\n<\/style>\n\t<\/div>\n\t\n\n<div class=\"text-center\"><div class=\"is-divider divider clearfix\" style=\"margin-top:1.8em;margin-bottom:1.8em;max-width:68px;\"><\/div><\/div>\n\n<p>Apr\u00e8s avoir travers\u00e9 le hameau de Merlo, on continue en direction de Roracco et Pianfei le long de la Via Vecchia Pianfei, et on commence \u00e0 grimper doucement et r\u00e9guli\u00e8rement vers Chiusa di Pesio. On traverse, en quelques kilom\u00e8tres, de nombreux hameaux et villages, il n\u2019est donc pas difficile de trouver des endroits o\u00f9 s\u2019arr\u00eater pour casser la cro\u00fbte, prendre un caf\u00e9 ou simplement reposer ses jambes. Si l\u2019on en a envie, on peut faire un d\u00e9tour depuis Chiusa di Pesio pour se rendre \u00e0 la Chartreuse de Pesio, un lieu fascinant d\u2019o\u00f9 part un sentier qui m\u00e8ne au Pian delle Gorre, o\u00f9 l\u2019on peut se ravitailler au frais et peut-\u00eatre profiter d\u2019une visite aux Cascades de Saut.<\/p>\n<p>De retour \u00e0 Chiusa di Pesio, on suit l\u2019ancienne route de Montefallonio, \u00e0 l\u2019\u00e9cart de la circulation, pour rejoindre le village. La route est l\u00e9g\u00e8rement en mont\u00e9e, mais elle est facile \u00e0 gravir, accompagn\u00e9e par le vert des champs et les parfums de la campagne. Une courte descente m\u00e8ne \u00e0 Peveragno, le pays des fraises sucr\u00e9es, avant d\u2019arriver au hameau de Rivoira o\u00f9 commence la descente qui vous accompagnera jusqu\u2019au bout du circuit.<\/p>\n<p>Apr\u00e8s Boves, un joli village o\u00f9 se trouve un mus\u00e9e de la ch\u00e2taigne, on continue en direction de Fontanelle, o\u00f9 se dresse le Sanctuaire Regina Pacis, puis, apr\u00e8s avoir travers\u00e9 le torrent du Vermenagna sur un pont de fer en arc, on arrive au village de Borgo San Dalmazzo, o\u00f9 on empruntera la piste cyclable \u00e0 l\u2019int\u00e9rieur du Parc fluvial Gesso et Stura. Dans les dix derniers kilom\u00e8tres de l\u2019itin\u00e9raire, on p\u00e9dale le long du c\u00f4t\u00e9 gauche du torrent du Gesso jusqu\u2019\u00e0 ce que l\u2019on arrive au centre de Coni. Apr\u00e8s avoir travers\u00e9 le passage souterrain du chemin de fer pour quitter le Lungo Gesso, on prend la Via Vecchia di Coni et le long Viale Mistral qui entre dans le Viale degli Angeli et offre une entr\u00e9e triomphale dans la ville de Coni, au milieu de pr\u00e9cieuses villas Art nouveau qui rappellent la majest\u00e9 des boulevards fran\u00e7ais.<\/p>\n\t<div class=\"img has-hover x md-x lg-x y md-y lg-y\" id=\"image_487700274\">\n\t\t<a class=\"image-lightbox lightbox-gallery\" title=\"\" href=\"https:\/\/www.ibikecuneo.com\/wp-content\/uploads\/2022\/07\/img396-1024x577.jpg\">\t\t\t\t\t\t<div class=\"img-inner dark\" >\n\t\t\t<img width=\"1020\" height=\"575\" src=\"https:\/\/www.ibikecuneo.com\/wp-content\/uploads\/2022\/07\/img396-1024x577.jpg\" class=\"attachment-large size-large\" alt=\"\" decoding=\"async\" loading=\"lazy\" srcset=\"https:\/\/www.ibikecuneo.com\/wp-content\/uploads\/2022\/07\/img396-1024x577.jpg 1024w, https:\/\/www.ibikecuneo.com\/wp-content\/uploads\/2022\/07\/img396-300x169.jpg 300w, https:\/\/www.ibikecuneo.com\/wp-content\/uploads\/2022\/07\/img396-768x432.jpg 768w, https:\/\/www.ibikecuneo.com\/wp-content\/uploads\/2022\/07\/img396.jpg 1165w\" sizes=\"(max-width: 1020px) 100vw, 1020px\" \/>\t\t\t\t\t\t\n\t\t\t\t\t<\/div>\n\t\t\t\t\t\t<\/a>\t\t\n<style>\n#image_487700274 {\n  width: 100%;\n}\n<\/style>\n\t<\/div>\n\t\n\n\n\t\t<\/div>\n\t\t\t\t\t<\/div>\n\n\t\n\n\t<div id=\"col-273325613\" class=\"col medium-4 large-4\"  >\n\t\t\t\t<div class=\"col-inner\"  >\n\t\t\t\n\t\t\t\n\n<div class=\"row row-collapse row-full-width\"  id=\"row-1814641241\">\n\n\n\t<div id=\"col-1842604450\" class=\"col small-12 large-12\"  >\n\t\t\t\t<div class=\"col-inner\"  >\n\t\t\t\n\t\t\t\n\n\t<div id=\"text-894661315\" class=\"text\">\n\t\t\n\n<h4>\u00c0 v\u00e9lo entre Coni, Mondovi, Vicoforte et Chiusa di Pesio<\/h4>\n<h5>Segments<\/h5>\n\n\t\t\n<style>\n#text-894661315 {\n  line-height: 1.2;\n}\n<\/style>\n\t<\/div>\n\t\n\t<div class=\"ux-menu stack stack-col justify-start ux-menu--divider-solid\">\n\t\t\n\n\t<div class=\"ux-menu-link flex menu-item\">\n\t\t<a class=\"ux-menu-link__link flex\" href=\"https:\/\/www.ibikecuneo.com\/percorsi\/in-bicicletta-tra-cuneo-mondovi-vicoforte-e-chiusa-di-pesio\/da-cuneo-a-mondovi-in-bici\/\"  >\n\t\t\t\t\t\t<span class=\"ux-menu-link__text\">\n\t\t\t\tDe Coni \u00e0 Mondovi \u00e0 v\u00e9lo\t\t\t<\/span>\n\t\t<\/a>\n\t<\/div>\n\t\n\n\t<div class=\"ux-menu-link flex menu-item\">\n\t\t<a class=\"ux-menu-link__link flex\" href=\"https:\/\/www.ibikecuneo.com\/percorsi\/in-bicicletta-tra-cuneo-mondovi-vicoforte-e-chiusa-di-pesio\/scoprire-mondovi\/\"  >\n\t\t\t\t\t\t<span class=\"ux-menu-link__text\">\n\t\t\t\tD\u00e9couvrez Mondovi\t\t\t<\/span>\n\t\t<\/a>\n\t<\/div>\n\t\n\n\t<div class=\"ux-menu-link flex menu-item\">\n\t\t<a class=\"ux-menu-link__link flex\" href=\"https:\/\/www.ibikecuneo.com\/percorsi\/in-bicicletta-tra-cuneo-mondovi-vicoforte-e-chiusa-di-pesio\/il-santuario-di-vicoforte-e-il-magnificat\/\"  >\n\t\t\t\t\t\t<span class=\"ux-menu-link__text\">\n\t\t\t\tLe Sanctuaire de Vicoforte et le Magnificat\t\t\t<\/span>\n\t\t<\/a>\n\t<\/div>\n\t\n\n\t<div class=\"ux-menu-link flex menu-item\">\n\t\t<a class=\"ux-menu-link__link flex\" href=\"https:\/\/www.ibikecuneo.com\/percorsi\/in-bicicletta-tra-cuneo-mondovi-vicoforte-e-chiusa-di-pesio\/da-mondovi-a-cuneo-passando-da-chiusa-di-pesio\/\"  >\n\t\t\t\t\t\t<span class=\"ux-menu-link__text\">\n\t\t\t\tDe Mondovi \u00e0 Coni, en passant par Chiusa di Pesio\t\t\t<\/span>\n\t\t<\/a>\n\t<\/div>\n\t\n\n\n\t<\/div>\n\t\n<div class=\"text-center\"><div class=\"is-divider divider clearfix\" style=\"background-color:rgb(0, 162, 157);\"><\/div><\/div>\n\n\t<div id=\"text-2240332255\" class=\"text\">\n\t\t\n\n<h4>Autres itin\u00e9raires<\/h4>\n\t\t\n<style>\n#text-2240332255 {\n  line-height: 1.2;\n}\n<\/style>\n\t<\/div>\n\t\n\t<div class=\"ux-menu stack stack-col justify-start ux-menu--divider-solid\">\n\t\t\n\n\t<div class=\"ux-menu-link flex menu-item\">\n\t\t<a class=\"ux-menu-link__link flex\" href=\"https:\/\/www.ibikecuneo.com\/percorsi\/alla-scoperta-di-cuneo-e-del-parco-fluviale-gesso-e-stura\/\"  >\n\t\t\t\t\t\t<span class=\"ux-menu-link__text\">\n\t\t\t\t\u00c0 la d\u00e9couverte de Coni et du Parc fluvial Gesso et Stura\t\t\t<\/span>\n\t\t<\/a>\n\t<\/div>\n\t\n\n\t<div class=\"ux-menu-link flex menu-item\">\n\t\t<a class=\"ux-menu-link__link flex\" href=\"https:\/\/www.ibikecuneo.com\/percorsi\/pedalare-tra-arte-e-natura-cuneo-valle-grana-e-valle-maira\/\"  >\n\t\t\t\t\t\t<span class=\"ux-menu-link__text\">\n\t\t\t\tP\u00e9daler entre art et nature: Coni, le Val Grana et le Val Maira\t\t\t<\/span>\n\t\t<\/a>\n\t<\/div>\n\t\n\n\t<div class=\"ux-menu-link flex menu-item\">\n\t\t<a class=\"ux-menu-link__link flex\" href=\"https:\/\/www.ibikecuneo.com\/percorsi\/da-cuneo-alle-terme-di-valdieri-pedalare-tra-natura-e-benessere\/\"  >\n\t\t\t\t\t\t<span class=\"ux-menu-link__text\">\n\t\t\t\tDe Coni aux Thermes de Valdieri, rouler \u00e0 v\u00e9lo entre nature et bien-\u00eatre\t\t\t<\/span>\n\t\t<\/a>\n\t<\/div>\n\t\n\n\t<div class=\"ux-menu-link flex menu-item\">\n\t\t<a class=\"ux-menu-link__link flex\" href=\"https:\/\/www.ibikecuneo.com\"  >\n\t\t\t\t\t\t<span class=\"ux-menu-link__text\">\n\t\t\t\tPercorso 5\t\t\t<\/span>\n\t\t<\/a>\n\t<\/div>\n\t\n\n\n\t<\/div>\n\t\n\n\t\t<\/div>\n\t\t\t\t\t<\/div>\n\n\t\n\n<\/div>\n\n\n\n\n\t\t<\/div>\n\t\t\t\t\t<\/div>\n\n\t\n\n<\/div>\n\n\t\t<\/div>\n\n\t\t\n<style>\n#section_2058579229 {\n  padding-top: 30px;\n  padding-bottom: 30px;\n}\n#section_2058579229 .ux-shape-divider--top svg {\n  height: 150px;\n  --divider-top-width: 100%;\n}\n#section_2058579229 .ux-shape-divider--bottom svg {\n  height: 150px;\n  --divider-width: 100%;\n}\n<\/style>\n\t<\/section>\n\t\n\n","protected":false},"excerpt":{"rendered":"","protected":false},"author":1,"featured_media":538,"parent":1117,"menu_order":4,"comment_status":"closed","ping_status":"closed","template":"","meta":[],"_links":{"self":[{"href":"https:\/\/www.ibikecuneo.com\/fr\/wp-json\/wp\/v2\/pages\/1126"}],"collection":[{"href":"https:\/\/www.ibikecuneo.com\/fr\/wp-json\/wp\/v2\/pages"}],"about":[{"href":"https:\/\/www.ibikecuneo.com\/fr\/wp-json\/wp\/v2\/types\/page"}],"author":[{"embeddable":true,"href":"https:\/\/www.ibikecuneo.com\/fr\/wp-json\/wp\/v2\/users\/1"}],"replies":[{"embeddable":true,"href":"https:\/\/www.ibikecuneo.com\/fr\/wp-json\/wp\/v2\/comments?post=1126"}],"version-history":[{"count":1,"href":"https:\/\/www.ibikecuneo.com\/fr\/wp-json\/wp\/v2\/pages\/1126\/revisions"}],"predecessor-version":[{"id":1127,"href":"https:\/\/www.ibikecuneo.com\/fr\/wp-json\/wp\/v2\/pages\/1126\/revisions\/1127"}],"up":[{"embeddable":true,"href":"https:\/\/www.ibikecuneo.com\/fr\/wp-json\/wp\/v2\/pages\/1117"}],"wp:featuredmedia":[{"embeddable":true,"href":"https:\/\/www.ibikecuneo.com\/fr\/wp-json\/wp\/v2\/media\/538"}],"wp:attachment":[{"href":"https:\/\/www.ibikecuneo.com\/fr\/wp-json\/wp\/v2\/media?parent=1126"}],"curies":[{"name":"wp","href":"https:\/\/api.w.org\/{rel}","templated":true}]}}