{"id":1150,"date":"2022-06-17T14:00:27","date_gmt":"2022-06-17T14:00:27","guid":{"rendered":"https:\/\/www.ibikecuneo.com\/parcs-et-reserves-naturelles-de-la-region-de-coni\/la-reserve-naturelle-de-crava-morozzo\/"},"modified":"2022-08-28T10:22:48","modified_gmt":"2022-08-28T10:22:48","slug":"la-reserve-naturelle-de-crava-morozzo","status":"publish","type":"page","link":"https:\/\/www.ibikecuneo.com\/fr\/parcs-et-reserves-naturelles-de-la-region-de-coni\/la-reserve-naturelle-de-crava-morozzo\/","title":{"rendered":"La R\u00e9serve naturelle de Crava-Morozzo"},"content":{"rendered":"\n  <div id=\"page-header-1558030442\" class=\"page-header-wrapper\">\n  <div class=\"page-title dark featured-title\">\n\n        <div class=\"page-title-bg\">\n      <div class=\"title-bg fill bg-fill\"\n        data-parallax-container=\".page-title\"\n        data-parallax-background\n        data-parallax=\"-\">\n      <\/div>\n      <div class=\"title-overlay fill\"><\/div>\n    <\/div>\n    \n    <div class=\"page-title-inner container align-center flex-row medium-flex-wrap\" >\n              <div class=\"title-wrapper flex-col text-left medium-text-center\">\n          <h1 class=\"entry-title mb-0\">\n            La R\u00e9serve naturelle de Crava-Morozzo          <\/h1>\n        <\/div>\n                    <div class=\"title-content flex-col flex-right text-right medium-text-center\">\n        <div class=\"title-breadcrumbs pb-half pt-half\"><\/div>      <\/div>\n    <\/div>\n\n     \n<style>\n#page-header-1558030442 .page-title-inner {\n  min-height: 160px;\n}\n#page-header-1558030442 .title-bg {\n  background-image: url(https:\/\/www.ibikecuneo.com\/wp-content\/uploads\/2022\/07\/img276.jpg);\n}\n#page-header-1558030442 .title-overlay {\n  background-color: rgba(0,0,0,.5);\n}\n<\/style>\n  <\/div>\n    <\/div>\n  \n\n\t<section class=\"section\" id=\"section_1683945148\">\n\t\t<div class=\"bg section-bg fill bg-fill  bg-loaded\" >\n\n\t\t\t\n\t\t\t\n\t\t\t\n\n\t\t<\/div>\n\n\t\t\n\n\t\t<div class=\"section-content relative\">\n\t\t\t\n\n<div class=\"row row-large row-divided\"  id=\"row-901347602\">\n\n\n\t<div id=\"col-1001043197\" class=\"col medium-8 large-8\"  >\n\t\t\t\t<div class=\"col-inner\"  >\n\t\t\t\n\t\t\t\n\n<p>\u00c0 une vingtaine de kilom\u00e8tres au nord-est de Coni, facilement accessible \u00e9galement \u00e0 v\u00e9lo, se trouve la pr\u00e9cieuse R\u00e9serve naturelle de Crava-Morozzo, qui prot\u00e8ge un des milieux humides les plus importants du sud du Pi\u00e9mont.<\/p>\n<p>L\u2019entr\u00e9e est gratuite et l\u2019acc\u00e8s \u00e0 la r\u00e9serve ne peut se faire qu\u2019\u00e0 pied, \u00e0 v\u00e9lo ou \u00e0 cheval. Le spectacle dans lequel on s\u2019immerge est vraiment unique, au milieu de plans d\u2019eau, de vari\u00e9t\u00e9s d\u2019oiseaux, de poissons, de peupliers g\u00e9ants et de ch\u00eanes centenaires qui y trouvent leur habitat id\u00e9al. C\u2019est justement en raison de sa richesse faunistique que la zone, qui englobe les communes de Morozzo, Rocca de\u2019 Baldi et Mondovi, a \u00e9t\u00e9 prot\u00e9g\u00e9e en tant qu\u2019oasis LIPU d\u00e8s 1979 avant de devenir une r\u00e9serve naturelle. Les lacs artificiels de Crava et Morozzo ont \u00e9t\u00e9 construits en 1929 \u00e0 des fins hydro\u00e9lectriques (aujourd\u2019hui, ce sont deux centrales \u00e9lectriques \u00e0 la pointe de la technologie) et sont progressivement devenus un lieu de repos id\u00e9al pour de nombreux oiseaux migrateurs de la r\u00e9gion m\u00e9diterran\u00e9enne. La richesse des diff\u00e9rents milieux humides a favoris\u00e9 l\u2019installation de nombreuses esp\u00e8ces animales, si bien qu\u2019environ cent cinquante esp\u00e8ces d\u2019oiseaux ont \u00e9t\u00e9 recens\u00e9es \u00e0 ce jour. Le long des rives du torrent du Pesio, il est possible d\u2019observer, entre autres, des martins-p\u00eacheurs, des cincles plongeurs, des cormorans, des colverts, des foulques, des h\u00e9rons et le sympathique petit gr\u00e8be, choisi comme symbole de la zone prot\u00e9g\u00e9e. Un paradis incontournable pour les birdwatchers et les photographes de la nature. \u00c0 l\u2019int\u00e9rieur de la r\u00e9serve se trouve le Centre visiteurs, cr\u00e9\u00e9 \u00e0 partir de la r\u00e9novation d\u2019une ancienne ferme et \u00e9galement utilis\u00e9 pour accueillir des jeux \u00e9ducatifs interactifs li\u00e9s aux esp\u00e8ces de la faune de la r\u00e9gion. \u00c0 proximit\u00e9 se trouve l\u2019accueillante Foresteria dell\u2019Oasi, une pension, qui est aussi lieu de repos et de restauration, dont les chambres peuvent accueillir des familles et des groupes pour un s\u00e9jour agr\u00e9able en contact avec la nature.<\/p>\n\n  \n    <div id=\"gallery-1572889344\" class=\"row large-columns-2 medium-columns- small-columns- row-xsmall row-masonry\" data-packery-options='{\"itemSelector\": \".col\", \"gutter\": 0, \"presentageWidth\" : true}'>\n\n  <div class=\"gallery-col col\" >\n          <div class=\"col-inner\">\n            <a class=\"image-lightbox lightbox-gallery\" href=\"https:\/\/www.ibikecuneo.com\/wp-content\/uploads\/2022\/07\/img276.jpg\" title=\"\">            <div class=\"box has-hover gallery-box box-overlay dark\">\n              <div class=\"box-image\" >\n                <img width=\"281\" height=\"300\" src=\"https:\/\/www.ibikecuneo.com\/wp-content\/uploads\/2022\/07\/img276-281x300.jpg\" class=\"attachment-medium size-medium\" alt=\"\" decoding=\"async\" loading=\"lazy\" ids=\"625,629,633,637\" type=\"masonry\" col_spacing=\"xsmall\" columns=\"2\" srcset=\"https:\/\/www.ibikecuneo.com\/wp-content\/uploads\/2022\/07\/img276-281x300.jpg 281w, https:\/\/www.ibikecuneo.com\/wp-content\/uploads\/2022\/07\/img276.jpg 545w\" sizes=\"(max-width: 281px) 100vw, 281px\" \/>                                  <div class=\"overlay fill\"\n                      style=\"background-color: rgba(0,0,0,.15)\">\n                  <\/div>\n                                                              <\/div>\n              <div class=\"box-text text-left\" >\n                 <p><\/p>\n              <\/div>\n            <\/div>\n            <\/a>          <\/div>\n         <\/div><div class=\"gallery-col col\" >\n          <div class=\"col-inner\">\n            <a class=\"image-lightbox lightbox-gallery\" href=\"https:\/\/www.ibikecuneo.com\/wp-content\/uploads\/2022\/07\/img278-1.jpg\" title=\"\">            <div class=\"box has-hover gallery-box box-overlay dark\">\n              <div class=\"box-image\" >\n                <img width=\"300\" height=\"144\" src=\"https:\/\/www.ibikecuneo.com\/wp-content\/uploads\/2022\/07\/img278-1-300x144.jpg\" class=\"attachment-medium size-medium\" alt=\"\" decoding=\"async\" loading=\"lazy\" ids=\"625,629,633,637\" type=\"masonry\" col_spacing=\"xsmall\" columns=\"2\" srcset=\"https:\/\/www.ibikecuneo.com\/wp-content\/uploads\/2022\/07\/img278-1-300x144.jpg 300w, https:\/\/www.ibikecuneo.com\/wp-content\/uploads\/2022\/07\/img278-1.jpg 608w\" sizes=\"(max-width: 300px) 100vw, 300px\" \/>                                  <div class=\"overlay fill\"\n                      style=\"background-color: rgba(0,0,0,.15)\">\n                  <\/div>\n                                                              <\/div>\n              <div class=\"box-text text-left\" >\n                 <p><\/p>\n              <\/div>\n            <\/div>\n            <\/a>          <\/div>\n         <\/div><div class=\"gallery-col col\" >\n          <div class=\"col-inner\">\n            <a class=\"image-lightbox lightbox-gallery\" href=\"https:\/\/www.ibikecuneo.com\/wp-content\/uploads\/2022\/07\/img280.jpg\" title=\"\">            <div class=\"box has-hover gallery-box box-overlay dark\">\n              <div class=\"box-image\" >\n                <img width=\"300\" height=\"278\" src=\"https:\/\/www.ibikecuneo.com\/wp-content\/uploads\/2022\/07\/img280-300x278.jpg\" class=\"attachment-medium size-medium\" alt=\"\" decoding=\"async\" loading=\"lazy\" ids=\"625,629,633,637\" type=\"masonry\" col_spacing=\"xsmall\" columns=\"2\" srcset=\"https:\/\/www.ibikecuneo.com\/wp-content\/uploads\/2022\/07\/img280-300x278.jpg 300w, https:\/\/www.ibikecuneo.com\/wp-content\/uploads\/2022\/07\/img280.jpg 304w\" sizes=\"(max-width: 300px) 100vw, 300px\" \/>                                  <div class=\"overlay fill\"\n                      style=\"background-color: rgba(0,0,0,.15)\">\n                  <\/div>\n                                                              <\/div>\n              <div class=\"box-text text-left\" >\n                 <p><\/p>\n              <\/div>\n            <\/div>\n            <\/a>          <\/div>\n         <\/div><div class=\"gallery-col col\" >\n          <div class=\"col-inner\">\n            <a class=\"image-lightbox lightbox-gallery\" href=\"https:\/\/www.ibikecuneo.com\/wp-content\/uploads\/2022\/07\/img282.jpg\" title=\"\">            <div class=\"box has-hover gallery-box box-overlay dark\">\n              <div class=\"box-image\" >\n                <img width=\"296\" height=\"282\" src=\"https:\/\/www.ibikecuneo.com\/wp-content\/uploads\/2022\/07\/img282.jpg\" class=\"attachment-medium size-medium\" alt=\"\" decoding=\"async\" loading=\"lazy\" ids=\"625,629,633,637\" type=\"masonry\" col_spacing=\"xsmall\" columns=\"2\" \/>                                  <div class=\"overlay fill\"\n                      style=\"background-color: rgba(0,0,0,.15)\">\n                  <\/div>\n                                                              <\/div>\n              <div class=\"box-text text-left\" >\n                 <p><\/p>\n              <\/div>\n            <\/div>\n            <\/a>          <\/div>\n         <\/div><\/div>\n\n\n\t\t<\/div>\n\t\t\t\t\t<\/div>\n\n\t\n\n\t<div id=\"col-647580625\" class=\"col medium-4 large-4\"  >\n\t\t\t\t<div class=\"col-inner\"  >\n\t\t\t\n\t\t\t\n\n<div class=\"row row-collapse row-full-width\"  id=\"row-1289302027\">\n\n\n\t<div id=\"col-230849393\" class=\"col small-12 large-12\"  >\n\t\t\t\t<div class=\"col-inner\"  >\n\t\t\t\n\t\t\t\n\n\t<div id=\"text-1503321994\" class=\"text\">\n\t\t\n\n<h4>Parcs et r\u00e9serves naturelles de la r\u00e9gion de Coni<\/h4>\n\n\t\t\n<style>\n#text-1503321994 {\n  line-height: 1.2;\n}\n<\/style>\n\t<\/div>\n\t\n\t<div class=\"ux-menu stack stack-col justify-start ux-menu--divider-solid\">\n\t\t\n\n\t<div class=\"ux-menu-link flex menu-item\">\n\t\t<a class=\"ux-menu-link__link flex\" href=\"https:\/\/www.ibikecuneo.com\/parchi-e-riserve-naturali-del-cuneese\/il-parco-fluviale-gesso-e-stura\/\"  >\n\t\t\t\t\t\t<span class=\"ux-menu-link__text\">\n\t\t\t\tLe Parc fluvial Gesso et Stura\t\t\t<\/span>\n\t\t<\/a>\n\t<\/div>\n\t\n\n\t<div class=\"ux-menu-link flex menu-item\">\n\t\t<a class=\"ux-menu-link__link flex\" href=\"https:\/\/www.ibikecuneo.com\/parchi-e-riserve-naturali-del-cuneese\/forma-il-fiume-a-piede-libero\/\"  >\n\t\t\t\t\t\t<span class=\"ux-menu-link__text\">\n\t\t\t\tf\u2019Orma. Il fiume a piede libero (Pieds nus dans la rivi\u00e8re)\t\t\t<\/span>\n\t\t<\/a>\n\t<\/div>\n\t\n\n\t<div class=\"ux-menu-link flex menu-item\">\n\t\t<a class=\"ux-menu-link__link flex\" href=\"https:\/\/www.ibikecuneo.com\/parchi-e-riserve-naturali-del-cuneese\/la-riserva-naturale-di-crava-morozzo\/\"  >\n\t\t\t\t\t\t<span class=\"ux-menu-link__text\">\n\t\t\t\tLa R\u00e9serve naturelle de Crava-Morozzo\t\t\t<\/span>\n\t\t<\/a>\n\t<\/div>\n\t\n\n\t<div class=\"ux-menu-link flex menu-item\">\n\t\t<a class=\"ux-menu-link__link flex\" href=\"https:\/\/www.ibikecuneo.com\/parchi-e-riserve-naturali-del-cuneese\/il-parco-del-marguareis-e-dellarea-della-roccarina\/\"  >\n\t\t\t\t\t\t<span class=\"ux-menu-link__text\">\n\t\t\t\tLe Parc du Marguareis et de la zone de la Roccarina\t\t\t<\/span>\n\t\t<\/a>\n\t<\/div>\n\t\n\n\t<div class=\"ux-menu-link flex menu-item\">\n\t\t<a class=\"ux-menu-link__link flex\" href=\"https:\/\/www.ibikecuneo.com\/parchi-e-riserve-naturali-del-cuneese\/le-alpi-marittime\/\"  >\n\t\t\t\t\t\t<span class=\"ux-menu-link__text\">\n\t\t\t\tLes Alpes maritimes italiennes\t\t\t<\/span>\n\t\t<\/a>\n\t<\/div>\n\t\n\n\t<div class=\"ux-menu-link flex menu-item\">\n\t\t<a class=\"ux-menu-link__link flex\" href=\"https:\/\/www.ibikecuneo.com\/parchi-e-riserve-naturali-del-cuneese\/il-centro-visita-uomini-e-lupi\/\"  >\n\t\t\t\t\t\t<span class=\"ux-menu-link__text\">\n\t\t\t\tLe Centre visiteurs Uomini e Lupi (Hommes et loups)\t\t\t<\/span>\n\t\t<\/a>\n\t<\/div>\n\t\n\n\t<div class=\"ux-menu-link flex menu-item\">\n\t\t<a class=\"ux-menu-link__link flex\" href=\"https:\/\/www.ibikecuneo.com\/parchi-e-riserve-naturali-del-cuneese\/la-riserva-naturale-ciciu-del-villar\/\"  >\n\t\t\t\t\t\t<span class=\"ux-menu-link__text\">\n\t\t\t\tLa R\u00e9serve naturelle Ciciu del Villar\t\t\t<\/span>\n\t\t<\/a>\n\t<\/div>\n\t\n\n\n\t<\/div>\n\t\n\n\t\t<\/div>\n\t\t\t\t\t<\/div>\n\n\t\n\n<\/div>\n\n\n\n\n\t\t<\/div>\n\t\t\t\t\t<\/div>\n\n\t\n\n<\/div>\n\n\t\t<\/div>\n\n\t\t\n<style>\n#section_1683945148 {\n  padding-top: 30px;\n  padding-bottom: 30px;\n}\n#section_1683945148 .ux-shape-divider--top svg {\n  height: 150px;\n  --divider-top-width: 100%;\n}\n#section_1683945148 .ux-shape-divider--bottom svg {\n  height: 150px;\n  --divider-width: 100%;\n}\n<\/style>\n\t<\/section>\n\t\n\n","protected":false},"excerpt":{"rendered":"","protected":false},"author":1,"featured_media":627,"parent":1143,"menu_order":4,"comment_status":"closed","ping_status":"closed","template":"","meta":[],"_links":{"self":[{"href":"https:\/\/www.ibikecuneo.com\/fr\/wp-json\/wp\/v2\/pages\/1150"}],"collection":[{"href":"https:\/\/www.ibikecuneo.com\/fr\/wp-json\/wp\/v2\/pages"}],"about":[{"href":"https:\/\/www.ibikecuneo.com\/fr\/wp-json\/wp\/v2\/types\/page"}],"author":[{"embeddable":true,"href":"https:\/\/www.ibikecuneo.com\/fr\/wp-json\/wp\/v2\/users\/1"}],"replies":[{"embeddable":true,"href":"https:\/\/www.ibikecuneo.com\/fr\/wp-json\/wp\/v2\/comments?post=1150"}],"version-history":[{"count":1,"href":"https:\/\/www.ibikecuneo.com\/fr\/wp-json\/wp\/v2\/pages\/1150\/revisions"}],"predecessor-version":[{"id":1151,"href":"https:\/\/www.ibikecuneo.com\/fr\/wp-json\/wp\/v2\/pages\/1150\/revisions\/1151"}],"up":[{"embeddable":true,"href":"https:\/\/www.ibikecuneo.com\/fr\/wp-json\/wp\/v2\/pages\/1143"}],"wp:featuredmedia":[{"embeddable":true,"href":"https:\/\/www.ibikecuneo.com\/fr\/wp-json\/wp\/v2\/media\/627"}],"wp:attachment":[{"href":"https:\/\/www.ibikecuneo.com\/fr\/wp-json\/wp\/v2\/media?parent=1150"}],"curies":[{"name":"wp","href":"https:\/\/api.w.org\/{rel}","templated":true}]}}