{"id":1163,"date":"2022-06-17T14:06:19","date_gmt":"2022-06-17T14:06:19","guid":{"rendered":"https:\/\/www.ibikecuneo.com\/en-voyage-dans-le-baroque\/architectures-baroques-de-coni-et-ses-environs\/"},"modified":"2022-08-28T16:11:18","modified_gmt":"2022-08-28T16:11:18","slug":"architectures-baroques-de-coni-et-ses-environs","status":"publish","type":"page","link":"https:\/\/www.ibikecuneo.com\/fr\/en-voyage-dans-le-baroque\/architectures-baroques-de-coni-et-ses-environs\/","title":{"rendered":"Architectures baroques de Coni et ses environs"},"content":{"rendered":"\n  <div id=\"page-header-1027292922\" class=\"page-header-wrapper\">\n  <div class=\"page-title dark featured-title\">\n\n        <div class=\"page-title-bg\">\n      <div class=\"title-bg fill bg-fill\"\n        data-parallax-container=\".page-title\"\n        data-parallax-background\n        data-parallax=\"-\">\n      <\/div>\n      <div class=\"title-overlay fill\"><\/div>\n    <\/div>\n    \n    <div class=\"page-title-inner container align-center flex-row medium-flex-wrap\" >\n              <div class=\"title-wrapper flex-col text-left medium-text-center\">\n          <h1 class=\"entry-title mb-0\">\n            Architectures baroques de Coni et ses environs          <\/h1>\n        <\/div>\n                    <div class=\"title-content flex-col flex-right text-right medium-text-center\">\n        <div class=\"title-breadcrumbs pb-half pt-half\"><\/div>      <\/div>\n    <\/div>\n\n     \n<style>\n#page-header-1027292922 .page-title-inner {\n  min-height: 160px;\n}\n#page-header-1027292922 .title-bg {\n  background-image: url(https:\/\/www.ibikecuneo.com\/wp-content\/uploads\/2022\/07\/img343-1.jpg);\n}\n#page-header-1027292922 .title-overlay {\n  background-color: rgba(0,0,0,.5);\n}\n<\/style>\n  <\/div>\n    <\/div>\n  \n\n\t<section class=\"section\" id=\"section_1762002837\">\n\t\t<div class=\"bg section-bg fill bg-fill  bg-loaded\" >\n\n\t\t\t\n\t\t\t\n\t\t\t\n\n\t\t<\/div>\n\n\t\t\n\n\t\t<div class=\"section-content relative\">\n\t\t\t\n\n<div class=\"row row-large row-divided\"  id=\"row-417746781\">\n\n\n\t<div id=\"col-833681756\" class=\"col medium-8 large-8\"  >\n\t\t\t\t<div class=\"col-inner\"  >\n\t\t\t\n\t\t\t\n\n<p>Coni et ses environs sont riches en pr\u00e9cieux \u00e9l\u00e9ments architecturaux, sculpturaux et picturaux de l\u2019art baroque, produits entre le XVIe et le XVIIIe si\u00e8cle. Les vicissitudes historiques, commerciales et sociales de l\u2019\u00e9poque ont engendr\u00e9 richesse et opulence, dont les traces sont visibles dans les magnifiques palais, les b\u00e2timents civils et les \u00e9glises. L\u2019art baroque refl\u00e8te les changements culturels de l\u2019\u00e9poque \u00e0 travers une abondance d\u2019arabesques, de lignes courbes, de stucs et de d\u00e9corations somptueuses.<\/p>\n<p>La devise des arts baroques est docere delectando, c\u2019est-\u00e0-dire susciter l\u2019\u00e9merveillement et l\u2019\u00e9tonnement de l\u2019observateur, \u00e0 travers des d\u00e9corations virtuoses et d\u00e9bordantes, avec un savant m\u00e9lange de sculptures, de peintures et m\u00eame de d\u00e9cors de sc\u00e8ne dignes d\u2019un th\u00e9\u00e2tre, gr\u00e2ce \u00e0 la ma\u00eetrise absolue des lois de la perspective qui aboutissent \u00e0 des illusions optiques pompeuses destin\u00e9es \u00e0 c\u00e9l\u00e9brer la grandeur des puissants de l\u2019\u00e9poque.<\/p>\n\t<div class=\"img has-hover x md-x lg-x y md-y lg-y\" id=\"image_1550692986\">\n\t\t<a class=\"image-lightbox lightbox-gallery\" title=\"\" href=\"https:\/\/www.ibikecuneo.com\/wp-content\/uploads\/2022\/07\/img343-1-1024x478.jpg\">\t\t\t\t\t\t<div class=\"img-inner dark\" >\n\t\t\t<img width=\"1020\" height=\"476\" src=\"https:\/\/www.ibikecuneo.com\/wp-content\/uploads\/2022\/07\/img343-1-1024x478.jpg\" class=\"attachment-large size-large\" alt=\"\" decoding=\"async\" loading=\"lazy\" srcset=\"https:\/\/www.ibikecuneo.com\/wp-content\/uploads\/2022\/07\/img343-1-1024x478.jpg 1024w, https:\/\/www.ibikecuneo.com\/wp-content\/uploads\/2022\/07\/img343-1-300x140.jpg 300w, https:\/\/www.ibikecuneo.com\/wp-content\/uploads\/2022\/07\/img343-1-768x359.jpg 768w, https:\/\/www.ibikecuneo.com\/wp-content\/uploads\/2022\/07\/img343-1.jpg 1165w\" sizes=\"(max-width: 1020px) 100vw, 1020px\" \/>\t\t\t\t\t\t\n\t\t\t\t\t<\/div>\n\t\t\t\t\t\t<\/a>\t\t\n<style>\n#image_1550692986 {\n  width: 100%;\n}\n<\/style>\n\t<\/div>\n\t\n\n<div class=\"text-center\"><div class=\"is-divider divider clearfix\" ><\/div><\/div>\n\n<p>Parmi les personnalit\u00e9s qui ont le plus contribu\u00e9 au d\u00e9veloppement du baroque dans la r\u00e9gion de Coni, on peut citer l\u2019architecte Francesco Gallo, qui a contribu\u00e9 \u00e0 la renaissance urbaine de nombreuses villes du Pi\u00e9mont. C\u2019est \u00e0 Francesco Gallo et \u00e0 l\u2019architecte Antonio Bertola que l\u2019on doit la conception de l\u2019\u00c9glise de Santa Croce de Coni, un des joyaux du baroque pi\u00e9montais.<\/p>\n<p>La fa\u00e7ade de l\u2019\u00e9glise, inscrite dans le grand complexe hospitalier de Santa Croce, est caract\u00e9ris\u00e9e par une construction concave qui cr\u00e9e un petit parvis, particuli\u00e8rement impressionnant pour ceux qui arrivent des quartiers du centre historique. Les principaux artistes de l\u2019\u00e9poque ont travaill\u00e9 sur la magnifique d\u00e9coration int\u00e9rieure, qui a \u00e9t\u00e9 bien conserv\u00e9e au fil du temps.<\/p>\n<p>Le plan roman d\u2019origine ayant \u00e9t\u00e9 d\u00e9truit, l\u2019\u00c9glise de Sant\u2019Ambrogio de Coni a \u00e9t\u00e9 reconstruite au d\u00e9but du XVIIIe si\u00e8cle selon un projet grandiose r\u00e9alis\u00e9 encore par Gallo. La fa\u00e7ade de style baroque ouvre l\u2019acc\u00e8s \u00e0 un d\u00e9cor riche o\u00f9 la majestueuse coupole orn\u00e9e de fresques apporte \u00e9lan et luminosit\u00e9.<\/p>\n\t<div class=\"img has-hover x md-x lg-x y md-y lg-y\" id=\"image_2019724779\">\n\t\t<a class=\"image-lightbox lightbox-gallery\" title=\"\" href=\"https:\/\/www.ibikecuneo.com\/wp-content\/uploads\/2022\/07\/img346-1-1024x582.jpg\">\t\t\t\t\t\t<div class=\"img-inner dark\" >\n\t\t\t<img width=\"1020\" height=\"580\" src=\"https:\/\/www.ibikecuneo.com\/wp-content\/uploads\/2022\/07\/img346-1-1024x582.jpg\" class=\"attachment-large size-large\" alt=\"\" decoding=\"async\" loading=\"lazy\" srcset=\"https:\/\/www.ibikecuneo.com\/wp-content\/uploads\/2022\/07\/img346-1-1024x582.jpg 1024w, https:\/\/www.ibikecuneo.com\/wp-content\/uploads\/2022\/07\/img346-1-300x170.jpg 300w, https:\/\/www.ibikecuneo.com\/wp-content\/uploads\/2022\/07\/img346-1-768x436.jpg 768w, https:\/\/www.ibikecuneo.com\/wp-content\/uploads\/2022\/07\/img346-1.jpg 1165w\" sizes=\"(max-width: 1020px) 100vw, 1020px\" \/>\t\t\t\t\t\t\n\t\t\t\t\t<\/div>\n\t\t\t\t\t\t<\/a>\t\t\n<style>\n#image_2019724779 {\n  width: 100%;\n}\n<\/style>\n\t<\/div>\n\t\n\n\n\t\t<\/div>\n\t\t\t\t\t<\/div>\n\n\t\n\n\t<div id=\"col-1551147740\" class=\"col medium-4 large-4\"  >\n\t\t\t\t<div class=\"col-inner\"  >\n\t\t\t\n\t\t\t\n\n<div class=\"row row-collapse row-full-width\"  id=\"row-1494017540\">\n\n\n\t<div id=\"col-1533747057\" class=\"col small-12 large-12\"  >\n\t\t\t\t<div class=\"col-inner\"  >\n\t\t\t\n\t\t\t\n\n\t<div id=\"text-2393084096\" class=\"text\">\n\t\t\n\n<h4>En voyage dans le baroque<\/h4>\n\n\t\t\n<style>\n#text-2393084096 {\n  line-height: 1.2;\n}\n<\/style>\n\t<\/div>\n\t\n\t<div class=\"ux-menu stack stack-col justify-start ux-menu--divider-solid\">\n\t\t\n\n\t<div class=\"ux-menu-link flex menu-item\">\n\t\t<a class=\"ux-menu-link__link flex\" href=\"https:\/\/www.ibikecuneo.com\/in-viaggio-nel-barocco\/architetture-barocche-di-cuneo-e-dintorni\/\"  >\n\t\t\t\t\t\t<span class=\"ux-menu-link__text\">\n\t\t\t\tArchitectures baroques de Coni et ses environs\t\t\t<\/span>\n\t\t<\/a>\n\t<\/div>\n\t\n\n\t<div class=\"ux-menu-link flex menu-item\">\n\t\t<a class=\"ux-menu-link__link flex\" href=\"https:\/\/www.ibikecuneo.com\/in-viaggio-nel-barocco\/la-cattedrale-di-san-donato\/\"  >\n\t\t\t\t\t\t<span class=\"ux-menu-link__text\">\n\t\t\t\tLa Cath\u00e9drale de San Donato\t\t\t<\/span>\n\t\t<\/a>\n\t<\/div>\n\t\n\n\t<div class=\"ux-menu-link flex menu-item\">\n\t\t<a class=\"ux-menu-link__link flex\" href=\"https:\/\/www.ibikecuneo.com\/in-viaggio-nel-barocco\/chiesa-di-san-francesco-saverio-di-mondovi\/\"  >\n\t\t\t\t\t\t<span class=\"ux-menu-link__text\">\n\t\t\t\t\u00c9glise de Saint Fran\u00e7ois Xavier de Mondovi\t\t\t<\/span>\n\t\t<\/a>\n\t<\/div>\n\t\n\n\t<div class=\"ux-menu-link flex menu-item\">\n\t\t<a class=\"ux-menu-link__link flex\" href=\"https:\/\/www.ibikecuneo.com\/in-viaggio-nel-barocco\/il-santuario-di-vicoforte-e-la-cupola-ellittica-piu-grande-al-mondo\/\"  >\n\t\t\t\t\t\t<span class=\"ux-menu-link__text\">\n\t\t\t\tLe Sanctuaire de Vicoforte et la plus grande coupole elliptique du monde\t\t\t<\/span>\n\t\t<\/a>\n\t<\/div>\n\t\n\n\t<div class=\"ux-menu-link flex menu-item\">\n\t\t<a class=\"ux-menu-link__link flex\" href=\"https:\/\/www.ibikecuneo.com\/in-viaggio-nel-barocco\/lesperienza-del-magnificat\/\"  >\n\t\t\t\t\t\t<span class=\"ux-menu-link__text\">\n\t\t\t\tL\u2019exp\u00e9rience du Magnificat\t\t\t<\/span>\n\t\t<\/a>\n\t<\/div>\n\t\n\n\n\t<\/div>\n\t\n\n\t\t<\/div>\n\t\t\t\t\t<\/div>\n\n\t\n\n<\/div>\n\n\n\n\n\t\t<\/div>\n\t\t\t\t\t<\/div>\n\n\t\n\n<\/div>\n\n\t\t<\/div>\n\n\t\t\n<style>\n#section_1762002837 {\n  padding-top: 30px;\n  padding-bottom: 30px;\n}\n#section_1762002837 .ux-shape-divider--top svg {\n  height: 150px;\n  --divider-top-width: 100%;\n}\n#section_1762002837 .ux-shape-divider--bottom svg {\n  height: 150px;\n  --divider-width: 100%;\n}\n<\/style>\n\t<\/section>\n\t\n\n","protected":false},"excerpt":{"rendered":"","protected":false},"author":1,"featured_media":675,"parent":1160,"menu_order":1,"comment_status":"closed","ping_status":"closed","template":"","meta":[],"_links":{"self":[{"href":"https:\/\/www.ibikecuneo.com\/fr\/wp-json\/wp\/v2\/pages\/1163"}],"collection":[{"href":"https:\/\/www.ibikecuneo.com\/fr\/wp-json\/wp\/v2\/pages"}],"about":[{"href":"https:\/\/www.ibikecuneo.com\/fr\/wp-json\/wp\/v2\/types\/page"}],"author":[{"embeddable":true,"href":"https:\/\/www.ibikecuneo.com\/fr\/wp-json\/wp\/v2\/users\/1"}],"replies":[{"embeddable":true,"href":"https:\/\/www.ibikecuneo.com\/fr\/wp-json\/wp\/v2\/comments?post=1163"}],"version-history":[{"count":1,"href":"https:\/\/www.ibikecuneo.com\/fr\/wp-json\/wp\/v2\/pages\/1163\/revisions"}],"predecessor-version":[{"id":1164,"href":"https:\/\/www.ibikecuneo.com\/fr\/wp-json\/wp\/v2\/pages\/1163\/revisions\/1164"}],"up":[{"embeddable":true,"href":"https:\/\/www.ibikecuneo.com\/fr\/wp-json\/wp\/v2\/pages\/1160"}],"wp:featuredmedia":[{"embeddable":true,"href":"https:\/\/www.ibikecuneo.com\/fr\/wp-json\/wp\/v2\/media\/675"}],"wp:attachment":[{"href":"https:\/\/www.ibikecuneo.com\/fr\/wp-json\/wp\/v2\/media?parent=1163"}],"curies":[{"name":"wp","href":"https:\/\/api.w.org\/{rel}","templated":true}]}}