{"id":1165,"date":"2022-06-17T14:07:32","date_gmt":"2022-06-17T14:07:32","guid":{"rendered":"https:\/\/www.ibikecuneo.com\/en-voyage-dans-le-baroque\/la-cathedrale-de-san-donato\/"},"modified":"2022-08-28T16:14:51","modified_gmt":"2022-08-28T16:14:51","slug":"la-cathedrale-de-san-donato","status":"publish","type":"page","link":"https:\/\/www.ibikecuneo.com\/fr\/en-voyage-dans-le-baroque\/la-cathedrale-de-san-donato\/","title":{"rendered":"La Cath\u00e9drale de San Donato"},"content":{"rendered":"\n  <div id=\"page-header-1798907700\" class=\"page-header-wrapper\">\n  <div class=\"page-title dark featured-title\">\n\n        <div class=\"page-title-bg\">\n      <div class=\"title-bg fill bg-fill\"\n        data-parallax-container=\".page-title\"\n        data-parallax-background\n        data-parallax=\"-\">\n      <\/div>\n      <div class=\"title-overlay fill\"><\/div>\n    <\/div>\n    \n    <div class=\"page-title-inner container align-center flex-row medium-flex-wrap\" >\n              <div class=\"title-wrapper flex-col text-left medium-text-center\">\n          <h1 class=\"entry-title mb-0\">\n            La Cath\u00e9drale de San Donato          <\/h1>\n        <\/div>\n                    <div class=\"title-content flex-col flex-right text-right medium-text-center\">\n        <div class=\"title-breadcrumbs pb-half pt-half\"><\/div>      <\/div>\n    <\/div>\n\n     \n<style>\n#page-header-1798907700 .page-title-inner {\n  min-height: 160px;\n}\n#page-header-1798907700 .title-bg {\n  background-image: url(https:\/\/www.ibikecuneo.com\/wp-content\/uploads\/2022\/07\/img349-1.jpg);\n}\n#page-header-1798907700 .title-overlay {\n  background-color: rgba(0,0,0,.5);\n}\n<\/style>\n  <\/div>\n    <\/div>\n  \n\n\t<section class=\"section\" id=\"section_181652152\">\n\t\t<div class=\"bg section-bg fill bg-fill  bg-loaded\" >\n\n\t\t\t\n\t\t\t\n\t\t\t\n\n\t\t<\/div>\n\n\t\t\n\n\t\t<div class=\"section-content relative\">\n\t\t\t\n\n<div class=\"row row-large row-divided\"  id=\"row-1559398861\">\n\n\n\t<div id=\"col-1942997541\" class=\"col medium-8 large-8\"  >\n\t\t\t\t<div class=\"col-inner\"  >\n\t\t\t\n\t\t\t\n\n<p>Construit sur des quartiers situ\u00e9s sur plusieurs niveaux, le centre historique de Mondovi est un joyau accessible depuis 1886 gr\u00e2ce au funiculaire, tr\u00e8s pratique, qui relie la partie basse de la ville, Rione Breo, \u00e0 la partie haute, Rione Piazza, avec des courses toutes les cinq minutes. Depuis le XIXe si\u00e8cle, Mondovi est surtout connue pour sa production de c\u00e9ramiques, un riche march\u00e9 dont s\u2019est inspir\u00e9e la Ligurie voisine. Des traces du quartier de la c\u00e9ramique de Mondovi subsistent dans la pr\u00e9cieuse collection du mus\u00e9e qui lui est consacr\u00e9.<\/p>\n<p>Mondovi est \u00e9galement fortement marqu\u00e9e par l\u2019art baroque. Parmi les exemples les plus c\u00e9l\u00e8bres de cette expression artistique figurent la Cath\u00e9drale de San Donato, con\u00e7ue par Gallo au XVIIIe si\u00e8cle, et le jardin du Belv\u00e9d\u00e8re, qui offre un splendide panorama domin\u00e9 par la Tour municipale.<\/p>\n<p>La Cath\u00e9drale, joyau du baroque le plus fastueux, le \u00ab Rococo \u00bb du XVIIIe si\u00e8cle, surprend par la pr\u00e9sence de grandes fresques, de peintures de grande valeur, d\u2019une multitude de marbres polychromes, d\u2019un crucifix en alb\u00e2tre sur la nef de droite, d\u2019un ch\u0153ur en bois et d\u2019un orgue imposant. Si l\u2019on a la chance de la visiter le matin ou en fin d\u2019apr\u00e8s-midi, on remarquera la lumi\u00e8re enchanteresse qui p\u00e9n\u00e8tre \u00e0 travers les vitraux jaunes, qui font ressortir les d\u00e9tails dor\u00e9s des chapiteaux et des frises dans un contraste saisissant avec les couleurs compl\u00e9mentaires de la colonnade.<\/p>\n\t<div class=\"img has-hover x md-x lg-x y md-y lg-y\" id=\"image_1699246357\">\n\t\t<a class=\"image-lightbox lightbox-gallery\" title=\"\" href=\"https:\/\/www.ibikecuneo.com\/wp-content\/uploads\/2022\/07\/img349-1-1024x559.jpg\">\t\t\t\t\t\t<div class=\"img-inner dark\" >\n\t\t\t<img width=\"1020\" height=\"557\" src=\"https:\/\/www.ibikecuneo.com\/wp-content\/uploads\/2022\/07\/img349-1-1024x559.jpg\" class=\"attachment-large size-large\" alt=\"\" decoding=\"async\" loading=\"lazy\" srcset=\"https:\/\/www.ibikecuneo.com\/wp-content\/uploads\/2022\/07\/img349-1-1024x559.jpg 1024w, https:\/\/www.ibikecuneo.com\/wp-content\/uploads\/2022\/07\/img349-1-300x164.jpg 300w, https:\/\/www.ibikecuneo.com\/wp-content\/uploads\/2022\/07\/img349-1-768x420.jpg 768w, https:\/\/www.ibikecuneo.com\/wp-content\/uploads\/2022\/07\/img349-1.jpg 1166w\" sizes=\"(max-width: 1020px) 100vw, 1020px\" \/>\t\t\t\t\t\t\n\t\t\t\t\t<\/div>\n\t\t\t\t\t\t<\/a>\t\t\n<style>\n#image_1699246357 {\n  width: 100%;\n}\n<\/style>\n\t<\/div>\n\t\n\n\n\t\t<\/div>\n\t\t\t\t\t<\/div>\n\n\t\n\n\t<div id=\"col-1404842673\" class=\"col medium-4 large-4\"  >\n\t\t\t\t<div class=\"col-inner\"  >\n\t\t\t\n\t\t\t\n\n<div class=\"row row-collapse row-full-width\"  id=\"row-110165176\">\n\n\n\t<div id=\"col-1043616305\" class=\"col small-12 large-12\"  >\n\t\t\t\t<div class=\"col-inner\"  >\n\t\t\t\n\t\t\t\n\n\t<div id=\"text-907351096\" class=\"text\">\n\t\t\n\n<h4>En voyage dans le baroque<\/h4>\n\n\t\t\n<style>\n#text-907351096 {\n  line-height: 1.2;\n}\n<\/style>\n\t<\/div>\n\t\n\t<div class=\"ux-menu stack stack-col justify-start ux-menu--divider-solid\">\n\t\t\n\n\t<div class=\"ux-menu-link flex menu-item\">\n\t\t<a class=\"ux-menu-link__link flex\" href=\"https:\/\/www.ibikecuneo.com\/in-viaggio-nel-barocco\/architetture-barocche-di-cuneo-e-dintorni\/\"  >\n\t\t\t\t\t\t<span class=\"ux-menu-link__text\">\n\t\t\t\tArchitectures baroques de Coni et ses environs\t\t\t<\/span>\n\t\t<\/a>\n\t<\/div>\n\t\n\n\t<div class=\"ux-menu-link flex menu-item\">\n\t\t<a class=\"ux-menu-link__link flex\" href=\"https:\/\/www.ibikecuneo.com\/in-viaggio-nel-barocco\/la-cattedrale-di-san-donato\/\"  >\n\t\t\t\t\t\t<span class=\"ux-menu-link__text\">\n\t\t\t\tLa Cath\u00e9drale de San Donato\t\t\t<\/span>\n\t\t<\/a>\n\t<\/div>\n\t\n\n\t<div class=\"ux-menu-link flex menu-item\">\n\t\t<a class=\"ux-menu-link__link flex\" href=\"https:\/\/www.ibikecuneo.com\/in-viaggio-nel-barocco\/chiesa-di-san-francesco-saverio-di-mondovi\/\"  >\n\t\t\t\t\t\t<span class=\"ux-menu-link__text\">\n\t\t\t\t\u00c9glise de Saint Fran\u00e7ois Xavier de Mondovi\t\t\t<\/span>\n\t\t<\/a>\n\t<\/div>\n\t\n\n\t<div class=\"ux-menu-link flex menu-item\">\n\t\t<a class=\"ux-menu-link__link flex\" href=\"https:\/\/www.ibikecuneo.com\/in-viaggio-nel-barocco\/il-santuario-di-vicoforte-e-la-cupola-ellittica-piu-grande-al-mondo\/\"  >\n\t\t\t\t\t\t<span class=\"ux-menu-link__text\">\n\t\t\t\tLe Sanctuaire de Vicoforte et la plus grande coupole elliptique du monde\t\t\t<\/span>\n\t\t<\/a>\n\t<\/div>\n\t\n\n\t<div class=\"ux-menu-link flex menu-item\">\n\t\t<a class=\"ux-menu-link__link flex\" href=\"https:\/\/www.ibikecuneo.com\/in-viaggio-nel-barocco\/lesperienza-del-magnificat\/\"  >\n\t\t\t\t\t\t<span class=\"ux-menu-link__text\">\n\t\t\t\tL\u2019exp\u00e9rience du Magnificat\t\t\t<\/span>\n\t\t<\/a>\n\t<\/div>\n\t\n\n\n\t<\/div>\n\t\n\n\t\t<\/div>\n\t\t\t\t\t<\/div>\n\n\t\n\n<\/div>\n\n\n\n\n\t\t<\/div>\n\t\t\t\t\t<\/div>\n\n\t\n\n<\/div>\n\n\t\t<\/div>\n\n\t\t\n<style>\n#section_181652152 {\n  padding-top: 30px;\n  padding-bottom: 30px;\n}\n#section_181652152 .ux-shape-divider--top svg {\n  height: 150px;\n  --divider-top-width: 100%;\n}\n#section_181652152 .ux-shape-divider--bottom svg {\n  height: 150px;\n  --divider-width: 100%;\n}\n<\/style>\n\t<\/section>\n\t\n\n","protected":false},"excerpt":{"rendered":"","protected":false},"author":1,"featured_media":683,"parent":1160,"menu_order":2,"comment_status":"closed","ping_status":"closed","template":"","meta":[],"_links":{"self":[{"href":"https:\/\/www.ibikecuneo.com\/fr\/wp-json\/wp\/v2\/pages\/1165"}],"collection":[{"href":"https:\/\/www.ibikecuneo.com\/fr\/wp-json\/wp\/v2\/pages"}],"about":[{"href":"https:\/\/www.ibikecuneo.com\/fr\/wp-json\/wp\/v2\/types\/page"}],"author":[{"embeddable":true,"href":"https:\/\/www.ibikecuneo.com\/fr\/wp-json\/wp\/v2\/users\/1"}],"replies":[{"embeddable":true,"href":"https:\/\/www.ibikecuneo.com\/fr\/wp-json\/wp\/v2\/comments?post=1165"}],"version-history":[{"count":1,"href":"https:\/\/www.ibikecuneo.com\/fr\/wp-json\/wp\/v2\/pages\/1165\/revisions"}],"predecessor-version":[{"id":1166,"href":"https:\/\/www.ibikecuneo.com\/fr\/wp-json\/wp\/v2\/pages\/1165\/revisions\/1166"}],"up":[{"embeddable":true,"href":"https:\/\/www.ibikecuneo.com\/fr\/wp-json\/wp\/v2\/pages\/1160"}],"wp:featuredmedia":[{"embeddable":true,"href":"https:\/\/www.ibikecuneo.com\/fr\/wp-json\/wp\/v2\/media\/683"}],"wp:attachment":[{"href":"https:\/\/www.ibikecuneo.com\/fr\/wp-json\/wp\/v2\/media?parent=1165"}],"curies":[{"name":"wp","href":"https:\/\/api.w.org\/{rel}","templated":true}]}}