{"id":1167,"date":"2022-06-17T14:08:36","date_gmt":"2022-06-17T14:08:36","guid":{"rendered":"https:\/\/www.ibikecuneo.com\/en-voyage-dans-le-baroque\/eglise-de-saint-francois-xavier-de-mondovi\/"},"modified":"2022-08-28T16:17:25","modified_gmt":"2022-08-28T16:17:25","slug":"eglise-de-saint-francois-xavier-de-mondovi","status":"publish","type":"page","link":"https:\/\/www.ibikecuneo.com\/fr\/en-voyage-dans-le-baroque\/eglise-de-saint-francois-xavier-de-mondovi\/","title":{"rendered":"\u00c9glise de Saint Fran\u00e7ois Xavier de Mondovi"},"content":{"rendered":"\n  <div id=\"page-header-459046081\" class=\"page-header-wrapper\">\n  <div class=\"page-title dark featured-title\">\n\n        <div class=\"page-title-bg\">\n      <div class=\"title-bg fill bg-fill\"\n        data-parallax-container=\".page-title\"\n        data-parallax-background\n        data-parallax=\"-\">\n      <\/div>\n      <div class=\"title-overlay fill\"><\/div>\n    <\/div>\n    \n    <div class=\"page-title-inner container align-center flex-row medium-flex-wrap\" >\n              <div class=\"title-wrapper flex-col text-left medium-text-center\">\n          <h1 class=\"entry-title mb-0\">\n            \u00c9glise de Saint Fran\u00e7ois Xavier de Mondovi          <\/h1>\n        <\/div>\n                    <div class=\"title-content flex-col flex-right text-right medium-text-center\">\n        <div class=\"title-breadcrumbs pb-half pt-half\"><\/div>      <\/div>\n    <\/div>\n\n     \n<style>\n#page-header-459046081 .page-title-inner {\n  min-height: 160px;\n}\n#page-header-459046081 .title-bg {\n  background-image: url(https:\/\/www.ibikecuneo.com\/wp-content\/uploads\/2022\/07\/img352.jpg);\n}\n#page-header-459046081 .title-overlay {\n  background-color: rgba(0,0,0,.5);\n}\n<\/style>\n  <\/div>\n    <\/div>\n  \n\n\t<section class=\"section\" id=\"section_1627267496\">\n\t\t<div class=\"bg section-bg fill bg-fill  bg-loaded\" >\n\n\t\t\t\n\t\t\t\n\t\t\t\n\n\t\t<\/div>\n\n\t\t\n\n\t\t<div class=\"section-content relative\">\n\t\t\t\n\n<div class=\"row row-large row-divided\"  id=\"row-1443791764\">\n\n\n\t<div id=\"col-562513706\" class=\"col medium-8 large-8\"  >\n\t\t\t\t<div class=\"col-inner\"  >\n\t\t\t\n\t\t\t\n\n<p>Un des fleurons du baroque de la r\u00e9gion de Coni est l\u2019\u00e9glise connue sous le nom de \u00ab La Mission \u00bb, d\u00e9di\u00e9e \u00e0 Saint Fran\u00e7ois Xavier, une sorte de laboratoire d\u2019innovation artistique de l\u2019artiste baroque Andrea Pozzo. Le r\u00e9sultat fut surprenant et valut au peintre une telle renomm\u00e9e qu\u2019il travailla sur d\u2019importants chantiers en Italie et ailleurs. Andrea Pozzo est parvenu \u00e0 cr\u00e9er quelque chose d\u2019unique dans cette \u00c9glise de la Mission : en utilisant de fa\u00e7on magistrale les lois de la perspective, il a cr\u00e9\u00e9 une illusion d\u2019optique capable de transformer une vo\u00fbte en berceau octogonale en une fausse coupole vertigineuse, multipliant et amplifiant l\u2019espace r\u00e9el de l\u2019\u00e9glise.<\/p>\n<p>L\u2019\u0153uvre d\u2019Andrea Pozzo dans l\u2019\u00c9glise de la Mission de Mondovi est aujourd\u2019hui mise en valeur par le projet Infinitum, un parcours multim\u00e9dia qui permet de saisir les jeux de perspective cr\u00e9\u00e9s par les fresques de la vo\u00fbte et les autres tr\u00e9sors pr\u00e9sents dans l\u2019\u00e9glise. Gr\u00e2ce aux nouvelles technologies appliqu\u00e9es de mani\u00e8re sc\u00e9nographique et didactique \u00e0 l\u2019histoire de l\u2019art, le visiteur, \u00e0 l\u2019aide d\u2019un dispositif oculus, vit une exp\u00e9rience immersive unique dans les architectures et les histoires des personnages de ce joyau baroque. Ce spectacle multim\u00e9dia propose une combinaison de jeux de lumi\u00e8re et de musique baroque, o\u00f9 le protagoniste et narrateur de l\u2019histoire est un avatar de Pozzo lui-m\u00eame, qui s\u2019adresse directement aux visiteurs, les accompagnant \u00e0 la d\u00e9couverte des solutions ing\u00e9nieuses du b\u00e2timent.<\/p>\n\t<div class=\"img has-hover x md-x lg-x y md-y lg-y\" id=\"image_1355966185\">\n\t\t<a class=\"image-lightbox lightbox-gallery\" title=\"\" href=\"https:\/\/www.ibikecuneo.com\/wp-content\/uploads\/2022\/07\/img352-1024x425.jpg\">\t\t\t\t\t\t<div class=\"img-inner dark\" >\n\t\t\t<img width=\"1020\" height=\"423\" src=\"https:\/\/www.ibikecuneo.com\/wp-content\/uploads\/2022\/07\/img352-1024x425.jpg\" class=\"attachment-large size-large\" alt=\"\" decoding=\"async\" loading=\"lazy\" srcset=\"https:\/\/www.ibikecuneo.com\/wp-content\/uploads\/2022\/07\/img352-1024x425.jpg 1024w, https:\/\/www.ibikecuneo.com\/wp-content\/uploads\/2022\/07\/img352-300x124.jpg 300w, https:\/\/www.ibikecuneo.com\/wp-content\/uploads\/2022\/07\/img352-768x318.jpg 768w, https:\/\/www.ibikecuneo.com\/wp-content\/uploads\/2022\/07\/img352.jpg 1165w\" sizes=\"(max-width: 1020px) 100vw, 1020px\" \/>\t\t\t\t\t\t\n\t\t\t\t\t<\/div>\n\t\t\t\t\t\t<\/a>\t\t\n<style>\n#image_1355966185 {\n  width: 100%;\n}\n<\/style>\n\t<\/div>\n\t\n\n\n\t\t<\/div>\n\t\t\t\t\t<\/div>\n\n\t\n\n\t<div id=\"col-1087696151\" class=\"col medium-4 large-4\"  >\n\t\t\t\t<div class=\"col-inner\"  >\n\t\t\t\n\t\t\t\n\n<div class=\"row row-collapse row-full-width\"  id=\"row-504467115\">\n\n\n\t<div id=\"col-206755292\" class=\"col small-12 large-12\"  >\n\t\t\t\t<div class=\"col-inner\"  >\n\t\t\t\n\t\t\t\n\n\t<div id=\"text-2055545493\" class=\"text\">\n\t\t\n\n<h4>En voyage dans le baroque<\/h4>\n\n\t\t\n<style>\n#text-2055545493 {\n  line-height: 1.2;\n}\n<\/style>\n\t<\/div>\n\t\n\t<div class=\"ux-menu stack stack-col justify-start ux-menu--divider-solid\">\n\t\t\n\n\t<div class=\"ux-menu-link flex menu-item\">\n\t\t<a class=\"ux-menu-link__link flex\" href=\"https:\/\/www.ibikecuneo.com\/in-viaggio-nel-barocco\/architetture-barocche-di-cuneo-e-dintorni\/\"  >\n\t\t\t\t\t\t<span class=\"ux-menu-link__text\">\n\t\t\t\tArchitectures baroques de Coni et ses environs\t\t\t<\/span>\n\t\t<\/a>\n\t<\/div>\n\t\n\n\t<div class=\"ux-menu-link flex menu-item\">\n\t\t<a class=\"ux-menu-link__link flex\" href=\"https:\/\/www.ibikecuneo.com\/in-viaggio-nel-barocco\/la-cattedrale-di-san-donato\/\"  >\n\t\t\t\t\t\t<span class=\"ux-menu-link__text\">\n\t\t\t\tLa Cath\u00e9drale de San Donato\t\t\t<\/span>\n\t\t<\/a>\n\t<\/div>\n\t\n\n\t<div class=\"ux-menu-link flex menu-item\">\n\t\t<a class=\"ux-menu-link__link flex\" href=\"https:\/\/www.ibikecuneo.com\/in-viaggio-nel-barocco\/chiesa-di-san-francesco-saverio-di-mondovi\/\"  >\n\t\t\t\t\t\t<span class=\"ux-menu-link__text\">\n\t\t\t\t\u00c9glise de Saint Fran\u00e7ois Xavier de Mondovi\t\t\t<\/span>\n\t\t<\/a>\n\t<\/div>\n\t\n\n\t<div class=\"ux-menu-link flex menu-item\">\n\t\t<a class=\"ux-menu-link__link flex\" href=\"https:\/\/www.ibikecuneo.com\/in-viaggio-nel-barocco\/il-santuario-di-vicoforte-e-la-cupola-ellittica-piu-grande-al-mondo\/\"  >\n\t\t\t\t\t\t<span class=\"ux-menu-link__text\">\n\t\t\t\tLe Sanctuaire de Vicoforte et la plus grande coupole elliptique du monde\t\t\t<\/span>\n\t\t<\/a>\n\t<\/div>\n\t\n\n\t<div class=\"ux-menu-link flex menu-item\">\n\t\t<a class=\"ux-menu-link__link flex\" href=\"https:\/\/www.ibikecuneo.com\/in-viaggio-nel-barocco\/lesperienza-del-magnificat\/\"  >\n\t\t\t\t\t\t<span class=\"ux-menu-link__text\">\n\t\t\t\tL\u2019exp\u00e9rience du Magnificat\t\t\t<\/span>\n\t\t<\/a>\n\t<\/div>\n\t\n\n\n\t<\/div>\n\t\n\n\t\t<\/div>\n\t\t\t\t\t<\/div>\n\n\t\n\n<\/div>\n\n\n\n\n\t\t<\/div>\n\t\t\t\t\t<\/div>\n\n\t\n\n<\/div>\n\n\t\t<\/div>\n\n\t\t\n<style>\n#section_1627267496 {\n  padding-top: 30px;\n  padding-bottom: 30px;\n}\n#section_1627267496 .ux-shape-divider--top svg {\n  height: 150px;\n  --divider-top-width: 100%;\n}\n#section_1627267496 .ux-shape-divider--bottom svg {\n  height: 150px;\n  --divider-width: 100%;\n}\n<\/style>\n\t<\/section>\n\t\n\n","protected":false},"excerpt":{"rendered":"","protected":false},"author":1,"featured_media":687,"parent":1160,"menu_order":3,"comment_status":"closed","ping_status":"closed","template":"","meta":[],"_links":{"self":[{"href":"https:\/\/www.ibikecuneo.com\/fr\/wp-json\/wp\/v2\/pages\/1167"}],"collection":[{"href":"https:\/\/www.ibikecuneo.com\/fr\/wp-json\/wp\/v2\/pages"}],"about":[{"href":"https:\/\/www.ibikecuneo.com\/fr\/wp-json\/wp\/v2\/types\/page"}],"author":[{"embeddable":true,"href":"https:\/\/www.ibikecuneo.com\/fr\/wp-json\/wp\/v2\/users\/1"}],"replies":[{"embeddable":true,"href":"https:\/\/www.ibikecuneo.com\/fr\/wp-json\/wp\/v2\/comments?post=1167"}],"version-history":[{"count":1,"href":"https:\/\/www.ibikecuneo.com\/fr\/wp-json\/wp\/v2\/pages\/1167\/revisions"}],"predecessor-version":[{"id":1168,"href":"https:\/\/www.ibikecuneo.com\/fr\/wp-json\/wp\/v2\/pages\/1167\/revisions\/1168"}],"up":[{"embeddable":true,"href":"https:\/\/www.ibikecuneo.com\/fr\/wp-json\/wp\/v2\/pages\/1160"}],"wp:featuredmedia":[{"embeddable":true,"href":"https:\/\/www.ibikecuneo.com\/fr\/wp-json\/wp\/v2\/media\/687"}],"wp:attachment":[{"href":"https:\/\/www.ibikecuneo.com\/fr\/wp-json\/wp\/v2\/media?parent=1167"}],"curies":[{"name":"wp","href":"https:\/\/api.w.org\/{rel}","templated":true}]}}