{"id":1169,"date":"2022-06-17T14:09:52","date_gmt":"2022-06-17T14:09:52","guid":{"rendered":"https:\/\/www.ibikecuneo.com\/en-voyage-dans-le-baroque\/le-sanctuaire-de-vicoforte-et-la-plus-grande-coupole-elliptique-du-monde\/"},"modified":"2022-08-28T16:20:23","modified_gmt":"2022-08-28T16:20:23","slug":"le-sanctuaire-de-vicoforte-et-la-plus-grande-coupole-elliptique-du-monde","status":"publish","type":"page","link":"https:\/\/www.ibikecuneo.com\/fr\/en-voyage-dans-le-baroque\/le-sanctuaire-de-vicoforte-et-la-plus-grande-coupole-elliptique-du-monde\/","title":{"rendered":"Le Sanctuaire de Vicoforte et la plus grande coupole elliptique du monde"},"content":{"rendered":"\n  <div id=\"page-header-875950031\" class=\"page-header-wrapper\">\n  <div class=\"page-title dark featured-title\">\n\n        <div class=\"page-title-bg\">\n      <div class=\"title-bg fill bg-fill\"\n        data-parallax-container=\".page-title\"\n        data-parallax-background\n        data-parallax=\"-\">\n      <\/div>\n      <div class=\"title-overlay fill\"><\/div>\n    <\/div>\n    \n    <div class=\"page-title-inner container align-center flex-row medium-flex-wrap\" >\n              <div class=\"title-wrapper flex-col text-left medium-text-center\">\n          <h1 class=\"entry-title mb-0\">\n            Le Sanctuaire de Vicoforte et la plus grande coupole elliptique du monde          <\/h1>\n        <\/div>\n                    <div class=\"title-content flex-col flex-right text-right medium-text-center\">\n        <div class=\"title-breadcrumbs pb-half pt-half\"><\/div>      <\/div>\n    <\/div>\n\n     \n<style>\n#page-header-875950031 .page-title-inner {\n  min-height: 160px;\n}\n#page-header-875950031 .title-bg {\n  background-image: url(https:\/\/www.ibikecuneo.com\/wp-content\/uploads\/2022\/07\/img358.jpg);\n}\n#page-header-875950031 .title-overlay {\n  background-color: rgba(0,0,0,.5);\n}\n<\/style>\n  <\/div>\n    <\/div>\n  \n\n\t<section class=\"section\" id=\"section_1479163956\">\n\t\t<div class=\"bg section-bg fill bg-fill  bg-loaded\" >\n\n\t\t\t\n\t\t\t\n\t\t\t\n\n\t\t<\/div>\n\n\t\t\n\n\t\t<div class=\"section-content relative\">\n\t\t\t\n\n<div class=\"row row-large row-divided\"  id=\"row-1645313675\">\n\n\n\t<div id=\"col-129799198\" class=\"col medium-8 large-8\"  >\n\t\t\t\t<div class=\"col-inner\"  >\n\t\t\t\n\t\t\t\n\n<p>Une des attractions touristiques les plus connues du Pi\u00e9mont est le Sanctuaire de Vicoforte, dont la coupole elliptique est la plus grande du monde.<\/p>\n<p>Le complexe trouve son origine dans un pilier votif sur lequel est d\u00e9cor\u00e9e une fresque du XVe si\u00e8cle repr\u00e9sentant la Vierge \u00e0 l\u2019Enfant, r\u00e9alis\u00e9e pour favoriser la bonne cuisson des briques. Un prodigieux accident de chasse fit de ce site un lieu de p\u00e8lerinage de plus en plus fr\u00e9quent, \u00e0 tel point que le duc Charles Emmanuel Ier de Savoie commandita la construction d\u2019un grand sanctuaire en 1596.<\/p>\n<p>Le sanctuaire devait accueillir les nombreux p\u00e8lerins et devenir un lieu destin\u00e9 aux tombes de la famille ; le mausol\u00e9e de la maison de Savoie a ensuite \u00e9t\u00e9 transf\u00e9r\u00e9 dans la Basilique de Superga.<\/p>\n\t<div class=\"img has-hover x md-x lg-x y md-y lg-y\" id=\"image_1010396626\">\n\t\t<a class=\"image-lightbox lightbox-gallery\" title=\"\" href=\"https:\/\/www.ibikecuneo.com\/wp-content\/uploads\/2022\/07\/img355-1024x627.jpg\">\t\t\t\t\t\t<div class=\"img-inner dark\" >\n\t\t\t<img width=\"1020\" height=\"625\" src=\"https:\/\/www.ibikecuneo.com\/wp-content\/uploads\/2022\/07\/img355-1024x627.jpg\" class=\"attachment-large size-large\" alt=\"\" decoding=\"async\" loading=\"lazy\" srcset=\"https:\/\/www.ibikecuneo.com\/wp-content\/uploads\/2022\/07\/img355-1024x627.jpg 1024w, https:\/\/www.ibikecuneo.com\/wp-content\/uploads\/2022\/07\/img355-300x184.jpg 300w, https:\/\/www.ibikecuneo.com\/wp-content\/uploads\/2022\/07\/img355-768x470.jpg 768w, https:\/\/www.ibikecuneo.com\/wp-content\/uploads\/2022\/07\/img355.jpg 1165w\" sizes=\"(max-width: 1020px) 100vw, 1020px\" \/>\t\t\t\t\t\t\n\t\t\t\t\t<\/div>\n\t\t\t\t\t\t<\/a>\t\t\n<style>\n#image_1010396626 {\n  width: 100%;\n}\n<\/style>\n\t<\/div>\n\t\n\n<div class=\"text-center\"><div class=\"is-divider divider clearfix\" ><\/div><\/div>\n\n<p>Lorsque l\u2019architecte et le duc sont tous deux d\u00e9c\u00e9d\u00e9s, la construction s\u2019est arr\u00eat\u00e9e et les travaux n\u2019ont repris que plusieurs ann\u00e9es plus tard.<\/p>\n<p>Une fois encore, c\u2019est Francesco Gallo qui a tir\u00e9 les marrons du feu en r\u00e9alisant l\u2019exploit de construire, en 1728, l\u2019imposante coupole elliptique de 74 m\u00e8tres de haut. On raconte que lorsqu\u2019on a d\u00fb d\u00e9monter l\u2019armature de la coupole termin\u00e9e, compte tenu de l\u2019\u00e9normit\u00e9 des travaux, les ouvriers ont refus\u00e9 d\u2019enlever les supports par crainte d\u2019un effondrement et Gallo a d\u00fb aller lui-m\u00eame d\u00e9monter l\u2019\u00e9chafaudage pour d\u00e9montrer la stabilit\u00e9 de l\u2019\u00e9difice.<\/p>\n<p>Pour faciliter le transport des nombreux p\u00e8lerins qui visitaient le sanctuaire de Vicoforte, un tramway a \u00e9t\u00e9 inaugur\u00e9 en 1884, il s\u2019arr\u00eatait juste devant l\u2019entr\u00e9e. Il a \u00e9t\u00e9 mis hors service dans les ann\u00e9es 1950, suivant la mode de l\u2019\u00e9poque.<\/p>\n\t<div class=\"img has-hover x md-x lg-x y md-y lg-y\" id=\"image_25375622\">\n\t\t<a class=\"image-lightbox lightbox-gallery\" title=\"\" href=\"https:\/\/www.ibikecuneo.com\/wp-content\/uploads\/2022\/07\/img358-1024x765.jpg\">\t\t\t\t\t\t<div class=\"img-inner dark\" >\n\t\t\t<img width=\"1020\" height=\"762\" src=\"https:\/\/www.ibikecuneo.com\/wp-content\/uploads\/2022\/07\/img358-1024x765.jpg\" class=\"attachment-large size-large\" alt=\"\" decoding=\"async\" loading=\"lazy\" srcset=\"https:\/\/www.ibikecuneo.com\/wp-content\/uploads\/2022\/07\/img358-1024x765.jpg 1024w, https:\/\/www.ibikecuneo.com\/wp-content\/uploads\/2022\/07\/img358-300x224.jpg 300w, https:\/\/www.ibikecuneo.com\/wp-content\/uploads\/2022\/07\/img358-768x574.jpg 768w, https:\/\/www.ibikecuneo.com\/wp-content\/uploads\/2022\/07\/img358.jpg 1168w\" sizes=\"(max-width: 1020px) 100vw, 1020px\" \/>\t\t\t\t\t\t\n\t\t\t\t\t<\/div>\n\t\t\t\t\t\t<\/a>\t\t\n<style>\n#image_25375622 {\n  width: 100%;\n}\n<\/style>\n\t<\/div>\n\t\n\n\n\t\t<\/div>\n\t\t\t\t\t<\/div>\n\n\t\n\n\t<div id=\"col-992065048\" class=\"col medium-4 large-4\"  >\n\t\t\t\t<div class=\"col-inner\"  >\n\t\t\t\n\t\t\t\n\n<div class=\"row row-collapse row-full-width\"  id=\"row-1808510569\">\n\n\n\t<div id=\"col-207774097\" class=\"col small-12 large-12\"  >\n\t\t\t\t<div class=\"col-inner\"  >\n\t\t\t\n\t\t\t\n\n\t<div id=\"text-1424474048\" class=\"text\">\n\t\t\n\n<h4>En voyage dans le baroque<\/h4>\n\n\t\t\n<style>\n#text-1424474048 {\n  line-height: 1.2;\n}\n<\/style>\n\t<\/div>\n\t\n\t<div class=\"ux-menu stack stack-col justify-start ux-menu--divider-solid\">\n\t\t\n\n\t<div class=\"ux-menu-link flex menu-item\">\n\t\t<a class=\"ux-menu-link__link flex\" href=\"https:\/\/www.ibikecuneo.com\/in-viaggio-nel-barocco\/architetture-barocche-di-cuneo-e-dintorni\/\"  >\n\t\t\t\t\t\t<span class=\"ux-menu-link__text\">\n\t\t\t\tArchitectures baroques de Coni et ses environs\t\t\t<\/span>\n\t\t<\/a>\n\t<\/div>\n\t\n\n\t<div class=\"ux-menu-link flex menu-item\">\n\t\t<a class=\"ux-menu-link__link flex\" href=\"https:\/\/www.ibikecuneo.com\/in-viaggio-nel-barocco\/la-cattedrale-di-san-donato\/\"  >\n\t\t\t\t\t\t<span class=\"ux-menu-link__text\">\n\t\t\t\tLa Cath\u00e9drale de San Donato\t\t\t<\/span>\n\t\t<\/a>\n\t<\/div>\n\t\n\n\t<div class=\"ux-menu-link flex menu-item\">\n\t\t<a class=\"ux-menu-link__link flex\" href=\"https:\/\/www.ibikecuneo.com\/in-viaggio-nel-barocco\/chiesa-di-san-francesco-saverio-di-mondovi\/\"  >\n\t\t\t\t\t\t<span class=\"ux-menu-link__text\">\n\t\t\t\t\u00c9glise de Saint Fran\u00e7ois Xavier de Mondovi\t\t\t<\/span>\n\t\t<\/a>\n\t<\/div>\n\t\n\n\t<div class=\"ux-menu-link flex menu-item\">\n\t\t<a class=\"ux-menu-link__link flex\" href=\"https:\/\/www.ibikecuneo.com\/in-viaggio-nel-barocco\/il-santuario-di-vicoforte-e-la-cupola-ellittica-piu-grande-al-mondo\/\"  >\n\t\t\t\t\t\t<span class=\"ux-menu-link__text\">\n\t\t\t\tLe Sanctuaire de Vicoforte et la plus grande coupole elliptique du monde\t\t\t<\/span>\n\t\t<\/a>\n\t<\/div>\n\t\n\n\t<div class=\"ux-menu-link flex menu-item\">\n\t\t<a class=\"ux-menu-link__link flex\" href=\"https:\/\/www.ibikecuneo.com\/in-viaggio-nel-barocco\/lesperienza-del-magnificat\/\"  >\n\t\t\t\t\t\t<span class=\"ux-menu-link__text\">\n\t\t\t\tL\u2019exp\u00e9rience du Magnificat\t\t\t<\/span>\n\t\t<\/a>\n\t<\/div>\n\t\n\n\n\t<\/div>\n\t\n\n\t\t<\/div>\n\t\t\t\t\t<\/div>\n\n\t\n\n<\/div>\n\n\n\n\n\t\t<\/div>\n\t\t\t\t\t<\/div>\n\n\t\n\n<\/div>\n\n\t\t<\/div>\n\n\t\t\n<style>\n#section_1479163956 {\n  padding-top: 30px;\n  padding-bottom: 30px;\n}\n#section_1479163956 .ux-shape-divider--top svg {\n  height: 150px;\n  --divider-top-width: 100%;\n}\n#section_1479163956 .ux-shape-divider--bottom svg {\n  height: 150px;\n  --divider-width: 100%;\n}\n<\/style>\n\t<\/section>\n\t\n\n","protected":false},"excerpt":{"rendered":"","protected":false},"author":1,"featured_media":695,"parent":1160,"menu_order":4,"comment_status":"closed","ping_status":"closed","template":"","meta":[],"_links":{"self":[{"href":"https:\/\/www.ibikecuneo.com\/fr\/wp-json\/wp\/v2\/pages\/1169"}],"collection":[{"href":"https:\/\/www.ibikecuneo.com\/fr\/wp-json\/wp\/v2\/pages"}],"about":[{"href":"https:\/\/www.ibikecuneo.com\/fr\/wp-json\/wp\/v2\/types\/page"}],"author":[{"embeddable":true,"href":"https:\/\/www.ibikecuneo.com\/fr\/wp-json\/wp\/v2\/users\/1"}],"replies":[{"embeddable":true,"href":"https:\/\/www.ibikecuneo.com\/fr\/wp-json\/wp\/v2\/comments?post=1169"}],"version-history":[{"count":1,"href":"https:\/\/www.ibikecuneo.com\/fr\/wp-json\/wp\/v2\/pages\/1169\/revisions"}],"predecessor-version":[{"id":1170,"href":"https:\/\/www.ibikecuneo.com\/fr\/wp-json\/wp\/v2\/pages\/1169\/revisions\/1170"}],"up":[{"embeddable":true,"href":"https:\/\/www.ibikecuneo.com\/fr\/wp-json\/wp\/v2\/pages\/1160"}],"wp:featuredmedia":[{"embeddable":true,"href":"https:\/\/www.ibikecuneo.com\/fr\/wp-json\/wp\/v2\/media\/695"}],"wp:attachment":[{"href":"https:\/\/www.ibikecuneo.com\/fr\/wp-json\/wp\/v2\/media?parent=1169"}],"curies":[{"name":"wp","href":"https:\/\/api.w.org\/{rel}","templated":true}]}}