{"id":1171,"date":"2022-06-17T14:10:43","date_gmt":"2022-06-17T14:10:43","guid":{"rendered":"https:\/\/www.ibikecuneo.com\/en-voyage-dans-le-baroque\/lexperience-du-magnificat\/"},"modified":"2022-08-28T16:22:36","modified_gmt":"2022-08-28T16:22:36","slug":"lexperience-du-magnificat","status":"publish","type":"page","link":"https:\/\/www.ibikecuneo.com\/fr\/en-voyage-dans-le-baroque\/lexperience-du-magnificat\/","title":{"rendered":"L\u2019exp\u00e9rience du Magnificat"},"content":{"rendered":"\n  <div id=\"page-header-1153993895\" class=\"page-header-wrapper\">\n  <div class=\"page-title dark featured-title\">\n\n        <div class=\"page-title-bg\">\n      <div class=\"title-bg fill bg-fill\"\n        data-parallax-container=\".page-title\"\n        data-parallax-background\n        data-parallax=\"-\">\n      <\/div>\n      <div class=\"title-overlay fill\"><\/div>\n    <\/div>\n    \n    <div class=\"page-title-inner container align-center flex-row medium-flex-wrap\" >\n              <div class=\"title-wrapper flex-col text-left medium-text-center\">\n          <h1 class=\"entry-title mb-0\">\n            L\u2019exp\u00e9rience du Magnificat          <\/h1>\n        <\/div>\n                    <div class=\"title-content flex-col flex-right text-right medium-text-center\">\n        <div class=\"title-breadcrumbs pb-half pt-half\"><\/div>      <\/div>\n    <\/div>\n\n     \n<style>\n#page-header-1153993895 .page-title-inner {\n  min-height: 160px;\n}\n#page-header-1153993895 .title-bg {\n  background-image: url(https:\/\/www.ibikecuneo.com\/wp-content\/uploads\/2022\/07\/img363.jpg);\n}\n#page-header-1153993895 .title-overlay {\n  background-color: rgba(0,0,0,.5);\n}\n<\/style>\n  <\/div>\n    <\/div>\n  \n\n\t<section class=\"section\" id=\"section_898529338\">\n\t\t<div class=\"bg section-bg fill bg-fill  bg-loaded\" >\n\n\t\t\t\n\t\t\t\n\t\t\t\n\n\t\t<\/div>\n\n\t\t\n\n\t\t<div class=\"section-content relative\">\n\t\t\t\n\n<div class=\"row row-large row-divided\"  id=\"row-1075309360\">\n\n\n\t<div id=\"col-1808361079\" class=\"col medium-8 large-8\"  >\n\t\t\t\t<div class=\"col-inner\"  >\n\t\t\t\n\t\t\t\n\n<p>La coupole du Sanctuaire de Vicoforte \u00e9tonne non seulement par ses dimensions mais aussi par ses fresques magistrales. Gr\u00e2ce au parcours exp\u00e9rientiel Magnificat, il est possible d\u2019admirer d\u2019en haut le cycle des fresques qui ornent la majestueuse coupole, avec une vue imprenable sur l\u2019\u0153uvre d\u2019art \u00e0 50 m\u00e8tres de hauteur.<\/p>\n<p>Munis de harnais et de casques pour une visite qui dure deux heures, on s\u2019aventure sur des \u00e9chelles, dans des passages \u00e0 travers des poutres et des marches sur une mont\u00e9e de 60 m\u00e8tres jusqu\u2019au sommet du Sanctuaire de Vicoforte, o\u00f9 l\u2019on peut admirer de pr\u00e8s les fresques magistrales \u00e0 travers une totale immersion dans l\u2019art et l\u2019histoire. Voir une \u00e9glise de ces dimensions du haut est une perspective plut\u00f4t inhabituelle, ce qui fait du parcours du Magnificat quelque chose d\u2019unique en Europe. Une fois au sommet, on peut admirer le splendide panorama des Langhe et de l\u2019arc alpin qui entoure ce monument extraordinaire.<\/p>\n\n  \n    <div id=\"gallery-558646418\" class=\"row large-columns-2 medium-columns- small-columns- row-xsmall row-masonry\" data-packery-options='{\"itemSelector\": \".col\", \"gutter\": 0, \"presentageWidth\" : true}'>\n\n  <div class=\"gallery-col col\" >\n          <div class=\"col-inner\">\n            <a class=\"image-lightbox lightbox-gallery\" href=\"https:\/\/www.ibikecuneo.com\/wp-content\/uploads\/2022\/07\/img363.jpg\" title=\"\">            <div class=\"box has-hover gallery-box box-overlay dark\">\n              <div class=\"box-image\" >\n                <img width=\"300\" height=\"168\" src=\"https:\/\/www.ibikecuneo.com\/wp-content\/uploads\/2022\/07\/img363-300x168.jpg\" class=\"attachment-medium size-medium\" alt=\"\" decoding=\"async\" loading=\"lazy\" ids=\"701,697,705\" type=\"masonry\" col_spacing=\"xsmall\" columns=\"2\" srcset=\"https:\/\/www.ibikecuneo.com\/wp-content\/uploads\/2022\/07\/img363-300x168.jpg 300w, https:\/\/www.ibikecuneo.com\/wp-content\/uploads\/2022\/07\/img363.jpg 610w\" sizes=\"(max-width: 300px) 100vw, 300px\" \/>                                  <div class=\"overlay fill\"\n                      style=\"background-color: rgba(0,0,0,.15)\">\n                  <\/div>\n                                                              <\/div>\n              <div class=\"box-text text-left\" >\n                 <p><\/p>\n              <\/div>\n            <\/div>\n            <\/a>          <\/div>\n         <\/div><div class=\"gallery-col col\" >\n          <div class=\"col-inner\">\n            <a class=\"image-lightbox lightbox-gallery\" href=\"https:\/\/www.ibikecuneo.com\/wp-content\/uploads\/2022\/07\/img361.jpg\" title=\"\">            <div class=\"box has-hover gallery-box box-overlay dark\">\n              <div class=\"box-image\" >\n                <img width=\"233\" height=\"300\" src=\"https:\/\/www.ibikecuneo.com\/wp-content\/uploads\/2022\/07\/img361-233x300.jpg\" class=\"attachment-medium size-medium\" alt=\"\" decoding=\"async\" loading=\"lazy\" ids=\"701,697,705\" type=\"masonry\" col_spacing=\"xsmall\" columns=\"2\" srcset=\"https:\/\/www.ibikecuneo.com\/wp-content\/uploads\/2022\/07\/img361-233x300.jpg 233w, https:\/\/www.ibikecuneo.com\/wp-content\/uploads\/2022\/07\/img361.jpg 541w\" sizes=\"(max-width: 233px) 100vw, 233px\" \/>                                  <div class=\"overlay fill\"\n                      style=\"background-color: rgba(0,0,0,.15)\">\n                  <\/div>\n                                                              <\/div>\n              <div class=\"box-text text-left\" >\n                 <p><\/p>\n              <\/div>\n            <\/div>\n            <\/a>          <\/div>\n         <\/div><div class=\"gallery-col col\" >\n          <div class=\"col-inner\">\n            <a class=\"image-lightbox lightbox-gallery\" href=\"https:\/\/www.ibikecuneo.com\/wp-content\/uploads\/2022\/07\/img365.jpg\" title=\"\">            <div class=\"box has-hover gallery-box box-overlay dark\">\n              <div class=\"box-image\" >\n                <img width=\"300\" height=\"168\" src=\"https:\/\/www.ibikecuneo.com\/wp-content\/uploads\/2022\/07\/img365-300x168.jpg\" class=\"attachment-medium size-medium\" alt=\"\" decoding=\"async\" loading=\"lazy\" ids=\"701,697,705\" type=\"masonry\" col_spacing=\"xsmall\" columns=\"2\" srcset=\"https:\/\/www.ibikecuneo.com\/wp-content\/uploads\/2022\/07\/img365-300x168.jpg 300w, https:\/\/www.ibikecuneo.com\/wp-content\/uploads\/2022\/07\/img365.jpg 610w\" sizes=\"(max-width: 300px) 100vw, 300px\" \/>                                  <div class=\"overlay fill\"\n                      style=\"background-color: rgba(0,0,0,.15)\">\n                  <\/div>\n                                                              <\/div>\n              <div class=\"box-text text-left\" >\n                 <p><\/p>\n              <\/div>\n            <\/div>\n            <\/a>          <\/div>\n         <\/div><\/div>\n\n\n\t\t<\/div>\n\t\t\t\t\t<\/div>\n\n\t\n\n\t<div id=\"col-469465748\" class=\"col medium-4 large-4\"  >\n\t\t\t\t<div class=\"col-inner\"  >\n\t\t\t\n\t\t\t\n\n<div class=\"row row-collapse row-full-width\"  id=\"row-867569544\">\n\n\n\t<div id=\"col-660137573\" class=\"col small-12 large-12\"  >\n\t\t\t\t<div class=\"col-inner\"  >\n\t\t\t\n\t\t\t\n\n\t<div id=\"text-2796379401\" class=\"text\">\n\t\t\n\n<h4>En voyage dans le baroque<\/h4>\n\n\t\t\n<style>\n#text-2796379401 {\n  line-height: 1.2;\n}\n<\/style>\n\t<\/div>\n\t\n\t<div class=\"ux-menu stack stack-col justify-start ux-menu--divider-solid\">\n\t\t\n\n\t<div class=\"ux-menu-link flex menu-item\">\n\t\t<a class=\"ux-menu-link__link flex\" href=\"https:\/\/www.ibikecuneo.com\/in-viaggio-nel-barocco\/architetture-barocche-di-cuneo-e-dintorni\/\"  >\n\t\t\t\t\t\t<span class=\"ux-menu-link__text\">\n\t\t\t\tArchitectures baroques de Coni et ses environs\t\t\t<\/span>\n\t\t<\/a>\n\t<\/div>\n\t\n\n\t<div class=\"ux-menu-link flex menu-item\">\n\t\t<a class=\"ux-menu-link__link flex\" href=\"https:\/\/www.ibikecuneo.com\/in-viaggio-nel-barocco\/la-cattedrale-di-san-donato\/\"  >\n\t\t\t\t\t\t<span class=\"ux-menu-link__text\">\n\t\t\t\tLa Cath\u00e9drale de San Donato\t\t\t<\/span>\n\t\t<\/a>\n\t<\/div>\n\t\n\n\t<div class=\"ux-menu-link flex menu-item\">\n\t\t<a class=\"ux-menu-link__link flex\" href=\"https:\/\/www.ibikecuneo.com\/in-viaggio-nel-barocco\/chiesa-di-san-francesco-saverio-di-mondovi\/\"  >\n\t\t\t\t\t\t<span class=\"ux-menu-link__text\">\n\t\t\t\t\u00c9glise de Saint Fran\u00e7ois Xavier de Mondovi\t\t\t<\/span>\n\t\t<\/a>\n\t<\/div>\n\t\n\n\t<div class=\"ux-menu-link flex menu-item\">\n\t\t<a class=\"ux-menu-link__link flex\" href=\"https:\/\/www.ibikecuneo.com\/in-viaggio-nel-barocco\/il-santuario-di-vicoforte-e-la-cupola-ellittica-piu-grande-al-mondo\/\"  >\n\t\t\t\t\t\t<span class=\"ux-menu-link__text\">\n\t\t\t\tLe Sanctuaire de Vicoforte et la plus grande coupole elliptique du monde\t\t\t<\/span>\n\t\t<\/a>\n\t<\/div>\n\t\n\n\t<div class=\"ux-menu-link flex menu-item\">\n\t\t<a class=\"ux-menu-link__link flex\" href=\"https:\/\/www.ibikecuneo.com\/in-viaggio-nel-barocco\/lesperienza-del-magnificat\/\"  >\n\t\t\t\t\t\t<span class=\"ux-menu-link__text\">\n\t\t\t\tL\u2019exp\u00e9rience du Magnificat\t\t\t<\/span>\n\t\t<\/a>\n\t<\/div>\n\t\n\n\n\t<\/div>\n\t\n\n\t\t<\/div>\n\t\t\t\t\t<\/div>\n\n\t\n\n<\/div>\n\n\n\n\n\t\t<\/div>\n\t\t\t\t\t<\/div>\n\n\t\n\n<\/div>\n\n\t\t<\/div>\n\n\t\t\n<style>\n#section_898529338 {\n  padding-top: 30px;\n  padding-bottom: 30px;\n}\n#section_898529338 .ux-shape-divider--top svg {\n  height: 150px;\n  --divider-top-width: 100%;\n}\n#section_898529338 .ux-shape-divider--bottom svg {\n  height: 150px;\n  --divider-width: 100%;\n}\n<\/style>\n\t<\/section>\n\t\n\n","protected":false},"excerpt":{"rendered":"","protected":false},"author":1,"featured_media":703,"parent":1160,"menu_order":5,"comment_status":"closed","ping_status":"closed","template":"","meta":[],"_links":{"self":[{"href":"https:\/\/www.ibikecuneo.com\/fr\/wp-json\/wp\/v2\/pages\/1171"}],"collection":[{"href":"https:\/\/www.ibikecuneo.com\/fr\/wp-json\/wp\/v2\/pages"}],"about":[{"href":"https:\/\/www.ibikecuneo.com\/fr\/wp-json\/wp\/v2\/types\/page"}],"author":[{"embeddable":true,"href":"https:\/\/www.ibikecuneo.com\/fr\/wp-json\/wp\/v2\/users\/1"}],"replies":[{"embeddable":true,"href":"https:\/\/www.ibikecuneo.com\/fr\/wp-json\/wp\/v2\/comments?post=1171"}],"version-history":[{"count":1,"href":"https:\/\/www.ibikecuneo.com\/fr\/wp-json\/wp\/v2\/pages\/1171\/revisions"}],"predecessor-version":[{"id":1172,"href":"https:\/\/www.ibikecuneo.com\/fr\/wp-json\/wp\/v2\/pages\/1171\/revisions\/1172"}],"up":[{"embeddable":true,"href":"https:\/\/www.ibikecuneo.com\/fr\/wp-json\/wp\/v2\/pages\/1160"}],"wp:featuredmedia":[{"embeddable":true,"href":"https:\/\/www.ibikecuneo.com\/fr\/wp-json\/wp\/v2\/media\/703"}],"wp:attachment":[{"href":"https:\/\/www.ibikecuneo.com\/fr\/wp-json\/wp\/v2\/media?parent=1171"}],"curies":[{"name":"wp","href":"https:\/\/api.w.org\/{rel}","templated":true}]}}