{"id":1180,"date":"2022-06-17T14:14:29","date_gmt":"2022-06-17T14:14:29","guid":{"rendered":"https:\/\/www.ibikecuneo.com\/les-saveurs-de-la-region-de-coni\/les-cuneesi-et-les-maitres-patissiers\/"},"modified":"2022-08-28T16:31:38","modified_gmt":"2022-08-28T16:31:38","slug":"les-cuneesi-et-les-maitres-patissiers","status":"publish","type":"page","link":"https:\/\/www.ibikecuneo.com\/fr\/les-saveurs-de-la-region-de-coni\/les-cuneesi-et-les-maitres-patissiers\/","title":{"rendered":"Les cuneesi et les ma\u00eetres p\u00e2tissiers"},"content":{"rendered":"\n  <div id=\"page-header-853368752\" class=\"page-header-wrapper\">\n  <div class=\"page-title dark featured-title\">\n\n        <div class=\"page-title-bg\">\n      <div class=\"title-bg fill bg-fill\"\n        data-parallax-container=\".page-title\"\n        data-parallax-background\n        data-parallax=\"-\">\n      <\/div>\n      <div class=\"title-overlay fill\"><\/div>\n    <\/div>\n    \n    <div class=\"page-title-inner container align-center flex-row medium-flex-wrap\" >\n              <div class=\"title-wrapper flex-col text-left medium-text-center\">\n          <h1 class=\"entry-title mb-0\">\n            Les cuneesi et les ma\u00eetres p\u00e2tissiers          <\/h1>\n        <\/div>\n                    <div class=\"title-content flex-col flex-right text-right medium-text-center\">\n        <div class=\"title-breadcrumbs pb-half pt-half\"><\/div>      <\/div>\n    <\/div>\n\n     \n<style>\n#page-header-853368752 .page-title-inner {\n  min-height: 160px;\n}\n#page-header-853368752 .title-bg {\n  background-image: url(https:\/\/www.ibikecuneo.com\/wp-content\/uploads\/2022\/07\/img438-1.jpg);\n}\n#page-header-853368752 .title-overlay {\n  background-color: rgba(0,0,0,.5);\n}\n<\/style>\n  <\/div>\n    <\/div>\n  \n\n\t<section class=\"section\" id=\"section_1511732114\">\n\t\t<div class=\"bg section-bg fill bg-fill  bg-loaded\" >\n\n\t\t\t\n\t\t\t\n\t\t\t\n\n\t\t<\/div>\n\n\t\t\n\n\t\t<div class=\"section-content relative\">\n\t\t\t\n\n<div class=\"row row-large row-divided\"  id=\"row-1041363702\">\n\n\n\t<div id=\"col-937727357\" class=\"col medium-8 large-8\"  >\n\t\t\t\t<div class=\"col-inner\"  >\n\t\t\t\n\t\t\t\n\n<p>Sous les jolies arcades de la ville de Coni, tout comme \u00e0 Mondovi, Dronero et dans tous les villages que l\u2019on traverse, on peut sentir d\u2019agr\u00e9ables parfums provenant des ateliers qui fabriquent artisanalement les petits g\u00e2teaux qui rendent l\u2019art de la p\u00e2tisserie pi\u00e9montaise c\u00e9l\u00e8bre dans le monde entier. <\/p>\n\t<div class=\"img has-hover x md-x lg-x y md-y lg-y\" id=\"image_734558503\">\n\t\t<a class=\"image-lightbox lightbox-gallery\" title=\"\" href=\"https:\/\/www.ibikecuneo.com\/wp-content\/uploads\/2022\/07\/img438-1-1024x565.jpg\">\t\t\t\t\t\t<div class=\"img-inner dark\" >\n\t\t\t<img width=\"1020\" height=\"563\" src=\"https:\/\/www.ibikecuneo.com\/wp-content\/uploads\/2022\/07\/img438-1-1024x565.jpg\" class=\"attachment-large size-large\" alt=\"\" decoding=\"async\" loading=\"lazy\" srcset=\"https:\/\/www.ibikecuneo.com\/wp-content\/uploads\/2022\/07\/img438-1-1024x565.jpg 1024w, https:\/\/www.ibikecuneo.com\/wp-content\/uploads\/2022\/07\/img438-1-300x165.jpg 300w, https:\/\/www.ibikecuneo.com\/wp-content\/uploads\/2022\/07\/img438-1-768x424.jpg 768w, https:\/\/www.ibikecuneo.com\/wp-content\/uploads\/2022\/07\/img438-1.jpg 1166w\" sizes=\"(max-width: 1020px) 100vw, 1020px\" \/>\t\t\t\t\t\t\n\t\t\t\t\t<\/div>\n\t\t\t\t\t\t<\/a>\t\t\n<style>\n#image_734558503 {\n  width: 100%;\n}\n<\/style>\n\t<\/div>\n\t\n\n<div class=\"text-center\"><div class=\"is-divider divider clearfix\" ><\/div><\/div>\n\n<p>Les cuneesi sont des friandises typiques de la ville, et celles qui sont produites selon la recette originale par la p\u00e2tisserie Arione de la Piazza Galimberti sont c\u00e9l\u00e8bres : elles se composent d\u2019une enveloppe de chocolat croquant qui cache une meringue et qui contient des cr\u00e8mes de diff\u00e9rents parfums. Les cuneesi plus traditionnels sont au rhum. Mais les saveurs ne manquent pas, m\u00eame en province : s\u2019il y a une chose pour laquelle Coni est c\u00e9l\u00e8bre, ce sont les marrons et les marrons glac\u00e9s, ainsi que les nougats, des gourmandises \u00e0 faire fondre dans la bouche, peut-\u00eatre entre deux balades \u00e0 v\u00e9lo.<\/p>\n\t<div class=\"img has-hover x md-x lg-x y md-y lg-y\" id=\"image_1955572697\">\n\t\t<a class=\"image-lightbox lightbox-gallery\" title=\"\" href=\"https:\/\/www.ibikecuneo.com\/wp-content\/uploads\/2022\/07\/img435-1-1024x635.jpg\">\t\t\t\t\t\t<div class=\"img-inner dark\" >\n\t\t\t<img width=\"1020\" height=\"633\" src=\"https:\/\/www.ibikecuneo.com\/wp-content\/uploads\/2022\/07\/img435-1-1024x635.jpg\" class=\"attachment-large size-large\" alt=\"\" decoding=\"async\" loading=\"lazy\" srcset=\"https:\/\/www.ibikecuneo.com\/wp-content\/uploads\/2022\/07\/img435-1-1024x635.jpg 1024w, https:\/\/www.ibikecuneo.com\/wp-content\/uploads\/2022\/07\/img435-1-300x186.jpg 300w, https:\/\/www.ibikecuneo.com\/wp-content\/uploads\/2022\/07\/img435-1-768x477.jpg 768w, https:\/\/www.ibikecuneo.com\/wp-content\/uploads\/2022\/07\/img435-1.jpg 1165w\" sizes=\"(max-width: 1020px) 100vw, 1020px\" \/>\t\t\t\t\t\t\n\t\t\t\t\t<\/div>\n\t\t\t\t\t\t<\/a>\t\t\n<style>\n#image_1955572697 {\n  width: 100%;\n}\n<\/style>\n\t<\/div>\n\t\n\n\n\t\t<\/div>\n\t\t\t\t\t<\/div>\n\n\t\n\n\t<div id=\"col-1782978938\" class=\"col medium-4 large-4\"  >\n\t\t\t\t<div class=\"col-inner\"  >\n\t\t\t\n\t\t\t\n\n<div class=\"row row-collapse row-full-width\"  id=\"row-956491930\">\n\n\n\t<div id=\"col-2048727131\" class=\"col small-12 large-12\"  >\n\t\t\t\t<div class=\"col-inner\"  >\n\t\t\t\n\t\t\t\n\n\t<div id=\"text-797357184\" class=\"text\">\n\t\t\n\n<h4>Les saveurs de la r\u00e9gion de Coni<\/h4>\n\n\t\t\n<style>\n#text-797357184 {\n  line-height: 1.2;\n}\n<\/style>\n\t<\/div>\n\t\n\t<div class=\"ux-menu stack stack-col justify-start ux-menu--divider-solid\">\n\t\t\n\n\t<div class=\"ux-menu-link flex menu-item\">\n\t\t<a class=\"ux-menu-link__link flex\" href=\"https:\/\/www.ibikecuneo.com\/i-sapori-del-cuneese\/le-paste-di-meliga-e-il-mulino-di-dronero\/\"  >\n\t\t\t\t\t\t<span class=\"ux-menu-link__text\">\n\t\t\t\tLes Paste de Meliga et le moulin de Dronero\t\t\t<\/span>\n\t\t<\/a>\n\t<\/div>\n\t\n\n\t<div class=\"ux-menu-link flex menu-item\">\n\t\t<a class=\"ux-menu-link__link flex\" href=\"https:\/\/www.ibikecuneo.com\/i-sapori-del-cuneese\/la-segale-e-il-museo-di-santanna-di-valdieri\/\"  >\n\t\t\t\t\t\t<span class=\"ux-menu-link__text\">\n\t\t\t\tLe seigle et le Mus\u00e9e de Sant\u2019Anna di Valdieri\t\t\t<\/span>\n\t\t<\/a>\n\t<\/div>\n\t\n\n\t<div class=\"ux-menu-link flex menu-item\">\n\t\t<a class=\"ux-menu-link__link flex\" href=\"https:\/\/www.ibikecuneo.com\/i-sapori-del-cuneese\/i-cuneesi-e-i-mastri-pasticceri\/\"  >\n\t\t\t\t\t\t<span class=\"ux-menu-link__text\">\n\t\t\t\tLes cuneesi et les ma\u00eetres p\u00e2tissiers\t\t\t<\/span>\n\t\t<\/a>\n\t<\/div>\n\t\n\n\t<div class=\"ux-menu-link flex menu-item\">\n\t\t<a class=\"ux-menu-link__link flex\" href=\"https:\/\/www.ibikecuneo.com\/i-sapori-del-cuneese\/frutta-e-verdura\/\"  >\n\t\t\t\t\t\t<span class=\"ux-menu-link__text\">\n\t\t\t\tFruits et l\u00e9gumes\t\t\t<\/span>\n\t\t<\/a>\n\t<\/div>\n\t\n\n\t<div class=\"ux-menu-link flex menu-item\">\n\t\t<a class=\"ux-menu-link__link flex\" href=\"https:\/\/www.ibikecuneo.com\/i-sapori-del-cuneese\/i-formaggi-e-le-carni\/\"  >\n\t\t\t\t\t\t<span class=\"ux-menu-link__text\">\n\t\t\t\tLes fromages et les viandes\t\t\t<\/span>\n\t\t<\/a>\n\t<\/div>\n\t\n\n\t<div class=\"ux-menu-link flex menu-item\">\n\t\t<a class=\"ux-menu-link__link flex\" href=\"https:\/\/www.ibikecuneo.com\/i-sapori-del-cuneese\/bere-bene\/\"  >\n\t\t\t\t\t\t<span class=\"ux-menu-link__text\">\n\t\t\t\tBien boire\t\t\t<\/span>\n\t\t<\/a>\n\t<\/div>\n\t\n\n\t<div class=\"ux-menu-link flex menu-item\">\n\t\t<a class=\"ux-menu-link__link flex\" href=\"https:\/\/www.ibikecuneo.com\/i-sapori-del-cuneese\/la-cultura-gastronomica-montana\/\"  >\n\t\t\t\t\t\t<span class=\"ux-menu-link__text\">\n\t\t\t\tLa culture gastronomique de montagne\t\t\t<\/span>\n\t\t<\/a>\n\t<\/div>\n\t\n\n\n\t<\/div>\n\t\n\n\t\t<\/div>\n\t\t\t\t\t<\/div>\n\n\t\n\n<\/div>\n\n\n\n\n\t\t<\/div>\n\t\t\t\t\t<\/div>\n\n\t\n\n<\/div>\n\n\t\t<\/div>\n\n\t\t\n<style>\n#section_1511732114 {\n  padding-top: 30px;\n  padding-bottom: 30px;\n}\n#section_1511732114 .ux-shape-divider--top svg {\n  height: 150px;\n  --divider-top-width: 100%;\n}\n#section_1511732114 .ux-shape-divider--bottom svg {\n  height: 150px;\n  --divider-width: 100%;\n}\n<\/style>\n\t<\/section>\n\t\n\n","protected":false},"excerpt":{"rendered":"","protected":false},"author":1,"featured_media":728,"parent":1173,"menu_order":3,"comment_status":"closed","ping_status":"closed","template":"","meta":[],"_links":{"self":[{"href":"https:\/\/www.ibikecuneo.com\/fr\/wp-json\/wp\/v2\/pages\/1180"}],"collection":[{"href":"https:\/\/www.ibikecuneo.com\/fr\/wp-json\/wp\/v2\/pages"}],"about":[{"href":"https:\/\/www.ibikecuneo.com\/fr\/wp-json\/wp\/v2\/types\/page"}],"author":[{"embeddable":true,"href":"https:\/\/www.ibikecuneo.com\/fr\/wp-json\/wp\/v2\/users\/1"}],"replies":[{"embeddable":true,"href":"https:\/\/www.ibikecuneo.com\/fr\/wp-json\/wp\/v2\/comments?post=1180"}],"version-history":[{"count":1,"href":"https:\/\/www.ibikecuneo.com\/fr\/wp-json\/wp\/v2\/pages\/1180\/revisions"}],"predecessor-version":[{"id":1181,"href":"https:\/\/www.ibikecuneo.com\/fr\/wp-json\/wp\/v2\/pages\/1180\/revisions\/1181"}],"up":[{"embeddable":true,"href":"https:\/\/www.ibikecuneo.com\/fr\/wp-json\/wp\/v2\/pages\/1173"}],"wp:featuredmedia":[{"embeddable":true,"href":"https:\/\/www.ibikecuneo.com\/fr\/wp-json\/wp\/v2\/media\/728"}],"wp:attachment":[{"href":"https:\/\/www.ibikecuneo.com\/fr\/wp-json\/wp\/v2\/media?parent=1180"}],"curies":[{"name":"wp","href":"https:\/\/api.w.org\/{rel}","templated":true}]}}