{"id":1221,"date":"2022-06-17T12:24:10","date_gmt":"2022-06-17T12:24:10","guid":{"rendered":"https:\/\/www.ibikecuneo.com\/home\/"},"modified":"2023-01-31T11:42:38","modified_gmt":"2023-01-31T11:42:38","slug":"home","status":"publish","type":"page","link":"https:\/\/www.ibikecuneo.com\/fr\/","title":{"rendered":"Home"},"content":{"rendered":"\n\t<section class=\"section dark\" id=\"section_868521226\">\n\t\t<div class=\"bg section-bg fill bg-fill  bg-loaded\" >\n\n\t\t\t\n\t\t\t\n\t\t\t\n\n\t\t<\/div>\n\n\t\t\n\n\t\t<div class=\"section-content relative\">\n\t\t\t\n\n\n  <div class=\"banner has-hover has-video is-full-height\" id=\"banner-255195641\">\n          <div class=\"banner-inner fill\">\n        <div class=\"banner-bg fill\" >\n            <div class=\"bg fill bg-fill \"><\/div>\n            \t<div class=\"video-overlay no-click fill visible\"><\/div>\n\t<video class=\"video-bg fill visible\" preload playsinline autoplay\n\t\tmuted\t\tloop>\n\t\t<source src=\"https:\/\/www.ibikecuneo.com\/wp-content\/uploads\/2022\/11\/home-page_ibike_cuneo-1.mp4\" type=\"video\/mp4\">\t<\/video>\n            <div class=\"overlay\"><\/div>            \n                    <\/div>\n\t\t\n        <div class=\"banner-layers container\">\n            <div class=\"fill banner-link\"><\/div>            \n\n   <div id=\"text-box-1321993969\" class=\"text-box banner-layer x95 md-x95 lg-x95 y50 md-y50 lg-y50 res-text\">\n                                <div class=\"text-box-content text dark\">\n              \n              <div class=\"text-inner text-right\">\n                  \n\n<h1 class=\"uppercase\"><strong>D\u00e9couvrir Coni et ses environs<br>\n \u00e0 v\u00e9lo<\/strong><\/h1>\n<a href=\"https:\/\/www.ibikecuneo.com\/fr\/routes\/\" target=\"_self\" class=\"button primary\"  >\n    <span>Routes<\/span>\n  <i class=\"icon-angle-right\" ><\/i><\/a>\n\n\n<a href=\"https:\/\/www.ibikecuneo.com\/fr\/le-projet\/\" target=\"_self\" class=\"button white is-outline\"  >\n    <span>Le projet<\/span>\n  <i class=\"icon-angle-right\" ><\/i><\/a>\n\n\n\n              <\/div>\n           <\/div>\n                            \n<style>\n#text-box-1321993969 {\n  width: 60%;\n}\n#text-box-1321993969 .text-box-content {\n  font-size: 100%;\n}\n@media (min-width:550px) {\n  #text-box-1321993969 {\n    width: 75%;\n  }\n}\n<\/style>\n    <\/div>\n \n\n        <\/div>\n      <\/div>\n\n            \n<style>\n#banner-255195641 {\n  padding-top: 100%;\n}\n#banner-255195641 .overlay {\n  background-color: rgba(0, 0, 0, 0.2);\n}\n#banner-255195641 .ux-shape-divider--top svg {\n  height: 150px;\n  --divider-top-width: 100%;\n}\n#banner-255195641 .ux-shape-divider--bottom svg {\n  height: 150px;\n  --divider-width: 100%;\n}\n<\/style>\n  <\/div>\n\n\n\n\t\t<\/div>\n\n\t\t\n<style>\n#section_868521226 {\n  padding-top: 0px;\n  padding-bottom: 0px;\n  background-color: rgb(40, 40, 40);\n}\n#section_868521226 .ux-shape-divider--top svg {\n  height: 150px;\n  --divider-top-width: 100%;\n}\n#section_868521226 .ux-shape-divider--bottom svg {\n  height: 150px;\n  --divider-width: 100%;\n}\n<\/style>\n\t<\/section>\n\t\n\n\t<section class=\"section\" id=\"section_617676962\">\n\t\t<div class=\"bg section-bg fill bg-fill  bg-loaded\" >\n\n\t\t\t\n\t\t\t\n\t\t\t\n\n\t\t<\/div>\n\n\t\t\n\n\t\t<div class=\"section-content relative\">\n\t\t\t\n\n<div class=\"row\"  id=\"row-360945377\">\n\n\n\t<div id=\"col-2077922022\" class=\"col mb-0 pb-0 small-12 large-12\"  >\n\t\t\t\t<div class=\"col-inner\"  >\n\t\t\t\n\t\t\t\n\n\n\t\t<div class=\"icon-box featured-box icon-box-left text-left\"  >\n\t\t\t\t\t<div class=\"icon-box-img\" style=\"width: 60px\">\n\t\t\t\t<div class=\"icon\">\n\t\t\t\t\t<div class=\"icon-inner\" >\n\t\t\t\t\t\t<img width=\"64\" height=\"64\" src=\"https:\/\/www.ibikecuneo.com\/wp-content\/uploads\/2022\/07\/icons8-map-64.png\" class=\"attachment-medium size-medium\" alt=\"\" decoding=\"async\" loading=\"lazy\" \/>\t\t\t\t\t<\/div>\n\t\t\t\t<\/div>\n\t\t\t<\/div>\n\t\t\t\t<div class=\"icon-box-text last-reset\">\n\t\t\t\t\t\t\t\t\t\n\n<h2>Carte<\/h2>\n\n\t\t<\/div>\n\t<\/div>\n\t\n\t\n\n\t\t<\/div>\n\t\t\t\t\t<\/div>\n\n\t\n\n<\/div>\n\n\t\t<\/div>\n\n\t\t\n<style>\n#section_617676962 {\n  padding-top: 40px;\n  padding-bottom: 40px;\n}\n#section_617676962 .ux-shape-divider--top svg {\n  height: 150px;\n  --divider-top-width: 100%;\n}\n#section_617676962 .ux-shape-divider--bottom svg {\n  height: 150px;\n  --divider-width: 100%;\n}\n<\/style>\n\t<\/section>\n\t\n\t<section class=\"section\" id=\"section_1548626220\">\n\t\t<div class=\"bg section-bg fill bg-fill  bg-loaded\" >\n\n\t\t\t\n\t\t\t\n\t\t\t\n\n\t\t<\/div>\n\n\t\t\n\n\t\t<div class=\"section-content relative\">\n\t\t\t\n\n\r\n\r\n<iframe src=\"https:\/\/ibikecuneo.s3.eu-south-1.amazonaws.com\/mappa-home-cuneo\/index.html?lang=FR\" width=\"100%\" height=\"600px\" frameborder=\"0\"><\/iframe>\r\n\n\n\n\t\t<\/div>\n\n\t\t\n<style>\n#section_1548626220 {\n  padding-top: 30px;\n  padding-bottom: 30px;\n}\n#section_1548626220 .ux-shape-divider--top svg {\n  height: 150px;\n  --divider-top-width: 100%;\n}\n#section_1548626220 .ux-shape-divider--bottom svg {\n  height: 150px;\n  --divider-width: 100%;\n}\n<\/style>\n\t<\/section>\n\t\n\t<section class=\"section pb-0\" id=\"section_955752795\">\n\t\t<div class=\"bg section-bg fill bg-fill  bg-loaded\" >\n\n\t\t\t\n\t\t\t\n\t\t\t\n\n\t\t<\/div>\n\n\t\t\n\n\t\t<div class=\"section-content relative\">\n\t\t\t\n\n<div class=\"row\"  id=\"row-631838053\">\n\n\n\t<div id=\"col-2075735873\" class=\"col mb-0 pb-0 small-12 large-12\"  >\n\t\t\t\t<div class=\"col-inner\"  >\n\t\t\t\n\t\t\t\n\n\n\t\t<div class=\"icon-box featured-box icon-box-left text-left\"  >\n\t\t\t\t\t<div class=\"icon-box-img\" style=\"width: 60px\">\n\t\t\t\t<div class=\"icon\">\n\t\t\t\t\t<div class=\"icon-inner\" >\n\t\t\t\t\t\t<img width=\"64\" height=\"64\" src=\"https:\/\/www.ibikecuneo.com\/wp-content\/uploads\/2022\/06\/icons8-tour-64.png\" class=\"attachment-medium size-medium\" alt=\"\" decoding=\"async\" loading=\"lazy\" \/>\t\t\t\t\t<\/div>\n\t\t\t\t<\/div>\n\t\t\t<\/div>\n\t\t\t\t<div class=\"icon-box-text last-reset\">\n\t\t\t\t\t\t\t\t\t\n\n<h2>Routes<\/h2>\n\n\t\t<\/div>\n\t<\/div>\n\t\n\t\n\n\t\t<\/div>\n\t\t\t\t\t<\/div>\n\n\t\n\n<\/div>\n\t<div id=\"gap-265527660\" class=\"gap-element clearfix\" style=\"display:block; height:auto;\">\n\t\t\n<style>\n#gap-265527660 {\n  padding-top: 30px;\n}\n<\/style>\n\t<\/div>\n\t\n\n<div class=\"row row-small align-equal\"  id=\"row-1546661550\">\n\n\n\t<div id=\"col-1981077240\" class=\"col medium-4 small-12 large-4\"  >\n\t\t\t\t<div class=\"col-inner\"  >\n\t\t\t\n\t\t\t\n\n\t<div class=\"box has-hover   has-hover box-push box-text-bottom\" >\n\n\t\t<div class=\"box-image\" >\n\t\t\t<a href=\"https:\/\/www.ibikecuneo.com\/fr\/routes\/a-la-decouverte-de-coni-et-du-parc-fluvial-gesso-et-stura\/\"  >\t\t\t<div class=\"image-zoom image-cover\" style=\"padding-top:70%;\">\n\t\t\t\t<img width=\"1165\" height=\"641\" src=\"https:\/\/www.ibikecuneo.com\/wp-content\/uploads\/2022\/06\/img258.jpg\" class=\"attachment- size-\" alt=\"\" decoding=\"async\" loading=\"lazy\" srcset=\"https:\/\/www.ibikecuneo.com\/wp-content\/uploads\/2022\/06\/img258.jpg 1165w, https:\/\/www.ibikecuneo.com\/wp-content\/uploads\/2022\/06\/img258-300x165.jpg 300w, https:\/\/www.ibikecuneo.com\/wp-content\/uploads\/2022\/06\/img258-1024x563.jpg 1024w, https:\/\/www.ibikecuneo.com\/wp-content\/uploads\/2022\/06\/img258-768x423.jpg 768w\" sizes=\"(max-width: 1165px) 100vw, 1165px\" \/>\t\t\t\t\t\t\t\t\t\t\t<\/div>\n\t\t\t<\/a>\t\t<\/div>\n\n\t\t<div class=\"box-text text-center\" style=\"background-color:rgb(255, 255, 255);padding:20px 5% 20px 5%;\">\n\t\t\t<div class=\"box-text-inner\">\n\t\t\t\t\n\n<p>\u00c0 la d\u00e9couverte de Coni et du Parc fluvial Gesso et Stura<\/p>\n<a href=\"https:\/\/www.ibikecuneo.com\/fr\/routes\/a-la-decouverte-de-coni-et-du-parc-fluvial-gesso-et-stura\/\" target=\"_self\" class=\"button primary is-underline\"  >\n    <span>Plus d'infos<\/span>\n  <\/a>\n\n\n\n\t\t\t<\/div>\n\t\t<\/div>\n\t<\/div>\n\t\n\n\t\t<\/div>\n\t\t\t\t\t<\/div>\n\n\t\n\n\t<div id=\"col-1124895743\" class=\"col medium-4 small-12 large-4\"  >\n\t\t\t\t<div class=\"col-inner\"  >\n\t\t\t\n\t\t\t\n\n\t<div class=\"box has-hover   has-hover box-push box-text-bottom\" >\n\n\t\t<div class=\"box-image\" >\n\t\t\t<a href=\"https:\/\/www.ibikecuneo.com\/fr\/routes\/pedaler-entre-art-et-nature-coni-le-val-grana-et-le-val-maira\/\"  >\t\t\t<div class=\"image-zoom image-cover\" style=\"padding-top:70%;\">\n\t\t\t\t<img width=\"1166\" height=\"603\" src=\"https:\/\/www.ibikecuneo.com\/wp-content\/uploads\/2022\/06\/img322.jpg\" class=\"attachment- size-\" alt=\"\" decoding=\"async\" loading=\"lazy\" srcset=\"https:\/\/www.ibikecuneo.com\/wp-content\/uploads\/2022\/06\/img322.jpg 1166w, https:\/\/www.ibikecuneo.com\/wp-content\/uploads\/2022\/06\/img322-300x155.jpg 300w, https:\/\/www.ibikecuneo.com\/wp-content\/uploads\/2022\/06\/img322-1024x530.jpg 1024w, https:\/\/www.ibikecuneo.com\/wp-content\/uploads\/2022\/06\/img322-768x397.jpg 768w\" sizes=\"(max-width: 1166px) 100vw, 1166px\" \/>\t\t\t\t\t\t\t\t\t\t\t<\/div>\n\t\t\t<\/a>\t\t<\/div>\n\n\t\t<div class=\"box-text text-center\" style=\"background-color:rgb(255, 255, 255);padding:20px 5% 20px 5%;\">\n\t\t\t<div class=\"box-text-inner\">\n\t\t\t\t\n\n<p>P\u00e9daler entre art et nature: Coni, le Val Grana et le Val Maira<\/p>\n<a href=\"https:\/\/www.ibikecuneo.com\/fr\/routes\/pedaler-entre-art-et-nature-coni-le-val-grana-et-le-val-maira\/\" target=\"_self\" class=\"button primary is-underline\"  >\n    <span>Plus d'infos<\/span>\n  <\/a>\n\n\n\n\t\t\t<\/div>\n\t\t<\/div>\n\t<\/div>\n\t\n\n\t\t<\/div>\n\t\t\t\t\t<\/div>\n\n\t\n\n\t<div id=\"col-1226814501\" class=\"col medium-4 small-12 large-4\"  >\n\t\t\t\t<div class=\"col-inner\"  >\n\t\t\t\n\t\t\t\n\n\t<div class=\"box has-hover   has-hover box-push box-text-bottom\" >\n\n\t\t<div class=\"box-image\" >\n\t\t\t<a href=\"https:\/\/www.ibikecuneo.com\/fr\/routes\/a-velo-entre-coni-mondovi-vicoforte-et-chiusa-di-pesio\/\"  >\t\t\t<div class=\"image-zoom image-cover\" style=\"padding-top:70%;\">\n\t\t\t\t<img width=\"1165\" height=\"677\" src=\"https:\/\/www.ibikecuneo.com\/wp-content\/uploads\/2022\/07\/img381.jpg\" class=\"attachment- size-\" alt=\"\" decoding=\"async\" loading=\"lazy\" srcset=\"https:\/\/www.ibikecuneo.com\/wp-content\/uploads\/2022\/07\/img381.jpg 1165w, https:\/\/www.ibikecuneo.com\/wp-content\/uploads\/2022\/07\/img381-300x174.jpg 300w, https:\/\/www.ibikecuneo.com\/wp-content\/uploads\/2022\/07\/img381-1024x595.jpg 1024w, https:\/\/www.ibikecuneo.com\/wp-content\/uploads\/2022\/07\/img381-768x446.jpg 768w\" sizes=\"(max-width: 1165px) 100vw, 1165px\" \/>\t\t\t\t\t\t\t\t\t\t\t<\/div>\n\t\t\t<\/a>\t\t<\/div>\n\n\t\t<div class=\"box-text text-center\" style=\"background-color:rgb(255, 255, 255);padding:20px 5% 20px 5%;\">\n\t\t\t<div class=\"box-text-inner\">\n\t\t\t\t\n\n<p>\u00c0 v\u00e9lo entre Coni, Mondovi, Vicoforte et Chiusa di Pesio<\/p>\n<a href=\"https:\/\/www.ibikecuneo.com\/fr\/routes\/a-velo-entre-coni-mondovi-vicoforte-et-chiusa-di-pesio\/\" target=\"_self\" class=\"button primary is-underline\"  >\n    <span>Plus d'infos<\/span>\n  <\/a>\n\n\n\n\t\t\t<\/div>\n\t\t<\/div>\n\t<\/div>\n\t\n\n\t\t<\/div>\n\t\t\t\t\t<\/div>\n\n\t\n\n\n<style>\n#row-1546661550 > .col > .col-inner {\n  background-color: rgb(255,255,255);\n}\n<\/style>\n<\/div>\n<div class=\"row row-small align-equal align-center\"  id=\"row-772026194\">\n\n\n\t<div id=\"col-2092770553\" class=\"col medium-4 small-12 large-4\"  >\n\t\t\t\t<div class=\"col-inner\"  >\n\t\t\t\n\t\t\t\n\n\t<div class=\"box has-hover   has-hover box-push box-text-bottom\" >\n\n\t\t<div class=\"box-image\" >\n\t\t\t<a href=\"https:\/\/www.ibikecuneo.com\/fr\/routes\/de-coni-aux-thermes-de-valdieri-rouler-a-velo-entre-nature-et-bien-etre\/\"  >\t\t\t<div class=\"image-zoom image-cover\" style=\"padding-top:70%;\">\n\t\t\t\t<img width=\"1165\" height=\"544\" src=\"https:\/\/www.ibikecuneo.com\/wp-content\/uploads\/2022\/07\/img417.jpg\" class=\"attachment- size-\" alt=\"\" decoding=\"async\" loading=\"lazy\" srcset=\"https:\/\/www.ibikecuneo.com\/wp-content\/uploads\/2022\/07\/img417.jpg 1165w, https:\/\/www.ibikecuneo.com\/wp-content\/uploads\/2022\/07\/img417-300x140.jpg 300w, https:\/\/www.ibikecuneo.com\/wp-content\/uploads\/2022\/07\/img417-1024x478.jpg 1024w, https:\/\/www.ibikecuneo.com\/wp-content\/uploads\/2022\/07\/img417-768x359.jpg 768w\" sizes=\"(max-width: 1165px) 100vw, 1165px\" \/>\t\t\t\t\t\t\t\t\t\t\t<\/div>\n\t\t\t<\/a>\t\t<\/div>\n\n\t\t<div class=\"box-text text-center\" style=\"background-color:rgb(255, 255, 255);padding:20px 5% 20px 5%;\">\n\t\t\t<div class=\"box-text-inner\">\n\t\t\t\t\n\n<p>De Coni aux Thermes de Valdieri, rouler \u00e0 v\u00e9lo entre nature et bien-\u00eatre<\/p>\n<a href=\"https:\/\/www.ibikecuneo.com\/fr\/routes\/de-coni-aux-thermes-de-valdieri-rouler-a-velo-entre-nature-et-bien-etre\/\" target=\"_self\" class=\"button primary is-underline\"  >\n    <span>Plus d'infos<\/span>\n  <\/a>\n\n\n\n\t\t\t<\/div>\n\t\t<\/div>\n\t<\/div>\n\t\n\n\t\t<\/div>\n\t\t\t\t\t<\/div>\n\n\t\n\n\t<div id=\"col-1781002694\" class=\"col medium-4 small-12 large-4\"  >\n\t\t\t\t<div class=\"col-inner\"  >\n\t\t\t\n\t\t\t\n\n\t<div class=\"box has-hover   has-hover box-push box-text-bottom\" >\n\n\t\t<div class=\"box-image\" >\n\t\t\t<a href=\"#\"  >\t\t\t<div class=\"image-zoom image-cover\" style=\"padding-top:70%;\">\n\t\t\t\t<img width=\"2000\" height=\"1499\" src=\"https:\/\/www.ibikecuneo.com\/wp-content\/uploads\/2022\/10\/Foto-di-Apertura-Forte-centrale-del-Colle-di-Tenda-FOTO-ALESSANDRO-BELTRAME.jpg\" class=\"attachment- size-\" alt=\"\" decoding=\"async\" loading=\"lazy\" srcset=\"https:\/\/www.ibikecuneo.com\/wp-content\/uploads\/2022\/10\/Foto-di-Apertura-Forte-centrale-del-Colle-di-Tenda-FOTO-ALESSANDRO-BELTRAME.jpg 2000w, https:\/\/www.ibikecuneo.com\/wp-content\/uploads\/2022\/10\/Foto-di-Apertura-Forte-centrale-del-Colle-di-Tenda-FOTO-ALESSANDRO-BELTRAME-300x225.jpg 300w, https:\/\/www.ibikecuneo.com\/wp-content\/uploads\/2022\/10\/Foto-di-Apertura-Forte-centrale-del-Colle-di-Tenda-FOTO-ALESSANDRO-BELTRAME-1024x767.jpg 1024w, https:\/\/www.ibikecuneo.com\/wp-content\/uploads\/2022\/10\/Foto-di-Apertura-Forte-centrale-del-Colle-di-Tenda-FOTO-ALESSANDRO-BELTRAME-768x576.jpg 768w, https:\/\/www.ibikecuneo.com\/wp-content\/uploads\/2022\/10\/Foto-di-Apertura-Forte-centrale-del-Colle-di-Tenda-FOTO-ALESSANDRO-BELTRAME-1536x1151.jpg 1536w\" sizes=\"(max-width: 2000px) 100vw, 2000px\" \/>\t\t\t\t\t\t\t\t\t\t\t<\/div>\n\t\t\t<\/a>\t\t<\/div>\n\n\t\t<div class=\"box-text text-center\" style=\"background-color:rgb(255, 255, 255);padding:20px 5% 20px 5%;\">\n\t\t\t<div class=\"box-text-inner\">\n\t\t\t\t\n\n<p>De Cuneo au Col de Tende, \u00e0 v\u00e9lo le long d\u2019une ancienne route du sel<\/p>\n<a href=\"https:\/\/www.ibikecuneo.com\/fr\/routes\/de-cuneo-au-col-de-tende-a-velo-le-long-dune-ancienne-route-du-sel\/\" target=\"_self\" class=\"button primary is-underline\"  >\n    <span>Plus d'infos<\/span>\n  <\/a>\n\n\n\n\t\t\t<\/div>\n\t\t<\/div>\n\t<\/div>\n\t\n\n\t\t<\/div>\n\t\t\t\t\t<\/div>\n\n\t\n\n\n<style>\n#row-772026194 > .col > .col-inner {\n  background-color: rgb(255,255,255);\n}\n<\/style>\n<\/div>\n\n\t\t<\/div>\n\n\t\t\n<style>\n#section_955752795 {\n  padding-top: 30px;\n  padding-bottom: 30px;\n  background-color: rgb(244, 244, 244);\n}\n#section_955752795 .ux-shape-divider--top svg {\n  height: 150px;\n  --divider-top-width: 100%;\n}\n#section_955752795 .ux-shape-divider--bottom svg {\n  height: 150px;\n  --divider-width: 100%;\n}\n<\/style>\n\t<\/section>\n\t\n\t<section class=\"section dark\" id=\"section_684687092\">\n\t\t<div class=\"bg section-bg fill bg-fill  bg-loaded\" >\n\n\t\t\t\n\t\t\t\n\t\t\t\n\n\t\t<\/div>\n\n\t\t\n\n\t\t<div class=\"section-content relative\">\n\t\t\t\n\n<div class=\"row\"  id=\"row-1062831118\">\n\n\n\t<div id=\"col-346208417\" class=\"col pb-1 medium-4 small-12 large-4\"  >\n\t\t\t\t<div class=\"col-inner\"  >\n\t\t\t\n\t\t\t\n\n\n\t\t<div class=\"icon-box featured-box icon-box-center text-center\"  >\n\t\t\t\t\t<div class=\"icon-box-img\" style=\"width: 60px\">\n\t\t\t\t<div class=\"icon\">\n\t\t\t\t\t<div class=\"icon-inner\" >\n\t\t\t\t\t\t<img width=\"64\" height=\"64\" src=\"https:\/\/www.ibikecuneo.com\/wp-content\/uploads\/2022\/06\/icons8-nature-64.png\" class=\"attachment-medium size-medium\" alt=\"\" decoding=\"async\" loading=\"lazy\" \/>\t\t\t\t\t<\/div>\n\t\t\t\t<\/div>\n\t\t\t<\/div>\n\t\t\t\t<div class=\"icon-box-text last-reset\">\n\t\t\t\t\t\t\t\t\t\n\n\t<div id=\"text-1397976692\" class=\"text\">\n\t\t\n\n<h3>Parcs et r\u00e9serves naturelles<\/h3>\n<a href=\"https:\/\/www.ibikecuneo.com\/fr\/parcs-et-reserves-naturelles-de-la-region-de-coni\/\" target=\"_self\" class=\"button white is-is-outline white is-small\"  >\n    <span>Explorez<\/span>\n  <\/a>\n\n\t\t\n<style>\n#text-1397976692 {\n  text-align: center;\n}\n<\/style>\n\t<\/div>\n\t\n\n\t\t<\/div>\n\t<\/div>\n\t\n\t\n\n\t\t<\/div>\n\t\t\t\t\t<\/div>\n\n\t\n\n\t<div id=\"col-1416484105\" class=\"col pb-1 medium-4 small-12 large-4\"  >\n\t\t\t\t<div class=\"col-inner\"  >\n\t\t\t\n\t\t\t\n\n\n\t\t<div class=\"icon-box featured-box icon-box-center text-center\"  >\n\t\t\t\t\t<div class=\"icon-box-img\" style=\"width: 60px\">\n\t\t\t\t<div class=\"icon\">\n\t\t\t\t\t<div class=\"icon-inner\" >\n\t\t\t\t\t\t<img width=\"64\" height=\"64\" src=\"https:\/\/www.ibikecuneo.com\/wp-content\/uploads\/2022\/06\/icons8-violin-64.png\" class=\"attachment-medium size-medium\" alt=\"\" decoding=\"async\" loading=\"lazy\" \/>\t\t\t\t\t<\/div>\n\t\t\t\t<\/div>\n\t\t\t<\/div>\n\t\t\t\t<div class=\"icon-box-text last-reset\">\n\t\t\t\t\t\t\t\t\t\n\n\t<div id=\"text-2236155791\" class=\"text\">\n\t\t\n\n<h3>En voyage dans le baroque<\/h3>\n<a href=\"https:\/\/www.ibikecuneo.com\/fr\/en-voyage-dans-le-baroque\/\" target=\"_self\" class=\"button white is-is-outline white is-small\"  >\n    <span>Explorez<\/span>\n  <\/a>\n\n\t\t\n<style>\n#text-2236155791 {\n  text-align: center;\n}\n<\/style>\n\t<\/div>\n\t\n\n\t\t<\/div>\n\t<\/div>\n\t\n\t\n\n\t\t<\/div>\n\t\t\t\t\t<\/div>\n\n\t\n\n\t<div id=\"col-1162843713\" class=\"col pb-1 medium-4 small-12 large-4\"  >\n\t\t\t\t<div class=\"col-inner\"  >\n\t\t\t\n\t\t\t\n\n\n\t\t<div class=\"icon-box featured-box icon-box-center text-center\"  >\n\t\t\t\t\t<div class=\"icon-box-img\" style=\"width: 60px\">\n\t\t\t\t<div class=\"icon\">\n\t\t\t\t\t<div class=\"icon-inner\" >\n\t\t\t\t\t\t<img width=\"64\" height=\"64\" src=\"https:\/\/www.ibikecuneo.com\/wp-content\/uploads\/2022\/06\/icons8-healthy-food-64.png\" class=\"attachment-medium size-medium\" alt=\"\" decoding=\"async\" loading=\"lazy\" \/>\t\t\t\t\t<\/div>\n\t\t\t\t<\/div>\n\t\t\t<\/div>\n\t\t\t\t<div class=\"icon-box-text last-reset\">\n\t\t\t\t\t\t\t\t\t\n\n\t<div id=\"text-146079756\" class=\"text\">\n\t\t\n\n<h3>Les saveurs de la r\u00e9gion de Coni<\/h3>\n<a href=\"https:\/\/www.ibikecuneo.com\/fr\/les-saveurs-de-la-region-de-coni\/\" target=\"_self\" class=\"button white is-is-outline white is-small\"  >\n    <span>Explorez<\/span>\n  <\/a>\n\n\t\t\n<style>\n#text-146079756 {\n  text-align: center;\n}\n<\/style>\n\t<\/div>\n\t\n\n\t\t<\/div>\n\t<\/div>\n\t\n\t\n\n\t\t<\/div>\n\t\t\t\t\t<\/div>\n\n\t\n\n<\/div>\n\n\t\t<\/div>\n\n\t\t\n<style>\n#section_684687092 {\n  padding-top: 30px;\n  padding-bottom: 30px;\n  background-color: rgb(40, 40, 40);\n}\n#section_684687092 .ux-shape-divider--top svg {\n  height: 150px;\n  --divider-top-width: 100%;\n}\n#section_684687092 .ux-shape-divider--bottom svg {\n  height: 150px;\n  --divider-width: 100%;\n}\n<\/style>\n\t<\/section>\n\t\n\t<section class=\"section\" id=\"section_643211866\">\n\t\t<div class=\"bg section-bg fill bg-fill  bg-loaded\" >\n\n\t\t\t\n\t\t\t\n\t\t\t\n\n\t\t<\/div>\n\n\t\t\n\n\t\t<div class=\"section-content relative\">\n\t\t\t\n\n\t\t<div class=\"hidden\">\n\t\t\t\t\n\n<iframe loading=\"lazy\" src=\"https:\/\/testserver.carraro-lab.com\/vr\/testMartino\/tour\/\" width=\"100%\" height=\"600px\" frameborder=\"0\"><\/iframe>\n\t\t<\/div>\n\t\n\n\t\t<\/div>\n\n\t\t\n<style>\n#section_643211866 {\n  padding-top: 0px;\n  padding-bottom: 0px;\n}\n#section_643211866 .ux-shape-divider--top svg {\n  height: 150px;\n  --divider-top-width: 100%;\n}\n#section_643211866 .ux-shape-divider--bottom svg {\n  height: 150px;\n  --divider-width: 100%;\n}\n<\/style>\n\t<\/section>\n\t\n\t<section class=\"section\" id=\"section_675113498\">\n\t\t<div class=\"bg section-bg fill bg-fill  bg-loaded\" >\n\n\t\t\t\n\t\t\t\n\t\t\t\n\n\t\t<\/div>\n\n\t\t\n\n\t\t<div class=\"section-content relative\">\n\t\t\t\n\n<div class=\"row row-collapse row-full-width align-middle align-center\"  id=\"row-1385234433\">\n\n\n\t<div id=\"col-365185060\" class=\"col medium-12 small-12 large-6 medium-col-first\"  >\n\t\t\t\t<div class=\"col-inner\"  >\n\t\t\t\n\t\t\t\n\n\n  <div class=\"banner has-hover\" id=\"banner-1097741406\">\n          <div class=\"banner-inner fill\">\n        <div class=\"banner-bg fill\" >\n            <div class=\"bg fill bg-fill \"><\/div>\n                                    \n                    <\/div>\n\t\t\n        <div class=\"banner-layers container\">\n            <div class=\"fill banner-link\"><\/div>            \n\n\n        <\/div>\n      <\/div>\n\n            \n<style>\n#banner-1097741406 {\n  padding-top: 300px;\n  background-color: rgba(255, 255, 255, 0);\n}\n#banner-1097741406 .bg.bg-loaded {\n  background-image: url(https:\/\/www.ibikecuneo.com\/wp-content\/uploads\/2022\/07\/img414-1024x595.jpg);\n}\n#banner-1097741406 .bg {\n  background-position: 53% 69%;\n}\n#banner-1097741406 .ux-shape-divider--top svg {\n  height: 150px;\n  --divider-top-width: 100%;\n}\n#banner-1097741406 .ux-shape-divider--bottom svg {\n  height: 150px;\n  --divider-width: 100%;\n}\n@media (min-width:550px) {\n  #banner-1097741406 {\n    padding-top: 400px;\n  }\n}\n@media (min-width:850px) {\n  #banner-1097741406 {\n    padding-top: 550px;\n  }\n}\n<\/style>\n  <\/div>\n\n\n\n\t\t<\/div>\n\t\t\t\t\t<\/div>\n\n\t\n\n\t<div id=\"col-646618307\" class=\"col index-up medium-12 small-11 large-6\"  >\n\t\t\t\t<div class=\"col-inner\"  >\n\t\t\t\n\t\t\t\n\n\t<div id=\"gap-1536211307\" class=\"gap-element clearfix\" style=\"display:block; height:auto;\">\n\t\t\n<style>\n#gap-1536211307 {\n  padding-top: 30px;\n}\n<\/style>\n\t<\/div>\n\t\n\n<div class=\"row align-center\"  id=\"row-975009447\">\n\n\n\t<div id=\"col-764578394\" class=\"col index-up medium-11 small-12 large-12\"  >\n\t\t\t\t<div class=\"col-inner text-center\" style=\"background-color:rgb(255, 255, 255);\" >\n\t\t\t\n\t\t\t\n\n<p>\u00abLe paysage est le r\u00e9sultat d\u2019un entrelacement entre nature, histoire et culture. C\u2019est le produit d\u2019une histoire humaine et culturelle qui a \u00e9t\u00e9 g\u00e9n\u00e9r\u00e9e \u00e0 travers des contaminations, des \u00e9changes, des emprunts, des rencontres, des voyages et des conflits, des malentendus et des d\u00e9formations (&#8230;) Il englobe des mat\u00e9riaux, des histoires, la nature, des positions culturelles et civiles\u00bb<\/p>\n\t<div id=\"stack-2540009726\" class=\"stack stack-row justify-center items-stretch sm:stack-col\">\n\t\t\n\n<a href=\"https:\/\/www.ibikecuneo.com\/fr\/le-projet\/\" target=\"_self\" class=\"button primary\"  style=\"border-radius:5px;padding:5px 20px 5px 20px;\">\n    <span>Le projet<\/span>\n  <\/a>\n\n\n<a href=\"https:\/\/www.ibikecuneo.com\/fr\/services\/\" target=\"_self\" class=\"button primary is-outline\"  style=\"border-radius:5px;padding:5px 20px 5px 20px;\">\n    <span>Services<\/span>\n  <\/a>\n\n\n\n\t\t\n<style>\n#stack-2540009726 > * {\n  --stack-gap: 0.5rem;\n}\n<\/style>\n\t<\/div>\n\t\n\n\t\t<\/div>\n\t\t\t\t\n<style>\n#col-764578394 > .col-inner {\n  padding: 15% 10% 15% 10%;\n  margin: -100px 0px 0px 0px;\n  border-radius: 5px;\n}\n@media (min-width:550px) {\n  #col-764578394 > .col-inner {\n    padding: 6% 6% 6% 6%;\n    margin: -150px 0px 0px 0px;\n  }\n}\n@media (min-width:850px) {\n  #col-764578394 > .col-inner {\n    padding: 7% 10% 7% 10%;\n    margin: 0px 0px 0px -100px;\n  }\n}\n<\/style>\n\t<\/div>\n\n\t\n\n<\/div>\n\n\t\t<\/div>\n\t\t\t\t\n<style>\n#col-646618307 > .col-inner {\n  padding: 10px 0px 20px 0px;\n}\n@media (min-width:550px) {\n  #col-646618307 > .col-inner {\n    padding: 35px 0px 30px 0px;\n  }\n}\n@media (min-width:850px) {\n  #col-646618307 > .col-inner {\n    padding: 0 0px 0px 0px;\n  }\n}\n<\/style>\n\t<\/div>\n\n\t\n\n<\/div>\n\n\t\t<\/div>\n\n\t\t\n<style>\n#section_675113498 {\n  padding-top: 0px;\n  padding-bottom: 0px;\n  margin-bottom: 0px;\n  background-color: #00a29d;\n}\n#section_675113498 .ux-shape-divider--top svg {\n  height: 150px;\n  --divider-top-width: 100%;\n}\n#section_675113498 .ux-shape-divider--bottom svg {\n  height: 150px;\n  --divider-width: 100%;\n}\n@media (min-width:550px) {\n  #section_675113498 {\n    padding-top: 0px;\n    padding-bottom: 0px;\n  }\n}\n<\/style>\n\t<\/section>\n\t\n\n","protected":false},"excerpt":{"rendered":"","protected":false},"author":1,"featured_media":0,"parent":0,"menu_order":1,"comment_status":"closed","ping_status":"closed","template":"","meta":[],"_links":{"self":[{"href":"https:\/\/www.ibikecuneo.com\/fr\/wp-json\/wp\/v2\/pages\/1221"}],"collection":[{"href":"https:\/\/www.ibikecuneo.com\/fr\/wp-json\/wp\/v2\/pages"}],"about":[{"href":"https:\/\/www.ibikecuneo.com\/fr\/wp-json\/wp\/v2\/types\/page"}],"author":[{"embeddable":true,"href":"https:\/\/www.ibikecuneo.com\/fr\/wp-json\/wp\/v2\/users\/1"}],"replies":[{"embeddable":true,"href":"https:\/\/www.ibikecuneo.com\/fr\/wp-json\/wp\/v2\/comments?post=1221"}],"version-history":[{"count":20,"href":"https:\/\/www.ibikecuneo.com\/fr\/wp-json\/wp\/v2\/pages\/1221\/revisions"}],"predecessor-version":[{"id":1826,"href":"https:\/\/www.ibikecuneo.com\/fr\/wp-json\/wp\/v2\/pages\/1221\/revisions\/1826"}],"wp:attachment":[{"href":"https:\/\/www.ibikecuneo.com\/fr\/wp-json\/wp\/v2\/media?parent=1221"}],"curies":[{"name":"wp","href":"https:\/\/api.w.org\/{rel}","templated":true}]}}