{"id":1554,"date":"2022-07-08T09:19:46","date_gmt":"2022-07-08T09:19:46","guid":{"rendered":"https:\/\/www.ibikecuneo.com\/routes\/de-cuneo-au-col-de-tende-a-velo-le-long-dune-ancienne-route-du-sel\/"},"modified":"2022-10-14T15:30:12","modified_gmt":"2022-10-14T15:30:12","slug":"de-cuneo-au-col-de-tende-a-velo-le-long-dune-ancienne-route-du-sel","status":"publish","type":"page","link":"https:\/\/www.ibikecuneo.com\/fr\/routes\/de-cuneo-au-col-de-tende-a-velo-le-long-dune-ancienne-route-du-sel\/","title":{"rendered":"De Cuneo au Col de Tende, \u00e0 v\u00e9lo le long d\u2019une ancienne route du sel"},"content":{"rendered":"\n\t<section class=\"section\" id=\"section_2147452093\">\n\t\t<div class=\"bg section-bg fill bg-fill  \" >\n\n\t\t\t\n\t\t\t<div class=\"section-bg-overlay absolute fill\"><\/div>\n\t\t\t\n\t<div class=\"is-border\"\n\t\tstyle=\"border-color:rgb(235, 235, 235);border-width:1px 0px 0px 0px;\">\n\t<\/div>\n\n\t\t<\/div>\n\n\t\t\n\n\t\t<div class=\"section-content relative\">\n\t\t\t\n\n<div class=\"row row-large align-middle align-center\"  id=\"row-1741952685\">\n\n\n\t<div id=\"col-946903839\" class=\"col medium-8 small-12 large-8\"  >\n\t\t\t\t<div class=\"col-inner text-center dark\"  >\n\t\t\t\n\t\t\t\n\n<p> <\/p>\n<h2><strong>De Cuneo au Col de Tende, \u00e0 v\u00e9lo le long d\u2019une ancienne route du sel<\/strong><\/h2>\n<p>Les vall\u00e9es de la Roya et de la Vermenagna sont travers\u00e9es par une voie de communication entre les deux flancs des Alpes qui \u00e9tait d\u00e9j\u00e0 utilis\u00e9e \u00e0 l&rsquo;\u00e9poque pr\u00e9romaine. Aujourd&rsquo;hui, cet itin\u00e9raire fait partie de l&rsquo;EuroVelo8, un itin\u00e9raire cyclable de 5900 kilom\u00e8tres qui relie Chypre et la Gr\u00e8ce \u00e0 l&rsquo;Espagne.<\/p>\n\n\t\t<\/div>\n\t\t\t\t\t<\/div>\n\n\t\n\n\t<div id=\"col-1969142248\" class=\"col medium-4 small-12 large-4\"  data-animate=\"flipInY\">\n\t\t\t\t<div class=\"col-inner text-left box-shadow-2 box-shadow-5-hover\" style=\"background-color:rgb(255, 255, 255);\" >\n\t\t\t\n\t\t\t\n\n\n\t\t<div class=\"icon-box featured-box icon-box-left text-left\"  style=\"margin:0px 0px 10px 0px;\">\n\t\t\t\t\t<div class=\"icon-box-img\" style=\"width: 50px\">\n\t\t\t\t<div class=\"icon\">\n\t\t\t\t\t<div class=\"icon-inner\" >\n\t\t\t\t\t\t<img width=\"64\" height=\"64\" src=\"https:\/\/www.ibikecuneo.com\/wp-content\/uploads\/2022\/06\/icons8-cycling-64.png\" class=\"attachment-medium size-medium\" alt=\"\" decoding=\"async\" loading=\"lazy\" \/>\t\t\t\t\t<\/div>\n\t\t\t\t<\/div>\n\t\t\t<\/div>\n\t\t\t\t<div class=\"icon-box-text last-reset\">\n\t\t\t<h5 class=\"uppercase\">Longueur<\/h5>\t\t\t\t\t\t\n\n<h4>50 km<\/h4>\n\n\t\t<\/div>\n\t<\/div>\n\t\n\t\n\n\t\t<div class=\"icon-box featured-box icon-box-left text-left\"  style=\"margin:0px 0px 10px 0px;\">\n\t\t\t\t\t<div class=\"icon-box-img\" style=\"width: 50px\">\n\t\t\t\t<div class=\"icon\">\n\t\t\t\t\t<div class=\"icon-inner\" >\n\t\t\t\t\t\t<img width=\"64\" height=\"64\" src=\"https:\/\/www.ibikecuneo.com\/wp-content\/uploads\/2022\/06\/icons8-elevation-64.png\" class=\"attachment-medium size-medium\" alt=\"\" decoding=\"async\" loading=\"lazy\" \/>\t\t\t\t\t<\/div>\n\t\t\t\t<\/div>\n\t\t\t<\/div>\n\t\t\t\t<div class=\"icon-box-text last-reset\">\n\t\t\t<h5 class=\"uppercase\">Diff\u00e9rence de hauteur<\/h5>\t\t\t\t\t\t\n\n<h4>1750 m<\/h4>\n\n\t\t<\/div>\n\t<\/div>\n\t\n\t\n<a rel=\"noopener noreferrer\" href=\"https:\/\/ibikecuneo.s3.eu-south-1.amazonaws.com\/tracce-gpx\/anello5-borgosd-limone.gpx\" target=\"_blank\" class=\"button primary is-primary is-medium\"  >\n    <span>T\u00e9l\u00e9charger la piste<\/span>\n  <\/a>\n\n\n\n\t\t<\/div>\n\t\t\t\t\n<style>\n#col-1969142248 > .col-inner {\n  padding: 15px 15px 15px 15px;\n}\n<\/style>\n\t<\/div>\n\n\t\n\n<\/div>\n\n\t\t<\/div>\n\n\t\t\n<style>\n#section_2147452093 {\n  padding-top: 75px;\n  padding-bottom: 75px;\n  min-height: 300px;\n  background-color: rgb(171, 171, 171);\n}\n#section_2147452093 .section-bg-overlay {\n  background-color: rgba(0, 0, 0, 0.5);\n}\n#section_2147452093 .section-bg.bg-loaded {\n  background-image: url(https:\/\/www.ibikecuneo.com\/wp-content\/uploads\/2022\/10\/Foto-di-Apertura-Forte-centrale-del-Colle-di-Tenda-FOTO-ALESSANDRO-BELTRAME.jpg);\n}\n#section_2147452093 .section-bg {\n  background-position: 59% 53%;\n}\n#section_2147452093 .ux-shape-divider--top svg {\n  height: 150px;\n  --divider-top-width: 100%;\n}\n#section_2147452093 .ux-shape-divider--bottom svg {\n  height: 150px;\n  --divider-width: 100%;\n}\n<\/style>\n\t<\/section>\n\t\n\t<section class=\"section\" id=\"section_1460029517\">\n\t\t<div class=\"bg section-bg fill bg-fill  bg-loaded\" >\n\n\t\t\t\n\t\t\t\n\t\t\t\n\n\t\t<\/div>\n\n\t\t\n\n\t\t<div class=\"section-content relative\">\n\t\t\t\n\n<div class=\"row\"  id=\"row-1303243340\">\n\n\n\t<div id=\"col-227446382\" class=\"col small-12 large-12\"  >\n\t\t\t\t<div class=\"col-inner\"  >\n\t\t\t\n\t\t\t\n\n<h2>Segmenti<\/h2>\n<p class=\"lead shortcode-error text-center\">Sorry, no pages was found<\/p>  <style>\n    #pages-1656484034 .grid-col-1{height: 200px}\n    #pages-1656484034 .grid-col-1-2{height: 100px}\n    #pages-1656484034 .grid-col-1-3{height:66.666666666667px}\n    #pages-1656484034 .grid-col-2-3{height: 133.33333333333px}\n    #pages-1656484034 .grid-col-1-4{height: 50px}\n    #pages-1656484034 .grid-col-3-4{height: 150px}\n\n\n        \/* Tablet *\/\n    @media (max-width: 850px){\n      #pages-1656484034 .grid-col-1{height: 133.33333333333px}\n      #pages-1656484034 .grid-col-1-2{height: 66.666666666667px}\n      #pages-1656484034 .grid-col-1-3{height:44.444444444444px}\n      #pages-1656484034 .grid-col-2-3{height: 88.888888888889px}\n      #pages-1656484034 .grid-col-1-4{height: 33.333333333333px}\n      #pages-1656484034 .grid-col-3-4{height: 100px}\n    }\n    \n        \/* Mobile *\/\n    @media (max-width: 550px){\n      #pages-1656484034 .grid-col-1{height: 133.33333333333px}\n      #pages-1656484034 .grid-col-1-2{height: 66.666666666667px}\n      #pages-1656484034 .grid-col-1-3{height:44.444444444444px}\n      #pages-1656484034 .grid-col-2-3{height: 88.888888888889px}\n      #pages-1656484034 .grid-col-1-4{height: 33.333333333333px}\n      #pages-1656484034 .grid-col-3-4{height: 100px}\n    }\n    \n\n  <\/style>\n  \n  \n    <div id=\"pages-1656484034\" class=\"row row-grid\" data-packery-options='{\"itemSelector\": \".col\", \"gutter\": 0, \"presentageWidth\" : true}'>\n\n  <\/div>\n\n\n\t\t<\/div>\n\t\t\t\t\t<\/div>\n\n\t\n\n<\/div>\n\n\t\t<\/div>\n\n\t\t\n<style>\n#section_1460029517 {\n  padding-top: 60px;\n  padding-bottom: 60px;\n}\n#section_1460029517 .ux-shape-divider--top svg {\n  height: 150px;\n  --divider-top-width: 100%;\n}\n#section_1460029517 .ux-shape-divider--bottom svg {\n  height: 150px;\n  --divider-width: 100%;\n}\n<\/style>\n\t<\/section>\n\t\n\t<section class=\"section\" id=\"section_208718003\">\n\t\t<div class=\"bg section-bg fill bg-fill  bg-loaded\" >\n\n\t\t\t\n\t\t\t\n\t\t\t\n\n\t\t<\/div>\n\n\t\t\n\n\t\t<div class=\"section-content relative\">\n\t\t\t\n\n<div class=\"row\"  id=\"row-1927386870\">\n\n\n\t<div id=\"col-2032215933\" class=\"col small-12 large-12\"  >\n\t\t\t\t<div class=\"col-inner\"  >\n\t\t\t\n\t\t\t\n\n<h2>Carte<\/h2>\n\n\t\t<\/div>\n\t\t\t\t\t<\/div>\n\n\t\n\n<\/div>\n\n\n<iframe loading=\"lazy\" src=\"https:\/\/ibikecuneo.s3.eu-south-1.amazonaws.com\/percorso-5\/index.html\" width=\"100%\" height=\"600px\" frameborder=\"0\" ><\/iframe>\n\n\n\t\t<\/div>\n\n\t\t\n<style>\n#section_208718003 {\n  padding-top: 0px;\n  padding-bottom: 0px;\n}\n#section_208718003 .ux-shape-divider--top svg {\n  height: 150px;\n  --divider-top-width: 100%;\n}\n#section_208718003 .ux-shape-divider--bottom svg {\n  height: 150px;\n  --divider-width: 100%;\n}\n<\/style>\n\t<\/section>\n\t\n\n","protected":false},"excerpt":{"rendered":"","protected":false},"author":1,"featured_media":1675,"parent":1201,"menu_order":5,"comment_status":"closed","ping_status":"closed","template":"","meta":[],"_links":{"self":[{"href":"https:\/\/www.ibikecuneo.com\/fr\/wp-json\/wp\/v2\/pages\/1554"}],"collection":[{"href":"https:\/\/www.ibikecuneo.com\/fr\/wp-json\/wp\/v2\/pages"}],"about":[{"href":"https:\/\/www.ibikecuneo.com\/fr\/wp-json\/wp\/v2\/types\/page"}],"author":[{"embeddable":true,"href":"https:\/\/www.ibikecuneo.com\/fr\/wp-json\/wp\/v2\/users\/1"}],"replies":[{"embeddable":true,"href":"https:\/\/www.ibikecuneo.com\/fr\/wp-json\/wp\/v2\/comments?post=1554"}],"version-history":[{"count":7,"href":"https:\/\/www.ibikecuneo.com\/fr\/wp-json\/wp\/v2\/pages\/1554\/revisions"}],"predecessor-version":[{"id":1780,"href":"https:\/\/www.ibikecuneo.com\/fr\/wp-json\/wp\/v2\/pages\/1554\/revisions\/1780"}],"up":[{"embeddable":true,"href":"https:\/\/www.ibikecuneo.com\/fr\/wp-json\/wp\/v2\/pages\/1201"}],"wp:featuredmedia":[{"embeddable":true,"href":"https:\/\/www.ibikecuneo.com\/fr\/wp-json\/wp\/v2\/media\/1675"}],"wp:attachment":[{"href":"https:\/\/www.ibikecuneo.com\/fr\/wp-json\/wp\/v2\/media?parent=1554"}],"curies":[{"name":"wp","href":"https:\/\/api.w.org\/{rel}","templated":true}]}}